{"id":885,"date":"2016-09-07T15:55:27","date_gmt":"2016-09-07T13:55:27","guid":{"rendered":"http:\/\/algarrother.com\/wp\/?page_id=885"},"modified":"2023-11-28T11:59:23","modified_gmt":"2023-11-28T10:59:23","slug":"dr-heike-rompelberg","status":"publish","type":"page","link":"https:\/\/algarrother.com\/index.php\/de\/dr-heike-rompelberg\/","title":{"rendered":"Dr. Heike Rompelberg"},"content":{"rendered":"<p><div class=\"fusion-fullwidth fullwidth-box fusion-builder-row-1 nonhundred-percent-fullwidth non-hundred-percent-height-scrolling\" style=\"--awb-background-position:left top;--awb-border-sizes-top:0px;--awb-border-sizes-bottom:0px;--awb-border-sizes-left:0px;--awb-border-sizes-right:0px;--awb-border-radius-top-left:0px;--awb-border-radius-top-right:0px;--awb-border-radius-bottom-right:0px;--awb-border-radius-bottom-left:0px;--awb-padding-top:20px;--awb-padding-bottom:20px;--awb-flex-wrap:wrap;\" ><div class=\"fusion-builder-row fusion-row\"><div class=\"fusion-layout-column fusion_builder_column fusion-builder-column-0 fusion_builder_column_1_3 1_3 fusion-one-third fusion-column-first\" style=\"--awb-bg-size:cover;width:30.6666%; margin-right: 4%;\"><div class=\"fusion-column-wrapper fusion-flex-column-wrapper-legacy\"><div class=\"fusion-image-element in-legacy-container\" style=\"--awb-caption-title-font-family:var(--h2_typography-font-family);--awb-caption-title-font-weight:var(--h2_typography-font-weight);--awb-caption-title-font-style:var(--h2_typography-font-style);--awb-caption-title-size:var(--h2_typography-font-size);--awb-caption-title-transform:var(--h2_typography-text-transform);--awb-caption-title-line-height:var(--h2_typography-line-height);--awb-caption-title-letter-spacing:var(--h2_typography-letter-spacing);\"><span class=\" fusion-imageframe imageframe-none imageframe-1 hover-type-none\"><img decoding=\"async\" width=\"250\" height=\"250\" title=\"Heike-Rompelberg\" src=\"https:\/\/algarrother.com\/wp-content\/uploads\/2020\/09\/Heike-Rompelberg.png\" alt class=\"img-responsive wp-image-5250\" srcset=\"https:\/\/algarrother.com\/wp-content\/uploads\/2020\/09\/Heike-Rompelberg-200x200.png 200w, https:\/\/algarrother.com\/wp-content\/uploads\/2020\/09\/Heike-Rompelberg.png 250w\" sizes=\"(max-width: 800px) 100vw, 250px\" \/><\/span><\/div><div class=\"fusion-clearfix\"><\/div><\/div><\/div><div class=\"fusion-layout-column fusion_builder_column fusion-builder-column-1 fusion_builder_column_1_3 1_3 fusion-one-third\" style=\"--awb-bg-size:cover;width:30.6666%; margin-right: 4%;\"><div class=\"fusion-column-wrapper fusion-flex-column-wrapper-legacy\"><div class=\"fusion-text fusion-text-1\"><h1><strong>Dr. Heike Rompelberg<\/strong><\/h1>\n<h3><strong>Dipl.-Kauffrau<\/strong><br \/>\nCoach &amp; Consultant<\/h3>\n<h3><\/h3>\n<\/div><div class=\"fusion-clearfix\"><\/div><\/div><\/div><div class=\"fusion-layout-column fusion_builder_column fusion-builder-column-2 fusion_builder_column_1_3 1_3 fusion-one-third fusion-column-last\" style=\"--awb-bg-size:cover;--awb-margin-top:38px;width:30.6666%;\"><div class=\"fusion-column-wrapper fusion-flex-column-wrapper-legacy\"><div class=\"fusion-text fusion-text-2\"><h2>Kontakt<\/h2>\n<p>E-Mail: <a href=\"mailto:heike.rompelberg@algarrother.com\">heike.rompelberg@algarrother.com<\/a><\/p>\n<p><a href=\"http:\/\/algarrother.com\/wp-content\/uploads\/2016\/08\/dr_heike_rompelberg_visitenkarte.pdf\" target=\"_blank\" rel=\"noopener noreferrer\"><img decoding=\"async\" class=\"alignnone size-full wp-image-269\" src=\"http:\/\/algarrother.com\/wp-content\/uploads\/2016\/08\/visitenkarte.jpg\" alt=\"visitenkarte\" width=\"100\" height=\"35\" \/><\/a><\/p>\n<\/div><div class=\"fusion-clearfix\"><\/div><\/div><\/div><\/div><\/div><div class=\"fusion-fullwidth fullwidth-box fusion-builder-row-2 nonhundred-percent-fullwidth non-hundred-percent-height-scrolling\" style=\"--awb-background-position:left top;--awb-border-sizes-top:0px;--awb-border-sizes-bottom:0px;--awb-border-sizes-left:0px;--awb-border-sizes-right:0px;--awb-border-radius-top-left:0px;--awb-border-radius-top-right:0px;--awb-border-radius-bottom-right:0px;--awb-border-radius-bottom-left:0px;--awb-padding-top:20px;--awb-padding-bottom:20px;--awb-flex-wrap:wrap;\" ><div class=\"fusion-builder-row fusion-row\"><div class=\"fusion-layout-column fusion_builder_column fusion-builder-column-3 fusion_builder_column_1_1 1_1 fusion-one-full fusion-column-first fusion-column-last fusion-column-no-min-height\" style=\"--awb-bg-size:cover;--awb-margin-bottom:0px;\"><div class=\"fusion-column-wrapper fusion-flex-column-wrapper-legacy\"><div class=\"fusion-sep-clear\"><\/div><div class=\"fusion-separator fusion-full-width-sep\" style=\"margin-left: auto;margin-right: auto;width:100%;\"><div class=\"fusion-separator-border sep-single sep-solid\" style=\"--awb-height:20px;--awb-amount:20px;--awb-sep-color:#90d5f4;border-color:#90d5f4;border-top-width:1px;\"><\/div><\/div><div class=\"fusion-sep-clear\"><\/div><div class=\"fusion-clearfix\"><\/div><\/div><\/div><\/div><\/div><div class=\"fusion-fullwidth fullwidth-box fusion-builder-row-3 nonhundred-percent-fullwidth non-hundred-percent-height-scrolling\" style=\"--awb-background-position:left top;--awb-border-sizes-top:0px;--awb-border-sizes-bottom:0px;--awb-border-sizes-left:0px;--awb-border-sizes-right:0px;--awb-border-radius-top-left:0px;--awb-border-radius-top-right:0px;--awb-border-radius-bottom-right:0px;--awb-border-radius-bottom-left:0px;--awb-padding-top:20px;--awb-padding-bottom:20px;--awb-flex-wrap:wrap;\" ><div class=\"fusion-builder-row fusion-row\"><div class=\"fusion-layout-column fusion_builder_column fusion-builder-column-4 fusion_builder_column_1_3 1_3 fusion-one-third fusion-column-first\" style=\"--awb-bg-size:cover;width:30.6666%; margin-right: 4%;\"><div class=\"fusion-column-wrapper fusion-flex-column-wrapper-legacy\"><div class=\"fusion-text fusion-text-3\"><h2>Berufserfahrung<\/h2>\n<table>\n<tbody>\n<tr>\n<td style=\"vertical-align: top;\" width=\"85px;\"><strong>Seit 2013:<\/strong><\/td>\n<td>Beraterin, Coach und Trainerin bei Algar Rother Coaches &amp; Consultants<\/td>\n<\/tr>\n<tr>\n<td style=\"vertical-align: top;\" width=\"85px;\"><strong>2008-2013:<\/strong><\/td>\n<td>Beraterin und Trainerin bei Rother &amp; Partner<\/td>\n<\/tr>\n<\/tbody>\n<\/table>\n<ul>\n<li>Drei Jahre Personalleiterin in einem Start-Up-Unternehmen<\/li>\n<li>Drei Jahre Beraterin\/Projektleiterin in einer Unternehmens-\/ Personalmanagementberatung<\/li>\n<li>Sieben Jahre freie Mitarbeiterin in verschiedenen Unternehmens-\/Personalberatungen<\/li>\n<\/ul>\n<\/div><div class=\"fusion-clearfix\"><\/div><\/div><\/div><div class=\"fusion-layout-column fusion_builder_column fusion-builder-column-5 fusion_builder_column_1_3 1_3 fusion-one-third\" style=\"--awb-bg-size:cover;width:30.6666%; margin-right: 4%;\"><div class=\"fusion-column-wrapper fusion-flex-column-wrapper-legacy\"><div class=\"fusion-text fusion-text-4\"><h2>Aus- und Weiterbildung<\/h2>\n<ul>\n<li>Studium der Betriebswirtschaftslehre mit dem Schwerpunkt Arbeits- und Sozialpsychologie<\/li>\n<li>Promotion zum Dr. rer. pol. mit dem Thema: Nachfolgemanagement auf mittlerer Managementebene &#8211; Ein personalwirtschaftlicher und organisationspsychologischer Ansatz<\/li>\n<li>Coaching Aus- und Weiterbildungen (ComTeam, European Business School)<\/li>\n<li>Lizenzierung und Erfahrung im Bereich Pers\u00f6nlichkeits- und Arbeitstypologien<\/li>\n<li>Seminare zur Kommunikation (Schulz von Thun) sowie zur Transaktionsanalyse<\/li>\n<\/ul>\n<\/div><div class=\"fusion-clearfix\"><\/div><\/div><\/div><div class=\"fusion-layout-column fusion_builder_column fusion-builder-column-6 fusion_builder_column_1_3 1_3 fusion-one-third fusion-column-last\" style=\"--awb-bg-size:cover;width:30.6666%;\"><div class=\"fusion-column-wrapper fusion-flex-column-wrapper-legacy\"><div class=\"fusion-text fusion-text-5\"><h2>Beratungs- \/ Trainingsschwerpunkte<\/h2>\n<ul>\n<li>Moderation \/ Training von Workshops u.a. zur F\u00fchrung von versch. Arten von Mitarbeitergespr\u00e4chen, Interviewtechniken, Teamentwicklung, Change Management<\/li>\n<li>F\u00fchrungskr\u00e4fte- und Potenzialentwicklung<\/li>\n<li>Einzelcoaching f\u00fcr Fach- und F\u00fchrungskr\u00e4fte<br \/>\nAssessment und Development Center, Potenzialanalysen, Management Audits, 360\u00b0-Feedbacks<\/li>\n<li>Einf\u00fchrung von MbO- und Beurteilungssystemen<\/li>\n<\/ul>\n<\/div><div class=\"fusion-clearfix\"><\/div><\/div><\/div><\/div><\/div><div class=\"fusion-fullwidth fullwidth-box fusion-builder-row-4 nonhundred-percent-fullwidth non-hundred-percent-height-scrolling\" style=\"--awb-background-position:left top;--awb-border-sizes-top:0px;--awb-border-sizes-bottom:0px;--awb-border-sizes-left:0px;--awb-border-sizes-right:0px;--awb-border-radius-top-left:0px;--awb-border-radius-top-right:0px;--awb-border-radius-bottom-right:0px;--awb-border-radius-bottom-left:0px;--awb-padding-top:20px;--awb-padding-bottom:20px;--awb-flex-wrap:wrap;\" ><div class=\"fusion-builder-row fusion-row\"><div class=\"fusion-layout-column fusion_builder_column fusion-builder-column-7 fusion_builder_column_1_1 1_1 fusion-one-full fusion-column-first fusion-column-last fusion-column-no-min-height\" style=\"--awb-bg-size:cover;--awb-margin-bottom:0px;\"><div class=\"fusion-column-wrapper fusion-flex-column-wrapper-legacy\"><div class=\"fusion-sep-clear\"><\/div><div class=\"fusion-separator fusion-full-width-sep\" style=\"margin-left: auto;margin-right: auto;width:100%;\"><div class=\"fusion-separator-border sep-single sep-solid\" style=\"--awb-height:20px;--awb-amount:20px;--awb-sep-color:#90d5f4;border-color:#90d5f4;border-top-width:1px;\"><\/div><\/div><div class=\"fusion-sep-clear\"><\/div><div class=\"fusion-clearfix\"><\/div><\/div><\/div><\/div><\/div><div class=\"fusion-fullwidth fullwidth-box fusion-builder-row-5 nonhundred-percent-fullwidth non-hundred-percent-height-scrolling\" style=\"--awb-background-position:left top;--awb-border-sizes-top:0px;--awb-border-sizes-bottom:0px;--awb-border-sizes-left:0px;--awb-border-sizes-right:0px;--awb-border-radius-top-left:0px;--awb-border-radius-top-right:0px;--awb-border-radius-bottom-right:0px;--awb-border-radius-bottom-left:0px;--awb-padding-top:20px;--awb-padding-bottom:20px;--awb-flex-wrap:wrap;\" ><div class=\"fusion-builder-row fusion-row\"><div class=\"fusion-layout-column fusion_builder_column fusion-builder-column-8 fusion_builder_column_1_1 1_1 fusion-one-full fusion-column-first fusion-column-last\" style=\"--awb-bg-size:cover;\"><div class=\"fusion-column-wrapper fusion-flex-column-wrapper-legacy\"><div class=\"fusion-text fusion-text-6\"><h2 style=\"text-align: left;\">Auszug der Referenzkunden<\/h2>\n<\/div><div class=\"fusion-image-carousel fusion-image-carousel-fixed fusion-image-carousel-1 lightbox-enabled\"><div class=\"awb-carousel awb-swiper awb-swiper-carousel awb-carousel--carousel awb-swiper-dots-position-bottom\" data-layout=\"carousel\" data-autoplay=\"no\" data-autoplayspeed=\"2500\" data-autoplaypause=\"no\" data-columns=\"6\" data-columnsmedium=\"1\" data-columnssmall=\"1\" data-itemmargin=\"13\" data-itemwidth=\"180\" data-touchscroll=\"no\" data-freemode=\"no\" data-imagesize=\"fixed\" data-scrollitems=\"0\" data-centeredslides=\"no\" data-rotationangle=\"50\" data-depth=\"100\" data-speed=\"500\" data-shadow=\"no\" data-pagination=\"bullets\" style=\"--awb-columns:6;\"><div class=\"swiper-wrapper awb-image-carousel-wrapper fusion-flex-align-items-center\"><div class=\"swiper-slide\"><div class=\"fusion-carousel-item-wrapper\"><div class=\"fusion-image-wrapper hover-type-zoomin\"><a data-rel=\"iLightbox[image_carousel_1]\" data-title=\"boehringer_ingelheim\" aria-label=\"boehringer_ingelheim\" href=\"https:\/\/algarrother.com\/wp-content\/uploads\/2019\/10\/boehringer_ingelheim.png\" target=\"_self\"><img decoding=\"async\" width=\"250\" height=\"202\" src=\"https:\/\/algarrother.com\/wp-content\/uploads\/2019\/10\/boehringer_ingelheim-250x202.png\" class=\"attachment-blog-medium size-blog-medium\" alt=\"\" \/><\/a><\/div><\/div><\/div><div class=\"swiper-slide\"><div class=\"fusion-carousel-item-wrapper\"><div class=\"fusion-image-wrapper hover-type-zoomin\"><a data-rel=\"iLightbox[image_carousel_1]\" href=\"http:\/\/algarrother.com\/wp-content\/uploads\/2016\/08\/enbw_logo.png\" target=\"_self\"><img decoding=\"async\" src=\"http:\/\/algarrother.com\/wp-content\/uploads\/2016\/08\/enbw_logo.png\" alt=\"\"\/><\/a><\/div><\/div><\/div><div class=\"swiper-slide\"><div class=\"fusion-carousel-item-wrapper\"><div class=\"fusion-image-wrapper hover-type-zoomin\"><a data-rel=\"iLightbox[image_carousel_1]\" href=\"http:\/\/algarrother.com\/wp-content\/uploads\/2016\/08\/hitachi_logo.png\" target=\"_self\"><img decoding=\"async\" src=\"http:\/\/algarrother.com\/wp-content\/uploads\/2016\/08\/hitachi_logo.png\" alt=\"\"\/><\/a><\/div><\/div><\/div><div class=\"swiper-slide\"><div class=\"fusion-carousel-item-wrapper\"><div class=\"fusion-image-wrapper hover-type-zoomin\"><a data-rel=\"iLightbox[image_carousel_1]\" href=\"http:\/\/algarrother.com\/wp-content\/uploads\/2016\/08\/mannheim_business_school_logo.png\" target=\"_self\"><img decoding=\"async\" src=\"http:\/\/algarrother.com\/wp-content\/uploads\/2016\/08\/mannheim_business_school_logo.png\" alt=\"\"\/><\/a><\/div><\/div><\/div><div class=\"swiper-slide\"><div class=\"fusion-carousel-item-wrapper\"><div class=\"fusion-image-wrapper hover-type-zoomin\"><a data-rel=\"iLightbox[image_carousel_1]\" href=\"http:\/\/algarrother.com\/wp-content\/uploads\/2016\/08\/vodafone_logo.png\" target=\"_self\"><img decoding=\"async\" src=\"http:\/\/algarrother.com\/wp-content\/uploads\/2016\/08\/vodafone_logo.png\" alt=\"\"\/><\/a><\/div><\/div><\/div><div class=\"swiper-slide\"><div class=\"fusion-carousel-item-wrapper\"><div class=\"fusion-image-wrapper hover-type-zoomin\"><a data-rel=\"iLightbox[image_carousel_1]\" data-title=\"roche\" aria-label=\"roche\" href=\"https:\/\/algarrother.com\/wp-content\/uploads\/2020\/04\/roche.png\" target=\"_self\"><img decoding=\"async\" width=\"250\" height=\"202\" src=\"https:\/\/algarrother.com\/wp-content\/uploads\/2020\/04\/roche-250x202.png\" class=\"attachment-blog-medium size-blog-medium\" alt=\"\" \/><\/a><\/div><\/div><\/div><div class=\"swiper-slide\"><div class=\"fusion-carousel-item-wrapper\"><div class=\"fusion-image-wrapper hover-type-zoomin\"><a data-rel=\"iLightbox[image_carousel_1]\" data-title=\"stadtwerke-karlsruhe\" aria-label=\"stadtwerke-karlsruhe\" href=\"https:\/\/algarrother.com\/wp-content\/uploads\/2020\/04\/stadtwerke-karlsruhe.png\" target=\"_self\"><img decoding=\"async\" width=\"250\" height=\"202\" src=\"https:\/\/algarrother.com\/wp-content\/uploads\/2020\/04\/stadtwerke-karlsruhe-250x202.png\" class=\"attachment-blog-medium size-blog-medium\" alt=\"\" \/><\/a><\/div><\/div><\/div><\/div><div class=\"awb-swiper-button awb-swiper-button-prev\"><i class=\"awb-icon-angle-left\" aria-hidden=\"true\"><\/i><\/div><div class=\"awb-swiper-button awb-swiper-button-next\"><i class=\"awb-icon-angle-right\" aria-hidden=\"true\"><\/i><\/div><\/div><\/div><div class=\"fusion-clearfix\"><\/div><\/div><\/div><\/div><\/div><\/p>\n","protected":false},"excerpt":{"rendered":"","protected":false},"author":1,"featured_media":0,"parent":0,"menu_order":0,"comment_status":"closed","ping_status":"closed","template":"","meta":{"footnotes":""},"class_list":["post-885","page","type-page","status-publish","hentry"],"_links":{"self":[{"href":"https:\/\/algarrother.com\/index.php\/wp-json\/wp\/v2\/pages\/885","targetHints":{"allow":["GET"]}}],"collection":[{"href":"https:\/\/algarrother.com\/index.php\/wp-json\/wp\/v2\/pages"}],"about":[{"href":"https:\/\/algarrother.com\/index.php\/wp-json\/wp\/v2\/types\/page"}],"author":[{"embeddable":true,"href":"https:\/\/algarrother.com\/index.php\/wp-json\/wp\/v2\/users\/1"}],"replies":[{"embeddable":true,"href":"https:\/\/algarrother.com\/index.php\/wp-json\/wp\/v2\/comments?post=885"}],"version-history":[{"count":7,"href":"https:\/\/algarrother.com\/index.php\/wp-json\/wp\/v2\/pages\/885\/revisions"}],"predecessor-version":[{"id":6868,"href":"https:\/\/algarrother.com\/index.php\/wp-json\/wp\/v2\/pages\/885\/revisions\/6868"}],"wp:attachment":[{"href":"https:\/\/algarrother.com\/index.php\/wp-json\/wp\/v2\/media?parent=885"}],"curies":[{"name":"wp","href":"https:\/\/api.w.org\/{rel}","templated":true}]}}