{"id":7411,"date":"2026-03-15T14:02:46","date_gmt":"2026-03-15T13:02:46","guid":{"rendered":"https:\/\/algarrother.com\/?page_id=7411"},"modified":"2026-03-15T14:02:46","modified_gmt":"2026-03-15T13:02:46","slug":"kuenstliche-intelligenz","status":"publish","type":"page","link":"https:\/\/algarrother.com\/index.php\/de\/kuenstliche-intelligenz\/","title":{"rendered":"K\u00fcnstliche Intelligenz"},"content":{"rendered":"<p><div class=\"fusion-fullwidth fullwidth-box fusion-builder-row-1 nonhundred-percent-fullwidth non-hundred-percent-height-scrolling\" style=\"--awb-border-radius-top-left:0px;--awb-border-radius-top-right:0px;--awb-border-radius-bottom-right:0px;--awb-border-radius-bottom-left:0px;--awb-flex-wrap:wrap;\" ><div class=\"fusion-builder-row fusion-row\"><div class=\"fusion-layout-column fusion_builder_column fusion-builder-column-0 fusion_builder_column_1_1 1_1 fusion-one-full fusion-column-first fusion-column-last\" style=\"--awb-bg-blend:overlay;--awb-bg-size:cover;\"><div class=\"fusion-column-wrapper fusion-column-has-shadow fusion-flex-column-wrapper-legacy\"><div class=\"fusion-text fusion-text-1\"><h1>K\u00fcnstliche Intelligenz<\/h1>\n<\/div><div class=\"fusion-text fusion-text-2\"><p style=\"text-align: center; font-size: 16px;\"><em>\u201eDie Zukunft entsteht nicht durch Technologie. Sie entsteht durch die Art, wie Menschen mit ihr arbeiten.\u201c<\/em><\/p>\n<\/div><div class=\"fusion-clearfix\"><\/div><\/div><\/div><\/div><\/div><div class=\"fusion-fullwidth fullwidth-box fusion-builder-row-2 nonhundred-percent-fullwidth non-hundred-percent-height-scrolling fusion-no-large-visibility\" style=\"--awb-border-radius-top-left:0px;--awb-border-radius-top-right:0px;--awb-border-radius-bottom-right:0px;--awb-border-radius-bottom-left:0px;--awb-flex-wrap:wrap;\" ><div class=\"fusion-builder-row fusion-row\"><div class=\"fusion-layout-column fusion_builder_column fusion-builder-column-1 fusion_builder_column_1_1 1_1 fusion-one-full fusion-column-first fusion-column-last\" style=\"--awb-bg-blend:overlay;--awb-bg-size:cover;\"><div class=\"fusion-column-wrapper fusion-column-has-shadow fusion-flex-column-wrapper-legacy\"><div class=\"fusion-image-element fusion-image-align-center in-legacy-container\" style=\"text-align:center;--awb-caption-title-font-family:var(--h2_typography-font-family);--awb-caption-title-font-weight:var(--h2_typography-font-weight);--awb-caption-title-font-style:var(--h2_typography-font-style);--awb-caption-title-size:var(--h2_typography-font-size);--awb-caption-title-transform:var(--h2_typography-text-transform);--awb-caption-title-line-height:var(--h2_typography-line-height);--awb-caption-title-letter-spacing:var(--h2_typography-letter-spacing);\"><div class=\"imageframe-align-center\"><span class=\" fusion-imageframe imageframe-none imageframe-1 hover-type-none fusion-animated\" data-animationType=\"fadeInRight\" data-animationDuration=\"0.3\" data-animationOffset=\"top-into-view\"><img decoding=\"async\" width=\"600\" height=\"400\" title=\"pexels-tara-winstead-8386440\" src=\"https:\/\/algarrother.com\/wp-content\/uploads\/2026\/03\/pexels-tara-winstead-8386440-600x400.jpg\" alt class=\"img-responsive wp-image-7413\" srcset=\"https:\/\/algarrother.com\/wp-content\/uploads\/2026\/03\/pexels-tara-winstead-8386440-200x133.jpg 200w, https:\/\/algarrother.com\/wp-content\/uploads\/2026\/03\/pexels-tara-winstead-8386440-400x267.jpg 400w, https:\/\/algarrother.com\/wp-content\/uploads\/2026\/03\/pexels-tara-winstead-8386440-600x400.jpg 600w, https:\/\/algarrother.com\/wp-content\/uploads\/2026\/03\/pexels-tara-winstead-8386440-800x533.jpg 800w, https:\/\/algarrother.com\/wp-content\/uploads\/2026\/03\/pexels-tara-winstead-8386440-1200x800.jpg 1200w, https:\/\/algarrother.com\/wp-content\/uploads\/2026\/03\/pexels-tara-winstead-8386440.jpg 1920w\" sizes=\"(max-width: 800px) 100vw, 600px\" \/><\/span><\/div><\/div><div class=\"fusion-clearfix\"><\/div><\/div><\/div><div class=\"fusion-layout-column fusion_builder_column fusion-builder-column-2 fusion_builder_column_1_1 1_1 fusion-one-full fusion-column-first fusion-column-last\" style=\"--awb-bg-blend:overlay;--awb-bg-size:cover;\"><div class=\"fusion-column-wrapper fusion-column-has-shadow fusion-flex-column-wrapper-legacy\"><div class=\"fusion-text fusion-text-3\"><h2>Organisationsentwicklung f\u00fcr eine KI-gepr\u00e4gte Arbeitswelt<\/h2>\n<p>K\u00fcnstliche Intelligenz ist eines der pr\u00e4gendsten Ver\u00e4nderungsthemen der kommenden Jahre. Sie ver\u00e4ndert nicht nur Aufgaben und Prozesse, sondern auch Entscheidungslogiken, Rollenbilder und die Art, wie Menschen zusammenarbeiten. Bis 2030 wird sich die Struktur eines erheblichen Teils heutiger Jobs durch Automatisierung, KI und neue Rollenprofile ver\u00e4ndern.<\/p>\n<p>In vielen Organisationen wird KI eingef\u00fchrt, ohne dass klar ist, was das f\u00fcr F\u00fchrung, Zusammenarbeit und Verantwortung konkret bedeutet. Es entstehen Piloten, Tools und Erwartungen, aber kein gemeinsames Bild. Mitarbeitende schwanken zwischen Neugier und \u00dcberforderung, F\u00fchrungskr\u00e4fte zwischen Effizienzdruck und Kontrollverlust, Teams sp\u00fcren Ver\u00e4nderungen, ohne sie gestalten zu k\u00f6nnen.<\/p>\n<p>Wir unterst\u00fctzen Organisationen dabei, KI als Teil der Organisation strukturell, kulturell und menschlich wirksam zu verankern, um Orientierung und Handlungssicherheit zu geben.<\/p>\n<p>Konkret bedeutet das:<\/p>\n<ul>\n<li>Einen gemeinsamen Rahmen f\u00fcr KI-Nutzung entwickeln, der Businessziele, Kultur und Lernen verbindet, statt isolierter Einzelinitiativen<\/li>\n<li>Rollen, Verantwortlichkeiten und Entscheidungslogiken kl\u00e4ren, dort wo KI Aufgaben \u00fcbernimmt, vorbereitet oder beeinflusst<\/li>\n<li>Zusammenarbeit neu ausrichten, wenn Meetings, Kommunikation und Arbeitsweisen sich durch KI ver\u00e4ndern<\/li>\n<li>Psychologische Sicherheit st\u00e4rken, damit Lernen, Experimentieren und Reflexion m\u00f6glich werden<\/li>\n<li>Sinnvolle KI-Use-Cases aus der Organisation heraus identifizieren, statt sie top-down vorzugeben<\/li>\n<li>Future Skills und Metakompetenzen alltagsnah entwickeln<\/li>\n<li>Eine bereichs\u00fcbergreifende KI-Roadmap aufbauen, die verstanden, getragen und umgesetzt wird<\/li>\n<\/ul>\n<p>KI-gest\u00fctzte Organisationsentwicklung schafft Orientierung in Unsicherheit, entlastet Mitarbeitende und erh\u00f6ht die Wirksamkeit von F\u00fchrung und Zusammenarbeit. Sie st\u00e4rkt die F\u00e4higkeit der Organisation, mit Komplexit\u00e4t umzugehen, fundierte Entscheidungen zu treffen und Zukunft aktiv zu gestalten, statt ihr hinterherzulaufen.<\/p>\n<p>Wir verbinden Business-Know-how, Neuroleadership, Change-Expertise und KI-Verst\u00e4ndnis. Unsere Arbeit basiert auf langj\u00e4hriger Erfahrung in der Begleitung komplexer Ver\u00e4nderungsprozesse \u2013 modular oder als integrierter Gesamtprozess, immer in enger Zusammenarbeit mit HR und F\u00fchrung.<\/p>\n<\/div><div class=\"fusion-clearfix\"><\/div><\/div><\/div><\/div><\/div><div class=\"fusion-fullwidth fullwidth-box fusion-builder-row-3 nonhundred-percent-fullwidth non-hundred-percent-height-scrolling fusion-equal-height-columns fusion-no-small-visibility fusion-no-medium-visibility\" style=\"--awb-border-radius-top-left:0px;--awb-border-radius-top-right:0px;--awb-border-radius-bottom-right:0px;--awb-border-radius-bottom-left:0px;--awb-flex-wrap:wrap;\" ><div class=\"fusion-builder-row fusion-row\"><div class=\"fusion-layout-column fusion_builder_column fusion-builder-column-3 fusion_builder_column_3_5 3_5 fusion-three-fifth fusion-column-first\" style=\"--awb-bg-blend:overlay;--awb-bg-size:cover;width:60%;width:calc(60% - ( ( 4% ) * 0.6 ) );margin-right: 4%;\"><div class=\"fusion-column-wrapper fusion-column-has-shadow fusion-flex-column-wrapper-legacy\"><div class=\"fusion-text fusion-text-4\"><h2>Organisationsentwicklung f\u00fcr eine KI-gepr\u00e4gte Arbeitswelt<\/h2>\n<p>K\u00fcnstliche Intelligenz ist eines der pr\u00e4gendsten Ver\u00e4nderungsthemen der kommenden Jahre. Sie ver\u00e4ndert nicht nur Aufgaben und Prozesse, sondern auch Entscheidungslogiken, Rollenbilder und die Art, wie Menschen zusammenarbeiten. Bis 2030 wird sich die Struktur eines erheblichen Teils heutiger Jobs durch Automatisierung, KI und neue Rollenprofile ver\u00e4ndern.<\/p>\n<p>In vielen Organisationen wird KI eingef\u00fchrt, ohne dass klar ist, was das f\u00fcr F\u00fchrung, Zusammenarbeit und Verantwortung konkret bedeutet. Es entstehen Piloten, Tools und Erwartungen, aber kein gemeinsames Bild. Mitarbeitende schwanken zwischen Neugier und \u00dcberforderung, F\u00fchrungskr\u00e4fte zwischen Effizienzdruck und Kontrollverlust, Teams sp\u00fcren Ver\u00e4nderungen, ohne sie gestalten zu k\u00f6nnen.<\/p>\n<p>Wir unterst\u00fctzen Organisationen dabei, KI als Teil der Organisation strukturell, kulturell und menschlich wirksam zu verankern, um Orientierung und Handlungssicherheit zu geben.<\/p>\n<p>Konkret bedeutet das:<\/p>\n<ul>\n<li>Einen gemeinsamen Rahmen f\u00fcr KI-Nutzung entwickeln, der Businessziele, Kultur und Lernen verbindet, statt isolierter Einzelinitiativen<\/li>\n<li>Rollen, Verantwortlichkeiten und Entscheidungslogiken kl\u00e4ren, dort wo KI Aufgaben \u00fcbernimmt, vorbereitet oder beeinflusst<\/li>\n<li>Zusammenarbeit neu ausrichten, wenn Meetings, Kommunikation und Arbeitsweisen sich durch KI ver\u00e4ndern<\/li>\n<li>Psychologische Sicherheit st\u00e4rken, damit Lernen, Experimentieren und Reflexion m\u00f6glich werden<\/li>\n<li>Sinnvolle KI-Use-Cases aus der Organisation heraus identifizieren, statt sie top-down vorzugeben<\/li>\n<li>Future Skills und Metakompetenzen alltagsnah entwickeln<\/li>\n<li>Eine bereichs\u00fcbergreifende KI-Roadmap aufbauen, die verstanden, getragen und umgesetzt wird<\/li>\n<\/ul>\n<p>KI-gest\u00fctzte Organisationsentwicklung schafft Orientierung in Unsicherheit, entlastet Mitarbeitende und erh\u00f6ht die Wirksamkeit von F\u00fchrung und Zusammenarbeit. Sie st\u00e4rkt die F\u00e4higkeit der Organisation, mit Komplexit\u00e4t umzugehen, fundierte Entscheidungen zu treffen und Zukunft aktiv zu gestalten, statt ihr hinterherzulaufen.<\/p>\n<p>Wir verbinden Business-Know-how, Neuroleadership, Change-Expertise und KI-Verst\u00e4ndnis. Unsere Arbeit basiert auf langj\u00e4hriger Erfahrung in der Begleitung komplexer Ver\u00e4nderungsprozesse \u2013 modular oder als integrierter Gesamtprozess, immer in enger Zusammenarbeit mit HR und F\u00fchrung.<\/p>\n<\/div><div class=\"fusion-clearfix\"><\/div><\/div><\/div><div class=\"fusion-layout-column fusion_builder_column fusion-builder-column-4 fusion_builder_column_2_5 2_5 fusion-two-fifth fusion-column-last\" style=\"--awb-bg-blend:overlay;--awb-bg-size:cover;width:40%;width:calc(40% - ( ( 4% ) * 0.4 ) );\"><div class=\"fusion-column-wrapper fusion-column-has-shadow fusion-flex-column-wrapper-legacy\"><div class=\"fusion-image-element in-legacy-container\" style=\"--awb-caption-title-font-family:var(--h2_typography-font-family);--awb-caption-title-font-weight:var(--h2_typography-font-weight);--awb-caption-title-font-style:var(--h2_typography-font-style);--awb-caption-title-size:var(--h2_typography-font-size);--awb-caption-title-transform:var(--h2_typography-text-transform);--awb-caption-title-line-height:var(--h2_typography-line-height);--awb-caption-title-letter-spacing:var(--h2_typography-letter-spacing);\"><span class=\" fusion-imageframe imageframe-none imageframe-2 hover-type-none fusion-animated\" data-animationType=\"fadeInRight\" data-animationDuration=\"0.3\" data-animationOffset=\"top-into-view\"><img decoding=\"async\" width=\"600\" height=\"400\" title=\"pexels-tara-winstead-8386440\" src=\"https:\/\/algarrother.com\/wp-content\/uploads\/2026\/03\/pexels-tara-winstead-8386440-600x400.jpg\" alt class=\"img-responsive wp-image-7413\" srcset=\"https:\/\/algarrother.com\/wp-content\/uploads\/2026\/03\/pexels-tara-winstead-8386440-200x133.jpg 200w, https:\/\/algarrother.com\/wp-content\/uploads\/2026\/03\/pexels-tara-winstead-8386440-400x267.jpg 400w, https:\/\/algarrother.com\/wp-content\/uploads\/2026\/03\/pexels-tara-winstead-8386440-600x400.jpg 600w, https:\/\/algarrother.com\/wp-content\/uploads\/2026\/03\/pexels-tara-winstead-8386440-800x533.jpg 800w, https:\/\/algarrother.com\/wp-content\/uploads\/2026\/03\/pexels-tara-winstead-8386440-1200x800.jpg 1200w, https:\/\/algarrother.com\/wp-content\/uploads\/2026\/03\/pexels-tara-winstead-8386440.jpg 1920w\" sizes=\"(max-width: 800px) 100vw, 600px\" \/><\/span><\/div><div class=\"fusion-clearfix\"><\/div><\/div><\/div><\/div><\/div><\/p>\n","protected":false},"excerpt":{"rendered":"","protected":false},"author":6,"featured_media":0,"parent":0,"menu_order":0,"comment_status":"closed","ping_status":"closed","template":"","meta":{"footnotes":""},"class_list":["post-7411","page","type-page","status-publish","hentry"],"_links":{"self":[{"href":"https:\/\/algarrother.com\/index.php\/wp-json\/wp\/v2\/pages\/7411","targetHints":{"allow":["GET"]}}],"collection":[{"href":"https:\/\/algarrother.com\/index.php\/wp-json\/wp\/v2\/pages"}],"about":[{"href":"https:\/\/algarrother.com\/index.php\/wp-json\/wp\/v2\/types\/page"}],"author":[{"embeddable":true,"href":"https:\/\/algarrother.com\/index.php\/wp-json\/wp\/v2\/users\/6"}],"replies":[{"embeddable":true,"href":"https:\/\/algarrother.com\/index.php\/wp-json\/wp\/v2\/comments?post=7411"}],"version-history":[{"count":4,"href":"https:\/\/algarrother.com\/index.php\/wp-json\/wp\/v2\/pages\/7411\/revisions"}],"predecessor-version":[{"id":7416,"href":"https:\/\/algarrother.com\/index.php\/wp-json\/wp\/v2\/pages\/7411\/revisions\/7416"}],"wp:attachment":[{"href":"https:\/\/algarrother.com\/index.php\/wp-json\/wp\/v2\/media?parent=7411"}],"curies":[{"name":"wp","href":"https:\/\/api.w.org\/{rel}","templated":true}]}}