{"id":7146,"date":"2024-06-17T11:27:18","date_gmt":"2024-06-17T09:27:18","guid":{"rendered":"https:\/\/algarrother.com\/?page_id=7146"},"modified":"2024-06-28T15:01:24","modified_gmt":"2024-06-28T13:01:24","slug":"aufstellungsabende","status":"publish","type":"page","link":"https:\/\/algarrother.com\/index.php\/de\/aufstellungsabende\/","title":{"rendered":"Aufstellungsabende"},"content":{"rendered":"<p><div class=\"fusion-fullwidth fullwidth-box fusion-builder-row-1 nonhundred-percent-fullwidth non-hundred-percent-height-scrolling\" style=\"--awb-border-radius-top-left:0px;--awb-border-radius-top-right:0px;--awb-border-radius-bottom-right:0px;--awb-border-radius-bottom-left:0px;--awb-flex-wrap:wrap;\" ><div class=\"fusion-builder-row fusion-row\"><div class=\"fusion-layout-column fusion_builder_column fusion-builder-column-0 fusion_builder_column_1_1 1_1 fusion-one-full fusion-column-first fusion-column-last\" style=\"--awb-bg-size:cover;\"><div class=\"fusion-column-wrapper fusion-column-has-shadow fusion-flex-column-wrapper-legacy\"><div class=\"fusion-text fusion-text-1\"><h1>Aufstellungsabende<\/h1>\n<\/div><div class=\"fusion-clearfix\"><\/div><\/div><\/div><\/div><\/div><div class=\"fusion-fullwidth fullwidth-box fusion-builder-row-2 nonhundred-percent-fullwidth non-hundred-percent-height-scrolling fusion-no-large-visibility\" style=\"--awb-border-radius-top-left:0px;--awb-border-radius-top-right:0px;--awb-border-radius-bottom-right:0px;--awb-border-radius-bottom-left:0px;--awb-flex-wrap:wrap;\" ><div class=\"fusion-builder-row fusion-row\"><div class=\"fusion-layout-column fusion_builder_column fusion-builder-column-1 fusion_builder_column_1_1 1_1 fusion-one-full fusion-column-first fusion-column-last\" style=\"--awb-bg-size:cover;\"><div class=\"fusion-column-wrapper fusion-column-has-shadow fusion-flex-column-wrapper-legacy\"><div class=\"fusion-image-element fusion-image-align-center in-legacy-container\" style=\"text-align:center;--awb-max-width:300px;--awb-caption-title-font-family:var(--h2_typography-font-family);--awb-caption-title-font-weight:var(--h2_typography-font-weight);--awb-caption-title-font-style:var(--h2_typography-font-style);--awb-caption-title-size:var(--h2_typography-font-size);--awb-caption-title-transform:var(--h2_typography-text-transform);--awb-caption-title-line-height:var(--h2_typography-line-height);--awb-caption-title-letter-spacing:var(--h2_typography-letter-spacing);\"><div class=\"imageframe-align-center\"><span class=\" fusion-imageframe imageframe-none imageframe-1 hover-type-none fusion-animated\" data-animationType=\"fadeInRight\" data-animationDuration=\"0.3\" data-animationOffset=\"top-into-view\"><img decoding=\"async\" width=\"800\" height=\"800\" title=\"Aufstellungsabende_Website_2024\" src=\"https:\/\/algarrother.com\/wp-content\/uploads\/2024\/06\/Aufstellungsabende_Website_2024-800x800.png\" alt class=\"img-responsive wp-image-7156\" srcset=\"https:\/\/algarrother.com\/wp-content\/uploads\/2024\/06\/Aufstellungsabende_Website_2024-200x200.png 200w, https:\/\/algarrother.com\/wp-content\/uploads\/2024\/06\/Aufstellungsabende_Website_2024-400x400.png 400w, https:\/\/algarrother.com\/wp-content\/uploads\/2024\/06\/Aufstellungsabende_Website_2024-600x600.png 600w, https:\/\/algarrother.com\/wp-content\/uploads\/2024\/06\/Aufstellungsabende_Website_2024-800x800.png 800w, https:\/\/algarrother.com\/wp-content\/uploads\/2024\/06\/Aufstellungsabende_Website_2024.png 1080w\" sizes=\"(max-width: 800px) 100vw, 800px\" \/><\/span><\/div><\/div><div class=\"fusion-clearfix\"><\/div><\/div><\/div><div class=\"fusion-layout-column fusion_builder_column fusion-builder-column-2 fusion_builder_column_1_1 1_1 fusion-one-full fusion-column-first fusion-column-last\" style=\"--awb-bg-size:cover;\"><div class=\"fusion-column-wrapper fusion-column-has-shadow fusion-flex-column-wrapper-legacy\"><div class=\"fusion-text fusion-text-2\"><p>Viele Unternehmen und ihre Mitarbeitenden unterschiedlicher Ebenen befinden sich derzeit in Umbruchphasen:<br \/>\nRestrukturierungen und Jobver\u00e4nderungen bis hin zu kompletten Berufswechseln sind an der Tagesordnung. Wie k\u00f6nnen diese individuellen und organisatorischen Prozesse positiv unterst\u00fctzt werden? Wo gibt es neue Zusammenh\u00e4nge und L\u00f6sungen? Die klassische Beratungsarbeit ist hilfreich, greift aber manchmal zu kurz. Meiner Erfahrung nach k\u00f6nnen Systemaufstellungen unseren Blick weiten und sehr nachhaltige L\u00f6sungen bieten.<\/p>\n<p>Durch systemische Aufstellungen haben wir die M\u00f6glichkeit, verborgene Muster zu erkennen, Blockaden zu l\u00f6sen und einen tieferen Einblick in unsere zwischenmenschlichen Beziehungen zu gewinnen.<\/p>\n<p>Ich arbeite seit mehr als 10 Jahren mit Systemaufstellungen und habe vor 6 Jahren meine Ausbildung dazu abgeschlossen. Zumeist nutze ich Aufstellungsarbeit in Einzelcoachings, aber auch mit gezielten Interventionen im Gruppensetting in Managementteams. Nun soll es auch wieder Aufstellungen mit Anliegen und Repr\u00e4sentantInnen als offenes Angebot geben.<\/p>\n<p>Die Atmosph\u00e4re bei diesen Veranstaltungen ist stets unterst\u00fctzend und respektvoll, und jeder ist eingeladen, sich auf seine eigene Art und Weise einzubringen. Egal, ob Du bereits Erfahrung mit System- und Familienstellen hast oder zum ersten Mal teilnimmst, Du bist herzlich willkommen.<\/p>\n<\/div><div class=\"fusion-clearfix\"><\/div><\/div><\/div><\/div><\/div><div class=\"fusion-fullwidth fullwidth-box fusion-builder-row-3 nonhundred-percent-fullwidth non-hundred-percent-height-scrolling fusion-no-small-visibility fusion-no-medium-visibility\" style=\"--awb-border-radius-top-left:0px;--awb-border-radius-top-right:0px;--awb-border-radius-bottom-right:0px;--awb-border-radius-bottom-left:0px;--awb-flex-wrap:wrap;\" ><div class=\"fusion-builder-row fusion-row\"><div class=\"fusion-layout-column fusion_builder_column fusion-builder-column-3 fusion_builder_column_3_5 3_5 fusion-three-fifth fusion-column-first\" style=\"--awb-bg-size:cover;width:60%;width:calc(60% - ( ( 4% ) * 0.6 ) );margin-right: 4%;\"><div class=\"fusion-column-wrapper fusion-column-has-shadow fusion-flex-column-wrapper-legacy\"><div class=\"fusion-text fusion-text-3\"><p>Viele Unternehmen und ihre Mitarbeitenden unterschiedlicher Ebenen befinden sich derzeit in Umbruchphasen:<br \/>\nRestrukturierungen und Jobver\u00e4nderungen bis hin zu kompletten Berufswechseln sind an der Tagesordnung. Wie k\u00f6nnen diese individuellen und organisatorischen Prozesse positiv unterst\u00fctzt werden? Wo gibt es neue Zusammenh\u00e4nge und L\u00f6sungen? Die klassische Beratungsarbeit ist hilfreich, greift aber manchmal zu kurz. Meiner Erfahrung nach k\u00f6nnen Systemaufstellungen unseren Blick weiten und sehr nachhaltige L\u00f6sungen bieten.<\/p>\n<p>Durch systemische Aufstellungen haben wir die M\u00f6glichkeit, verborgene Muster zu erkennen, Blockaden zu l\u00f6sen und einen tieferen Einblick in unsere zwischenmenschlichen Beziehungen zu gewinnen.<\/p>\n<p>Ich arbeite seit mehr als 10 Jahren mit Systemaufstellungen und habe vor 6 Jahren meine Ausbildung dazu abgeschlossen. Zumeist nutze ich Aufstellungsarbeit in Einzelcoachings, aber auch mit gezielten Interventionen im Gruppensetting in Managementteams. Nun soll es auch wieder Aufstellungen mit Anliegen und Repr\u00e4sentantInnen als offenes Angebot geben.<\/p>\n<p>Die Atmosph\u00e4re bei diesen Veranstaltungen ist stets unterst\u00fctzend und respektvoll, und jeder ist eingeladen, sich auf seine eigene Art und Weise einzubringen. Egal, ob Du bereits Erfahrung mit System- und Familienstellen hast oder zum ersten Mal teilnimmst, Du bist herzlich willkommen.<\/p>\n<\/div><div class=\"fusion-clearfix\"><\/div><\/div><\/div><div class=\"fusion-layout-column fusion_builder_column fusion-builder-column-4 fusion_builder_column_2_5 2_5 fusion-two-fifth fusion-column-last\" style=\"--awb-bg-size:cover;width:40%;width:calc(40% - ( ( 4% ) * 0.4 ) );\"><div class=\"fusion-column-wrapper fusion-column-has-shadow fusion-flex-column-wrapper-legacy\"><div class=\"fusion-image-element fusion-image-align-left in-legacy-container\" style=\"text-align:left;--awb-caption-title-font-family:var(--h2_typography-font-family);--awb-caption-title-font-weight:var(--h2_typography-font-weight);--awb-caption-title-font-style:var(--h2_typography-font-style);--awb-caption-title-size:var(--h2_typography-font-size);--awb-caption-title-transform:var(--h2_typography-text-transform);--awb-caption-title-line-height:var(--h2_typography-line-height);--awb-caption-title-letter-spacing:var(--h2_typography-letter-spacing);\"><span class=\" fusion-imageframe imageframe-none imageframe-2 hover-type-none fusion-animated\" style=\"margin-right:25px;float:left;\" data-animationType=\"fadeInRight\" data-animationDuration=\"0.3\" data-animationOffset=\"top-into-view\"><a class=\"fusion-no-lightbox\" href=\"mailto:info@algarrother.com\" target=\"_self\" aria-label=\"Aufstellungsabende_Website_2024\"><img decoding=\"async\" width=\"800\" height=\"800\" src=\"https:\/\/algarrother.com\/wp-content\/uploads\/2024\/06\/Aufstellungsabende_Website_2024-800x800.png\" alt class=\"img-responsive wp-image-7156\" srcset=\"https:\/\/algarrother.com\/wp-content\/uploads\/2024\/06\/Aufstellungsabende_Website_2024-200x200.png 200w, https:\/\/algarrother.com\/wp-content\/uploads\/2024\/06\/Aufstellungsabende_Website_2024-400x400.png 400w, https:\/\/algarrother.com\/wp-content\/uploads\/2024\/06\/Aufstellungsabende_Website_2024-600x600.png 600w, https:\/\/algarrother.com\/wp-content\/uploads\/2024\/06\/Aufstellungsabende_Website_2024-800x800.png 800w, https:\/\/algarrother.com\/wp-content\/uploads\/2024\/06\/Aufstellungsabende_Website_2024.png 1080w\" sizes=\"(max-width: 800px) 100vw, 600px\" \/><\/a><\/span><\/div><div class=\"fusion-clearfix\"><\/div><\/div><\/div><\/div><\/div><\/p>\n","protected":false},"excerpt":{"rendered":"","protected":false},"author":6,"featured_media":0,"parent":0,"menu_order":0,"comment_status":"closed","ping_status":"closed","template":"","meta":{"footnotes":""},"class_list":["post-7146","page","type-page","status-publish","hentry"],"_links":{"self":[{"href":"https:\/\/algarrother.com\/index.php\/wp-json\/wp\/v2\/pages\/7146","targetHints":{"allow":["GET"]}}],"collection":[{"href":"https:\/\/algarrother.com\/index.php\/wp-json\/wp\/v2\/pages"}],"about":[{"href":"https:\/\/algarrother.com\/index.php\/wp-json\/wp\/v2\/types\/page"}],"author":[{"embeddable":true,"href":"https:\/\/algarrother.com\/index.php\/wp-json\/wp\/v2\/users\/6"}],"replies":[{"embeddable":true,"href":"https:\/\/algarrother.com\/index.php\/wp-json\/wp\/v2\/comments?post=7146"}],"version-history":[{"count":6,"href":"https:\/\/algarrother.com\/index.php\/wp-json\/wp\/v2\/pages\/7146\/revisions"}],"predecessor-version":[{"id":7165,"href":"https:\/\/algarrother.com\/index.php\/wp-json\/wp\/v2\/pages\/7146\/revisions\/7165"}],"wp:attachment":[{"href":"https:\/\/algarrother.com\/index.php\/wp-json\/wp\/v2\/media?parent=7146"}],"curies":[{"name":"wp","href":"https:\/\/api.w.org\/{rel}","templated":true}]}}