{"id":6894,"date":"2023-12-07T11:18:37","date_gmt":"2023-12-07T10:18:37","guid":{"rendered":"https:\/\/algarrother.com\/?page_id=6894"},"modified":"2024-03-08T16:14:11","modified_gmt":"2024-03-08T15:14:11","slug":"anmeldungevent","status":"publish","type":"page","link":"https:\/\/algarrother.com\/index.php\/de\/anmeldungevent\/","title":{"rendered":"Anmeldung Rother\u00b4s Abend Event"},"content":{"rendered":"<div class=\"fusion-fullwidth fullwidth-box fusion-builder-row-1 nonhundred-percent-fullwidth non-hundred-percent-height-scrolling\" style=\"--awb-background-position:left top;--awb-border-sizes-top:0px;--awb-border-sizes-bottom:0px;--awb-border-sizes-left:0px;--awb-border-sizes-right:0px;--awb-border-radius-top-left:0px;--awb-border-radius-top-right:0px;--awb-border-radius-bottom-right:0px;--awb-border-radius-bottom-left:0px;--awb-padding-top:20px;--awb-padding-bottom:20px;--awb-flex-wrap:wrap;\" ><div class=\"fusion-builder-row fusion-row\"><div class=\"fusion-layout-column fusion_builder_column fusion-builder-column-0 fusion_builder_column_1_1 1_1 fusion-one-full fusion-column-first fusion-column-last\" style=\"--awb-bg-blend:overlay;--awb-bg-size:cover;\"><div class=\"fusion-column-wrapper fusion-flex-column-wrapper-legacy\"><div class=\"fusion-text fusion-text-1\"><h1>Kontakt<\/h1>\n<\/div><div class=\"fusion-clearfix\"><\/div><\/div><\/div><div class=\"fusion-layout-column fusion_builder_column fusion-builder-column-1 fusion_builder_column_1_3 1_3 fusion-one-third fusion-column-first\" style=\"--awb-bg-blend:overlay;--awb-bg-size:cover;width:30.6666%; margin-right: 4%;\"><div class=\"fusion-column-wrapper fusion-flex-column-wrapper-legacy\"><div class=\"fusion-text fusion-text-2\"><p>Algar Rother Coaches &amp; Consultants<br \/>\nK\u00e4the-Kollwitz-Str. 42<br \/>\n76227 Karlsruhe<\/p>\n<p>Fon 0721 \/ 7540 22-0<br \/>\nFax 0721 \/ 7540 22-10<br \/>\n<a href=\"mailto:info@algarrother.com\">info@algarrother.com<\/a><\/p>\n<\/div><div class=\"fusion-text fusion-text-3\"><\/div><div class=\"fusion-clearfix\"><\/div><\/div><\/div><div class=\"fusion-layout-column fusion_builder_column fusion-builder-column-2 fusion_builder_column_2_3 2_3 fusion-two-third fusion-column-last\" style=\"--awb-bg-blend:overlay;--awb-bg-size:cover;width:65.3333%;\"><div class=\"fusion-column-wrapper fusion-flex-column-wrapper-legacy\"><div class=\"fusion-text fusion-text-4\"><p>Willkommen bei Rother&#8217;s. Auf dieser Seite k\u00f6nnen Sie sich f\u00fcr unsere virtuelle After-Work-Session anmelden.<br \/>Bitte hinterlassen Sie uns Ihre Kontaktdaten &#8211; und falls Sie m\u00f6chten &#8211; w\u00fcrden wir uns \u00fcber eine Beantwortung der unten stehenden Frage freuen. <\/p>\n<p>Nach Ihrer Anmeldung erhalten Sie von uns den Link zur Zoom-Session via E-Mail. <\/p>\n<p><b>Hier ist unsere Frage an Sie:<\/b><\/p>\n<p>Welche Frage besch\u00e4ftigt Sie zum Thema &#8222;Coaching &amp; KI&#8220; am meisten? <\/p>\n<\/div><div class=\"fusion-text fusion-text-5\"><div id=\"cscf\" class=\"cscfBlock\">\n    <div class=\"cscfMessageSent\" style=\"display:none;\" role=\"status\" aria-live=\"polite\">\n\t\t<h3>Nachricht gesendet \/ Message sent<\/h3>\n<p>Danke f\u00fcr Ihre Nachricht, Sie werden sobald wie m\u00f6glich eine Antwort erhalten. \/ \r\n\r\nThank you for your message. We will contact you as soon as possible. <\/p>    <\/div>\n    <div class=\"cscfMessageNotSent\" style=\"display:none;\" role=\"alert\" aria-live=\"assertive\">\n\t\t<p>\n    Entschuldigung, es ist ein Fehler aufgetreten und die Nachricht wurde nicht gesendet.<\/p>\n    <\/div>\n    <div class=\"cscfForm\">\n        <p><\/p>\n\n        <form role=\"form\" id=\"frmCSCF\" name=\"frmCSCF\" method=\"post\" novalidate>\n\t\t\t<input type=\"hidden\" id=\"cscf_nonce\" name=\"cscf_nonce\" value=\"59514c1949\" \/><input type=\"hidden\" name=\"_wp_http_referer\" value=\"\/index.php\/wp-json\/wp\/v2\/pages\/6894\" \/>            <input type=\"hidden\" name=\"post-id\" value=\"6894\">\n\n\t\t\t\n            <!-- name -->\n            <div class=\"control-group form-group\">\n                <label for=\"cscf_name\">Name:<\/label>\n\n\n                <div class=\"\">\n\t\t\t\t\t                    <input class=\"form-control input-xlarge\"\n                           data-rule-required=\"true\"\n                           data-msg-required=\"Bitte gib deinen Namen ein.\"\n                           type=\"text\" id=\"cscf_name\" name=\"cscf[name]\"\n                           value=\"\"\n                           placeholder=\"Dein Name\"\n                           autocomplete=\"name\"\n                           aria-required=\"true\"\n                           aria-describedby=\"cscf_name_error\"\n                                               \/>\n                <\/div>\n                <span id=\"cscf_name_error\" class=\"help-inline help-block error\"\n                      style=\"display:none;\"\n                      role=\"alert\">\n                                    <\/span>\n            <\/div>\n\n\n            <!--email address-->\n            <div class=\"control-group form-group\">\n                <label for=\"cscf_email\">E-Mail-Adresse:<\/label>\n\n                <div class=\"\">\n\t\t\t\t\t                    <input class=\"form-control input-xlarge\"\n                           data-rule-required=\"true\"\n                           data-rule-email=\"true\"\n                           data-msg-required=\"Bitte gib deine E-Mail-Adresse ein.\"\n                           data-msg-email=\"Bitte gib eine g\u00fcltige E-Mail-Adresse ein.\"\n                           type=\"email\" id=\"cscf_email\" name=\"cscf[email]\"\n                           value=\"\"\n                           placeholder=\"Deine E-Mail-Adresse\"\n                           autocomplete=\"email\"\n                           aria-required=\"true\"\n                           aria-describedby=\"cscf_email_error\"\n                                               \/>\n                <\/div>\n                <span id=\"cscf_email_error\" class=\"help-inline help-block error\"\n                      style=\"display:none;\"\n                      role=\"alert\">\n                                    <\/span>\n            <\/div>\n\n\t\t\t                <!--confirm email address -->\n                <div class=\"control-group form-group\">\n                    <label for=\"cscf_confirm-email\">E-Mail-Adresse best\u00e4tigen:<\/label>\n                    <div class=\"\">\n\t\t\t\t\t\t                        <input class=\"form-control input-xlarge\"\n                               data-rule-required=\"true\"\n                               data-rule-email=\"true\"\n                               data-rule-equalTo=\"#cscf_email\"\n                               data-msg-required=\"Bitte gib deine E-Mail-Adresse erneut ein.\"\n                               data-msg-email=\"Bitte gib eine g\u00fcltige E-Mail-Adresse ein.\"\n                               data-msg-equalTo=\"Bitte gib deine E-Mail-Adresse erneut ein.\"\n                               type=\"email\" id=\"cscf_confirm-email\" name=\"cscf[confirm-email]\"\n                               value=\"\"\n                               placeholder=\"Best\u00e4tige deine E-Mail-Adresse\"\n                               autocomplete=\"email\"\n                               aria-required=\"true\"\n                               aria-describedby=\"cscf_confirm-email_error\"\n                                                       \/>\n                    <\/div>\n                    <span id=\"cscf_confirm-email_error\" class=\"help-inline help-block error\"\n                          style=\"display:none;\"\n                          role=\"alert\">\n                                    <\/span>\n                <\/div>\n\t\t\t\n\t\t\t\n\n            <!-- message -->\n            <div class=\"control-group form-group\">\n                <label for=\"cscf_message\">Nachricht:<\/label>\n                <div class=\"\">\n\t\t\t\t\t                    <textarea class=\"form-control input-xlarge\"\n                              data-rule-required=\"true\"\n                              data-msg-required=\"Bitte gib eine Nachricht ein.\"\n                              id=\"cscf_message\" name=\"cscf[message]\" rows=\"10\"\n                              placeholder=\"Deine Nachricht\"\n                              aria-required=\"true\"\n                              aria-describedby=\"cscf_message_error\"\n                              ><\/textarea>\n                <\/div>\n\n                <span id=\"cscf_message_error\" class=\"help-inline help-block error\"\n                      style=\"display:none;\"\n                      role=\"alert\">\n                                    <\/span>\n            <\/div>\n\n\t\t\t                <!-- email to sender -->\n                <div class=\"control-group form-group\">\n                    <label for=\"cscf_email-sender\">Schicke mir eine Kopie:<\/label>\n                    <div class=\"\">\n\t\t\t\t\t\t                        <input  type=\"checkbox\"\n                                                                                                   id=\"cscf_email-sender\"\n                                                                                                   name=\"cscf[email-sender]\">\n                    <\/div>\n                    <span id=\"cscf_email-sender_error\" class=\"help-inline help-block error\"\n                          style=\"display:none;\"\n                          role=\"alert\">\n                                            <\/span>\n                <\/div>\n\t\t\t\n\n\n\t\t\t\n            <!-- recaptcha -->\n\t\t\t\n                <div class=\"control-group form-group\">\n                    <div id=\"recaptcha_div\">\n                        <div class=\"g-recaptcha\" data-theme=\"light\"\n                             data-sitekey=\"6LexZDAUAAAAAE1W6LPASRkHRWpfEp7s0GGM4_Kv\"><\/div>\n\n\n                        <div id=\"cscf_recaptcha_error\"\n                             class=\"help-inline help-block error\"\n                             role=\"alert\"><\/div>\n\n\n                        <noscript>\n                            <div style=\"width: 302px; height: 422px;\">\n                                <div style=\"width: 302px; height: 422px; position: relative;\">\n                                    <div style=\"width: 302px; height: 422px; position: absolute;\">\n                                        <iframe\n                                                src=\"https:\/\/www.google.com\/recaptcha\/api\/fallback?k=6LexZDAUAAAAAE1W6LPASRkHRWpfEp7s0GGM4_Kv\"\n                                                frameborder=\"0\" scrolling=\"no\"\n                                                style=\"width: 302px; height:422px; border-style: none;\"\n                                                title=\"reCAPTCHA challenge\">\n                                        <\/iframe>\n                                    <\/div>\n                                    <div style=\"width: 300px; height: 60px; border-style: none;\n                  bottom: 12px; left: 25px; margin: 0px; padding: 0px; right: 25px;\n                  background: #f9f9f9; border: 1px solid #c1c1c1; border-radius: 3px;\">\n                                        <label for=\"g-recaptcha-response\" class=\"screen-reader-text\">reCAPTCHA response<\/label>\n                                        <textarea id=\"g-recaptcha-response\" name=\"g-recaptcha-response\"\n                                                  class=\"g-recaptcha-response\"\n                                                  style=\"width: 250px; height: 40px; border: 1px solid #c1c1c1;\n                                                         margin: 10px 25px; padding: 0px; resize: none;\"><\/textarea>\n                                    <\/div>\n                                <\/div>\n                            <\/div>\n                        <\/noscript>\n\n                    <\/div>\n                <\/div>\n\t\t\t            <input type=\"submit\" id=\"cscf_SubmitButton\" class=\"btn btn-default\"\n                   value=\"Nachricht senden\"\/>\n        <\/form>\n    <\/div>\n<\/div>\n<\/div><div class=\"fusion-clearfix\"><\/div><\/div><\/div><\/div><\/div>\n","protected":false},"excerpt":{"rendered":"","protected":false},"author":6,"featured_media":0,"parent":0,"menu_order":0,"comment_status":"closed","ping_status":"closed","template":"","meta":{"footnotes":""},"class_list":["post-6894","page","type-page","status-publish","hentry"],"_links":{"self":[{"href":"https:\/\/algarrother.com\/index.php\/wp-json\/wp\/v2\/pages\/6894","targetHints":{"allow":["GET"]}}],"collection":[{"href":"https:\/\/algarrother.com\/index.php\/wp-json\/wp\/v2\/pages"}],"about":[{"href":"https:\/\/algarrother.com\/index.php\/wp-json\/wp\/v2\/types\/page"}],"author":[{"embeddable":true,"href":"https:\/\/algarrother.com\/index.php\/wp-json\/wp\/v2\/users\/6"}],"replies":[{"embeddable":true,"href":"https:\/\/algarrother.com\/index.php\/wp-json\/wp\/v2\/comments?post=6894"}],"version-history":[{"count":6,"href":"https:\/\/algarrother.com\/index.php\/wp-json\/wp\/v2\/pages\/6894\/revisions"}],"predecessor-version":[{"id":7003,"href":"https:\/\/algarrother.com\/index.php\/wp-json\/wp\/v2\/pages\/6894\/revisions\/7003"}],"wp:attachment":[{"href":"https:\/\/algarrother.com\/index.php\/wp-json\/wp\/v2\/media?parent=6894"}],"curies":[{"name":"wp","href":"https:\/\/api.w.org\/{rel}","templated":true}]}}