{"id":5740,"date":"2021-06-22T14:08:08","date_gmt":"2021-06-22T12:08:08","guid":{"rendered":"https:\/\/algarrother.com\/?page_id=5740"},"modified":"2023-08-03T14:50:58","modified_gmt":"2023-08-03T12:50:58","slug":"katharina-lang","status":"publish","type":"page","link":"https:\/\/algarrother.com\/index.php\/de\/katharina-lang\/","title":{"rendered":"Katharina Lang"},"content":{"rendered":"<p><div class=\"fusion-fullwidth fullwidth-box fusion-builder-row-1 nonhundred-percent-fullwidth non-hundred-percent-height-scrolling\" style=\"--awb-background-position:left top;--awb-border-sizes-top:0px;--awb-border-sizes-bottom:0px;--awb-border-sizes-left:0px;--awb-border-sizes-right:0px;--awb-border-radius-top-left:0px;--awb-border-radius-top-right:0px;--awb-border-radius-bottom-right:0px;--awb-border-radius-bottom-left:0px;--awb-padding-top:20px;--awb-padding-bottom:20px;--awb-flex-wrap:wrap;\" ><div class=\"fusion-builder-row fusion-row\"><div class=\"fusion-layout-column fusion_builder_column fusion-builder-column-0 fusion_builder_column_1_3 1_3 fusion-one-third fusion-column-first\" style=\"--awb-bg-size:cover;width:30.6666%; margin-right: 4%;\"><div class=\"fusion-column-wrapper fusion-flex-column-wrapper-legacy\"><div class=\"fusion-image-element in-legacy-container\" style=\"--awb-caption-title-font-family:var(--h2_typography-font-family);--awb-caption-title-font-weight:var(--h2_typography-font-weight);--awb-caption-title-font-style:var(--h2_typography-font-style);--awb-caption-title-size:var(--h2_typography-font-size);--awb-caption-title-transform:var(--h2_typography-text-transform);--awb-caption-title-line-height:var(--h2_typography-line-height);--awb-caption-title-letter-spacing:var(--h2_typography-letter-spacing);\"><span class=\" fusion-imageframe imageframe-none imageframe-1 hover-type-none\"><img decoding=\"async\" width=\"250\" height=\"250\" title=\"lang katharina\" src=\"https:\/\/algarrother.com\/wp-content\/uploads\/2020\/04\/lang-katharina-e1649255401951.jpg\" alt class=\"img-responsive wp-image-6093\"\/><\/span><\/div><div class=\"fusion-clearfix\"><\/div><\/div><\/div><div class=\"fusion-layout-column fusion_builder_column fusion-builder-column-1 fusion_builder_column_1_3 1_3 fusion-one-third\" style=\"--awb-bg-size:cover;width:30.6666%; margin-right: 4%;\"><div class=\"fusion-column-wrapper fusion-flex-column-wrapper-legacy\"><div class=\"fusion-text fusion-text-1\" style=\"--awb-text-transform:none;\"><h1><strong>Katharina Lang<\/strong><\/h1>\n<h3><strong>Personalentwicklung M.A.<\/strong><br \/>\nCoach &amp; Consultant<\/h3>\n<h3 data-fontsize=\"16\" data-lineheight=\"24\"><strong>ALS COACH &amp; CONSULTANT STEHE ICH F\u00dcR:<\/strong><br \/>\nKlarheit. Wertsch\u00e4tzung. L\u00f6sungsorientierung.<\/h3>\n<\/div><div class=\"fusion-clearfix\"><\/div><\/div><\/div><div class=\"fusion-layout-column fusion_builder_column fusion-builder-column-2 fusion_builder_column_1_3 1_3 fusion-one-third fusion-column-last\" style=\"--awb-bg-size:cover;--awb-margin-top:38px;width:30.6666%;\"><div class=\"fusion-column-wrapper fusion-flex-column-wrapper-legacy\"><div class=\"fusion-text fusion-text-2\" style=\"--awb-text-transform:none;\"><h2>Kontakt<\/h2>\n<p>email: <a href=\"mailto:vanessa.roos@algarrother.com\">katharina.lang@algarrother.com<\/a><\/p>\n<\/div><div class=\"fusion-clearfix\"><\/div><\/div><\/div><\/div><\/div><div class=\"fusion-fullwidth fullwidth-box fusion-builder-row-2 nonhundred-percent-fullwidth non-hundred-percent-height-scrolling\" style=\"--awb-background-position:left top;--awb-border-sizes-top:0px;--awb-border-sizes-bottom:0px;--awb-border-sizes-left:0px;--awb-border-sizes-right:0px;--awb-border-radius-top-left:0px;--awb-border-radius-top-right:0px;--awb-border-radius-bottom-right:0px;--awb-border-radius-bottom-left:0px;--awb-padding-top:20px;--awb-padding-bottom:20px;--awb-flex-wrap:wrap;\" ><div class=\"fusion-builder-row fusion-row\"><div class=\"fusion-layout-column fusion_builder_column fusion-builder-column-3 fusion_builder_column_1_1 1_1 fusion-one-full fusion-column-first fusion-column-last fusion-column-no-min-height\" style=\"--awb-bg-size:cover;--awb-margin-bottom:0px;\"><div class=\"fusion-column-wrapper fusion-flex-column-wrapper-legacy\"><div class=\"fusion-sep-clear\"><\/div><div class=\"fusion-separator fusion-full-width-sep\" style=\"margin-left: auto;margin-right: auto;width:100%;\"><div class=\"fusion-separator-border sep-single sep-solid\" style=\"--awb-height:20px;--awb-amount:20px;--awb-sep-color:#90d5f4;border-color:#90d5f4;border-top-width:1px;\"><\/div><\/div><div class=\"fusion-sep-clear\"><\/div><div class=\"fusion-clearfix\"><\/div><\/div><\/div><\/div><\/div><div class=\"fusion-fullwidth fullwidth-box fusion-builder-row-3 nonhundred-percent-fullwidth non-hundred-percent-height-scrolling\" style=\"--awb-background-position:left top;--awb-border-sizes-top:0px;--awb-border-sizes-bottom:0px;--awb-border-sizes-left:0px;--awb-border-sizes-right:0px;--awb-border-radius-top-left:0px;--awb-border-radius-top-right:0px;--awb-border-radius-bottom-right:0px;--awb-border-radius-bottom-left:0px;--awb-padding-top:20px;--awb-padding-bottom:20px;--awb-flex-wrap:wrap;\" ><div class=\"fusion-builder-row fusion-row\"><div class=\"fusion-layout-column fusion_builder_column fusion-builder-column-4 fusion_builder_column_1_3 1_3 fusion-one-third fusion-column-first\" style=\"--awb-bg-size:cover;width:30.6666%; margin-right: 4%;\"><div class=\"fusion-column-wrapper fusion-flex-column-wrapper-legacy\"><div class=\"fusion-text fusion-text-3\" style=\"--awb-text-transform:none;\"><h2 data-fontsize=\"18\" data-lineheight=\"27\">Berufserfahrung<\/h2>\n<table>\n<tbody>\n<tr>\n<td style=\"vertical-align: top;\" width=\"85px;\"><strong>Seit 2022:<\/strong><\/td>\n<td>Coach &amp; Consultant bei Algar Rother Coaches &amp; Consultants<\/td>\n<\/tr>\n<tr>\n<td style=\"vertical-align: top;\" width=\"85px;\"><strong>Seit 2005:<\/strong><\/td>\n<td>Coach &amp; Consultant bei Rother &amp; Partner<\/td>\n<\/tr>\n<tr>\n<td style=\"vertical-align: top; text-align: left;\" width=\"85px;\"><strong>Mehrj\u00e4hrig:<\/strong><\/td>\n<td>\n<div>F\u00fchrungserfahrung als Gr\u00fcndungsgesellschafterin und Gesch\u00e4ftsf\u00fchrerin eines KMU<\/div>\n<\/td>\n<\/tr>\n<tr>\n<td style=\"vertical-align: top; text-align: center;\" width=\"85px;\"><\/td>\n<td><\/td>\n<\/tr>\n<\/tbody>\n<\/table>\n<\/div><div class=\"fusion-clearfix\"><\/div><\/div><\/div><div class=\"fusion-layout-column fusion_builder_column fusion-builder-column-5 fusion_builder_column_1_3 1_3 fusion-one-third\" style=\"--awb-bg-size:cover;width:30.6666%; margin-right: 4%;\"><div class=\"fusion-column-wrapper fusion-flex-column-wrapper-legacy\"><div class=\"fusion-text fusion-text-4\" style=\"--awb-text-transform:none;\"><h2 data-fontsize=\"18\" data-lineheight=\"27\">Aus- und Weiterbildung<\/h2>\n<ul>\n<li>Berufsp\u00e4dagogik und Journalismus (B.A.)<br \/>\nan der Universit\u00e4t Karlsruhe (KIT)<\/li>\n<li>Personalentwicklung (M.A.)<br \/>\nan der Universit\u00e4t Kaiserslautern (TU)<\/li>\n<li>Akkreditierung &amp; Lizensierung:<br \/>\n&#8211; Team-Management-System (TMS)<br \/>\n&#8211; Systemischer Business Coach (SG)<br \/>\n&#8211; Basic Agile Master (INeKO)<\/li>\n<\/ul>\n<\/div><div class=\"fusion-clearfix\"><\/div><\/div><\/div><div class=\"fusion-layout-column fusion_builder_column fusion-builder-column-6 fusion_builder_column_1_3 1_3 fusion-one-third fusion-column-last\" style=\"--awb-bg-size:cover;width:30.6666%;\"><div class=\"fusion-column-wrapper fusion-flex-column-wrapper-legacy\"><div class=\"fusion-text fusion-text-5\" style=\"--awb-text-transform:none;\"><h2 data-fontsize=\"18\" data-lineheight=\"27\">Beratungs- und Trainingsschwerpunkte<\/h2>\n<ul>\n<li>Werteorientierte Unternehmensf\u00fchrung und Kulturentwicklung, Change Management<\/li>\n<li>Ganzheitliche F\u00fchrungsentwicklung<\/li>\n<li>Business Coaching<\/li>\n<li>Agile Coaching<\/li>\n<li>Teambildung und -entwicklung<\/li>\n<li>Themen- und prozessorientierte Moderation<\/li>\n<li>Moderation von Gro\u00dfveranstaltungen<\/li>\n<\/ul>\n<\/div><div class=\"fusion-clearfix\"><\/div><\/div><\/div><\/div><\/div><div class=\"fusion-fullwidth fullwidth-box fusion-builder-row-4 nonhundred-percent-fullwidth non-hundred-percent-height-scrolling\" style=\"--awb-background-position:left top;--awb-border-sizes-top:0px;--awb-border-sizes-bottom:0px;--awb-border-sizes-left:0px;--awb-border-sizes-right:0px;--awb-border-radius-top-left:0px;--awb-border-radius-top-right:0px;--awb-border-radius-bottom-right:0px;--awb-border-radius-bottom-left:0px;--awb-padding-top:20px;--awb-padding-bottom:20px;--awb-flex-wrap:wrap;\" ><div class=\"fusion-builder-row fusion-row\"><div class=\"fusion-layout-column fusion_builder_column fusion-builder-column-7 fusion_builder_column_1_1 1_1 fusion-one-full fusion-column-first fusion-column-last fusion-column-no-min-height\" style=\"--awb-bg-size:cover;--awb-margin-bottom:0px;\"><div class=\"fusion-column-wrapper fusion-flex-column-wrapper-legacy\"><div class=\"fusion-sep-clear\"><\/div><div class=\"fusion-separator fusion-full-width-sep\" style=\"margin-left: auto;margin-right: auto;width:100%;\"><div class=\"fusion-separator-border sep-single sep-solid\" style=\"--awb-height:20px;--awb-amount:20px;--awb-sep-color:#90d5f4;border-color:#90d5f4;border-top-width:1px;\"><\/div><\/div><div class=\"fusion-sep-clear\"><\/div><div class=\"fusion-clearfix\"><\/div><\/div><\/div><\/div><\/div><div class=\"fusion-fullwidth fullwidth-box fusion-builder-row-5 nonhundred-percent-fullwidth non-hundred-percent-height-scrolling\" style=\"--awb-background-position:left top;--awb-border-sizes-top:0px;--awb-border-sizes-bottom:0px;--awb-border-sizes-left:0px;--awb-border-sizes-right:0px;--awb-border-radius-top-left:0px;--awb-border-radius-top-right:0px;--awb-border-radius-bottom-right:0px;--awb-border-radius-bottom-left:0px;--awb-padding-top:20px;--awb-padding-bottom:20px;--awb-flex-wrap:wrap;\" ><div class=\"fusion-builder-row fusion-row\"><div class=\"fusion-layout-column fusion_builder_column fusion-builder-column-8 fusion_builder_column_1_1 1_1 fusion-one-full fusion-column-first fusion-column-last\" style=\"--awb-bg-size:cover;\"><div class=\"fusion-column-wrapper fusion-flex-column-wrapper-legacy\"><div class=\"fusion-text fusion-text-6\" style=\"--awb-text-transform:none;\"><h2 data-fontsize=\"18\" data-lineheight=\"27\">\u00dcber Katharina Lang:<\/h2>\n<p>Katharina ist eine l\u00f6sungsorientierte Gro\u00dfdenkerin, die es liebt gemeinsam mit anderen Visionen zu entwickeln und diese in umsetzbare Strategien zu \u00fcbersetzen. Dies macht sie beruflich wie privat mit viel Optimismus, Entscheidungsfreude und Struktur. Ihre tiefe \u00dcberzeugung, dass sich jeder Mensch nach Wirksamkeit und Verbundenheit sehnt, hilft ihr, die Einzelnen nicht aus dem Blick zu verlieren, sondern in Entwicklungen und Ver\u00e4nderungen mitzunehmen und zu motivieren.<\/p>\n<p>Die Themen F\u00fchrung, Teamarbeit und Kommunikation besch\u00e4ftigten sie bereits im Studium, in der Begleitung von F\u00fchrungskr\u00e4ften und Teams hat sie dann ihre Nische gefunden, um die (Arbeits-)Welt ein kleines bisschen besser zu machen. Dabei sind gelingende Kommunikation und sinnstiftende Zusammenarbeit oberstes Ziel, der systemische Blick auf die Organisation und unternehmerisches Denken die Voraussetzung f\u00fcr alle Entscheidungen.<\/p>\n<p>Als Gastgeberin aus Leidenschaft sieht Katharina alle Zusammenk\u00fcnfte von Menschen (sei es im Einzelcoaching oder im Gro\u00dfgruppenworkshop) als M\u00f6glichkeit f\u00fcr bedeutungsvolle Begegnung und Entwicklung. Ihre Rolle als professionelle Rahmengeberin nimmt sie dabei sehr authentisch, humorvoll und wertsch\u00e4tzend, aber immer auch zielorientiert ein. Gro\u00dfe Methodenvielfalt, schnelle Auffassungsgabe, Intuition und das Verstehen des Kundensystems sind die Grundlage ihres Arbeitens.<\/p>\n<p>Katharina lebt mit ihrem Mann und zwei Kindern im sch\u00f6nen Mittelhessen auf einem Vierseitenhof, den sie in den n\u00e4chsten Jahren zu einem Ort f\u00fcr sch\u00f6ne Momente, bedeutungsvolle Begegnungen und lebenslanges Lernen umgestalten wollen.<\/p>\n<\/div><div class=\"fusion-clearfix\"><\/div><\/div><\/div><\/div><\/div><div class=\"fusion-fullwidth fullwidth-box fusion-builder-row-6 nonhundred-percent-fullwidth non-hundred-percent-height-scrolling\" style=\"--awb-background-position:left top;--awb-border-sizes-top:0px;--awb-border-sizes-bottom:0px;--awb-border-sizes-left:0px;--awb-border-sizes-right:0px;--awb-border-radius-top-left:0px;--awb-border-radius-top-right:0px;--awb-border-radius-bottom-right:0px;--awb-border-radius-bottom-left:0px;--awb-padding-top:20px;--awb-padding-bottom:20px;--awb-flex-wrap:wrap;\" ><div class=\"fusion-builder-row fusion-row\"><div class=\"fusion-layout-column fusion_builder_column fusion-builder-column-9 fusion_builder_column_1_1 1_1 fusion-one-full fusion-column-first fusion-column-last fusion-column-no-min-height\" style=\"--awb-bg-size:cover;--awb-margin-bottom:0px;\"><div class=\"fusion-column-wrapper fusion-flex-column-wrapper-legacy\"><div class=\"fusion-sep-clear\"><\/div><div class=\"fusion-separator fusion-full-width-sep\" style=\"margin-left: auto;margin-right: auto;width:100%;\"><div class=\"fusion-separator-border sep-single sep-solid\" style=\"--awb-height:20px;--awb-amount:20px;--awb-sep-color:#90d5f4;border-color:#90d5f4;border-top-width:1px;\"><\/div><\/div><div class=\"fusion-sep-clear\"><\/div><div class=\"fusion-clearfix\"><\/div><\/div><\/div><\/div><\/div><div class=\"fusion-fullwidth fullwidth-box fusion-builder-row-7 nonhundred-percent-fullwidth non-hundred-percent-height-scrolling\" style=\"--awb-background-position:left top;--awb-border-sizes-top:0px;--awb-border-sizes-bottom:0px;--awb-border-sizes-left:0px;--awb-border-sizes-right:0px;--awb-border-radius-top-left:0px;--awb-border-radius-top-right:0px;--awb-border-radius-bottom-right:0px;--awb-border-radius-bottom-left:0px;--awb-padding-top:20px;--awb-padding-bottom:20px;--awb-flex-wrap:wrap;\" ><div class=\"fusion-builder-row fusion-row\"><div class=\"fusion-layout-column fusion_builder_column fusion-builder-column-10 fusion_builder_column_1_1 1_1 fusion-one-full fusion-column-first fusion-column-last fusion-column-no-min-height\" style=\"--awb-bg-size:cover;--awb-margin-bottom:0px;\"><div class=\"fusion-column-wrapper fusion-flex-column-wrapper-legacy\"><div class=\"fusion-text fusion-text-7\" style=\"--awb-text-transform:none;\"><h2 style=\"text-align: left;\">Auszug der Referenzkunden<\/h2>\n<\/div><div class=\"fusion-clearfix\"><\/div><\/div><\/div><div class=\"fusion-layout-column fusion_builder_column fusion-builder-column-11 fusion_builder_column_1_3 1_3 fusion-one-third fusion-column-first\" style=\"--awb-bg-size:cover;width:30.6666%; margin-right: 4%;\"><div class=\"fusion-column-wrapper fusion-flex-column-wrapper-legacy\"><div class=\"fusion-text fusion-text-8\" style=\"--awb-text-transform:none;\"><ul>\n<li>IHK Stuttgart<\/li>\n<li>Mannheim Business School<\/li>\n<li>Schroff<\/li>\n<li>Vodafone<\/li>\n<li>E-plus<\/li>\n<li>Roche<\/li>\n<li>Boehringer Ingelheim<\/li>\n<\/ul>\n<\/div><div class=\"fusion-clearfix\"><\/div><\/div><\/div><\/div><\/div><footer class=\"fusion-fullwidth fullwidth-box fusion-builder-row-8 nonhundred-percent-fullwidth non-hundred-percent-height-scrolling\" style=\"--awb-background-position:left top;--awb-border-sizes-top:0px;--awb-border-sizes-bottom:0px;--awb-border-sizes-left:0px;--awb-border-sizes-right:0px;--awb-border-radius-top-left:0px;--awb-border-radius-top-right:0px;--awb-border-radius-bottom-right:0px;--awb-border-radius-bottom-left:0px;--awb-padding-top:20px;--awb-padding-right:20px;--awb-padding-bottom:20px;--awb-padding-left:20px;--awb-background-color:#1d3b4a;--awb-flex-wrap:wrap;\" id=\"footer-eng\" ><div class=\"fusion-builder-row fusion-row\"><div class=\"fusion-layout-column fusion_builder_column fusion-builder-column-12 fusion_builder_column_1_4 1_4 fusion-one-fourth fusion-column-first\" style=\"--awb-bg-blend:overlay;--awb-bg-size:cover;--awb-margin-top:30px;width:22%; margin-right: 4%;\"><div class=\"fusion-column-wrapper fusion-flex-column-wrapper-legacy\"><div class=\"fusion-text fusion-text-9\" style=\"--awb-font-size:13px;--awb-text-font-family:&quot;Open Sans&quot;;--awb-text-font-style:normal;--awb-text-font-weight:400;\"><p><span style=\"color: #ffffff; font-family: 'Open Sans'; font-size: 13px;\">ADDRESS<\/span><\/p>\n<p><span style=\"color: #ffffff; font-family: 'Open Sans'; font-size: 13px;\">Algar Rother Coaches &amp; Consultants <\/span><br \/>\n<span style=\"color: #ffffff; font-family: 'Open Sans'; font-size: 13px;\">Kaethe-Kollwitz-Str. 42<\/span><br \/>\n<span style=\"color: #ffffff; font-family: 'Open Sans'; font-size: 13px;\">D-76227 Karlsruhe<\/span><\/p>\n<\/div><div class=\"fusion-clearfix\"><\/div><\/div><\/div><div class=\"fusion-layout-column fusion_builder_column fusion-builder-column-13 fusion_builder_column_1_4 1_4 fusion-one-fourth\" style=\"--awb-bg-blend:overlay;--awb-bg-size:cover;--awb-margin-top:30px;width:22%; margin-right: 4%;\"><div class=\"fusion-column-wrapper fusion-flex-column-wrapper-legacy\"><div class=\"fusion-text fusion-text-10\" style=\"--awb-font-size:13px;--awb-text-font-family:&quot;Open Sans&quot;;--awb-text-font-style:normal;--awb-text-font-weight:400;\"><p><span style=\"color: #ffffff; font-family: 'Open Sans'; font-size: 13px;\">CONTACT<\/span><\/p>\n<table>\n<tbody>\n<tr>\n<td width=\"50px;\"><span style=\"color: #ffffff; font-family: 'Open Sans'; font-size: 13px;\">phone<\/span><\/td>\n<td><span style=\"color: #ffffff; font-family: 'Open Sans'; font-size: 13px;\">0049 721 \/ 7540 22-0<\/span><\/td>\n<\/tr>\n<tr>\n<td><span style=\"color: #ffffff; font-family: 'Open Sans'; font-size: 13px;\">fax<\/span><\/td>\n<td><span style=\"color: #ffffff; font-family: 'Open Sans'; font-size: 13px;\">0049 721 \/ 7540 22-10<\/span><\/td>\n<\/tr>\n<tr>\n<td><span style=\"color: #ffffff; font-family: 'Open Sans'; font-size: 13px;\">mail<\/span><\/td>\n<td><a style=\"color: #ffffff; font-family: 'Open Sans'; font-size: 13px;\" href=\"mailto:info@algarrother.com\">info@algarrother.com<\/a><\/td>\n<\/tr>\n<\/tbody>\n<\/table>\n<\/div><div class=\"fusion-clearfix\"><\/div><\/div><\/div><div class=\"fusion-layout-column fusion_builder_column fusion-builder-column-14 fusion_builder_column_1_4 1_4 fusion-one-fourth\" style=\"--awb-bg-blend:overlay;--awb-bg-size:cover;--awb-margin-top:30px;width:22%; margin-right: 4%;\"><div class=\"fusion-column-wrapper fusion-flex-column-wrapper-legacy\"><div class=\"fusion-text fusion-text-11\"><p><span style=\"color: #ffffff; font-family: 'Open Sans'; font-size: 13px;\">FURTHER WEBSITES<\/span><\/p>\n<p><span style=\"color: #ffffff; font-family: 'Open Sans'; font-size: 13px;\"><a style=\"color: #ffffff;\" href=\"http:\/\/www.wert-profil.de\/\" target=\"_blank\" rel=\"noopener noreferrer\">www.wert-profil.de<\/a><\/span><br \/>\n<span style=\"color: #ffffff; font-family: 'Open Sans'; font-size: 13px;\"><a style=\"color: #ffffff;\" href=\"http:\/\/fbi-circle.com\/\" target=\"_blank\" rel=\"noopener noreferrer\">www.fbi-circle.com<\/a><\/span><br \/>\n<span style=\"color: #ffffff; font-family: 'Open Sans'; font-size: 13px;\"><a style=\"color: #ffffff;\" href=\"https:\/\/www.linkedin.com\/in\/algar-rother-40847a64\/\" target=\"_blank\" rel=\"noopener noreferrer\">www.linkedin.com<\/a><\/span><\/p>\n<\/div><div class=\"fusion-clearfix\"><\/div><\/div><\/div><div class=\"fusion-layout-column fusion_builder_column fusion-builder-column-15 fusion_builder_column_1_4 1_4 fusion-one-fourth fusion-column-last\" style=\"--awb-bg-blend:overlay;--awb-bg-size:cover;--awb-margin-top:30px;width:22%;\"><div class=\"fusion-column-wrapper fusion-flex-column-wrapper-legacy\"><div class=\"fusion-text fusion-text-12\" style=\"--awb-text-transform:none;\"><p><span style=\"color: #ffffff; font-family: 'Open Sans'; font-size: 13px;\">LEGAL INFORMATION<\/span><\/p>\n<p><a href=\"http:\/\/algarrother.com\/index.php\/en\/legal-disclosure\/\"><span style=\"color: #ffffff; font-family: 'Open Sans'; font-size: 13px;\">Legal Disclosure &amp; Privacy Policy<\/span><\/a><br \/>\n<a href=\"https:\/\/algarrother.com\/index.php\/de\/cookie-richtlinie-eu\/\"><span style=\"color: #ffffff; font-family: 'Open Sans'; font-size: 13px;\">Cookies<\/span><\/a><br \/>\n<span style=\"color: #ffffff; font-family: 'Open Sans'; font-size: 13px;\">\u00a9 2024 Algar Rother Coaches &amp; Consultants<\/span><\/p>\n<\/div><div class=\"fusion-clearfix\"><\/div><\/div><\/div><\/div><\/footer>\n<\/p>\n","protected":false},"excerpt":{"rendered":"","protected":false},"author":6,"featured_media":0,"parent":0,"menu_order":0,"comment_status":"closed","ping_status":"closed","template":"100-width.php","meta":{"footnotes":""},"class_list":["post-5740","page","type-page","status-publish","hentry"],"_links":{"self":[{"href":"https:\/\/algarrother.com\/index.php\/wp-json\/wp\/v2\/pages\/5740","targetHints":{"allow":["GET"]}}],"collection":[{"href":"https:\/\/algarrother.com\/index.php\/wp-json\/wp\/v2\/pages"}],"about":[{"href":"https:\/\/algarrother.com\/index.php\/wp-json\/wp\/v2\/types\/page"}],"author":[{"embeddable":true,"href":"https:\/\/algarrother.com\/index.php\/wp-json\/wp\/v2\/users\/6"}],"replies":[{"embeddable":true,"href":"https:\/\/algarrother.com\/index.php\/wp-json\/wp\/v2\/comments?post=5740"}],"version-history":[{"count":6,"href":"https:\/\/algarrother.com\/index.php\/wp-json\/wp\/v2\/pages\/5740\/revisions"}],"predecessor-version":[{"id":6708,"href":"https:\/\/algarrother.com\/index.php\/wp-json\/wp\/v2\/pages\/5740\/revisions\/6708"}],"wp:attachment":[{"href":"https:\/\/algarrother.com\/index.php\/wp-json\/wp\/v2\/media?parent=5740"}],"curies":[{"name":"wp","href":"https:\/\/api.w.org\/{rel}","templated":true}]}}