{"id":5391,"date":"2021-01-18T14:36:25","date_gmt":"2021-01-18T13:36:25","guid":{"rendered":"https:\/\/algarrother.com\/?page_id=5391"},"modified":"2024-07-11T10:58:56","modified_gmt":"2024-07-11T08:58:56","slug":"agilitaet","status":"publish","type":"page","link":"https:\/\/algarrother.com\/index.php\/de\/angebote\/agilitaet\/","title":{"rendered":"Agilit\u00e4t"},"content":{"rendered":"<div class=\"fusion-fullwidth fullwidth-box fusion-builder-row-1 nonhundred-percent-fullwidth non-hundred-percent-height-scrolling\" style=\"--awb-border-radius-top-left:0px;--awb-border-radius-top-right:0px;--awb-border-radius-bottom-right:0px;--awb-border-radius-bottom-left:0px;--awb-flex-wrap:wrap;\" ><div class=\"fusion-builder-row fusion-row\"><div class=\"fusion-layout-column fusion_builder_column fusion-builder-column-0 fusion_builder_column_1_1 1_1 fusion-one-full fusion-column-first fusion-column-last\" style=\"--awb-bg-size:cover;\"><div class=\"fusion-column-wrapper fusion-column-has-shadow fusion-flex-column-wrapper-legacy\"><div class=\"fusion-text fusion-text-1\"><h1 style=\"font-family: Noway-Regular;\">Agilit\u00e4t<\/h1>\n<\/div><div class=\"fusion-text fusion-text-2\"><p style=\"text-align: center; font-family: Noway-Regular; font-size: 16px;\"><em>&#8222;Die gr\u00f6\u00dfte Gefahr in Zeiten von Turbulenzen sind nicht die Turbulenzen: es ist, mit der Logik von gestern zu handeln.&#8220;<\/em> &#8211; Peter Drucker<\/p>\n<\/div><div class=\"fusion-clearfix\"><\/div><\/div><\/div><div class=\"fusion-layout-column fusion_builder_column fusion-builder-column-1 fusion_builder_column_1_1 1_1 fusion-one-full fusion-column-first fusion-column-last fusion-no-large-visibility\" style=\"--awb-bg-size:cover;\"><div class=\"fusion-column-wrapper fusion-column-has-shadow fusion-flex-column-wrapper-legacy\"><div class=\"fusion-image-element fusion-image-align-center in-legacy-container\" style=\"text-align:center;--awb-caption-title-font-family:var(--h2_typography-font-family);--awb-caption-title-font-weight:var(--h2_typography-font-weight);--awb-caption-title-font-style:var(--h2_typography-font-style);--awb-caption-title-size:var(--h2_typography-font-size);--awb-caption-title-transform:var(--h2_typography-text-transform);--awb-caption-title-line-height:var(--h2_typography-line-height);--awb-caption-title-letter-spacing:var(--h2_typography-letter-spacing);\"><div class=\"imageframe-align-center\"><span class=\" fusion-imageframe imageframe-none imageframe-1 hover-type-none fusion-animated\" data-animationType=\"fadeInRight\" data-animationDuration=\"0.3\" data-animationOffset=\"top-into-view\"><img decoding=\"async\" width=\"600\" height=\"400\" title=\"chameleon\" src=\"https:\/\/algarrother.com\/wp-content\/uploads\/2024\/07\/rothers-agile-leadership.jpg\" alt class=\"img-responsive wp-image-7183\" srcset=\"https:\/\/algarrother.com\/wp-content\/uploads\/2024\/07\/rothers-agile-leadership-200x133.jpg 200w, https:\/\/algarrother.com\/wp-content\/uploads\/2024\/07\/rothers-agile-leadership-400x267.jpg 400w, https:\/\/algarrother.com\/wp-content\/uploads\/2024\/07\/rothers-agile-leadership.jpg 600w\" sizes=\"(max-width: 800px) 100vw, 600px\" \/><\/span><\/div><\/div><div class=\"fusion-clearfix\"><\/div><\/div><\/div><div class=\"fusion-layout-column fusion_builder_column fusion-builder-column-2 fusion_builder_column_1_1 1_1 fusion-one-full fusion-column-first fusion-column-last fusion-no-large-visibility\" style=\"--awb-bg-size:cover;\"><div class=\"fusion-column-wrapper fusion-column-has-shadow fusion-flex-column-wrapper-legacy\"><div class=\"fusion-text fusion-text-3 fusion-no-large-visibility\"><h2 style=\"font-family: Noway-Regular;\">Agilit\u00e4t = New normal<\/h2>\n<p><span style=\"font-family: Noway-Regular; font-size: 17px;\">Agilit\u00e4t ist ein Schl\u00fcsselbegriff der digitalen Zeit. Vor der Digitalisierung konnten Unternehmen in ihren Marktsektoren mit einem festen Kundenstamm \u00fcberleben und Gewinn erzielen. Aus dieser Zeit stammen viele bew\u00e4hrte Managementmethoden, die bis heute angewandt werden \u2013 obwohl sie f\u00fcr die heutigen komplexen Themen nicht mehr geeignet sind.<\/span><\/p>\n<p><span style=\"font-family: Noway-Regular; font-size: 17px;\">Agilit\u00e4t erfordert Antizipation. Eine Unternehmensorganisation, die lediglich reagiert, kann nicht agil sein.<\/span><\/p>\n<p><span style=\"font-family: Noway-Regular; font-size: 17px;\">Wenn man das Unternehmen als System betrachtet, ist sein oberstes Ziel das \u00dcberleben. Diesem Ziel untergeordnet sind verschiedene Teilziele, wie etwa am Markt zu bleiben, am Markt erfolgreich zu sein, Kunden zufriedenzustellen und Erfolg zu haben. Agile Methoden k\u00f6nnen helfen, um diese Teilziele zu erreichen \u2013 und damit auch das \u00fcbergeordnete Ziel.<\/span><\/p>\n<p><span style=\"font-family: Noway-Regular; font-size: 17px;\">Jeder Unternehmer wei\u00df, dass der Erfolg nicht von allein kommt: Um agil zu werden, ist ein ganzheitlicher Mindset-Change anhand eines fundierten Change Managements notwendig. Dieser beginnt bei den F\u00fchrungskr\u00e4ften und geht von dort aus in alle Bereiche der Organisation, die in ihren agilen Aktivit\u00e4ten unterst\u00fctzt werden. Erst mit diesem Mindset-Change kann das Unternehmen agil werden.<\/span><\/p>\n<p><span style=\"font-family: Noway-Regular; font-size: 17px;\">Agilit\u00e4t ist kein Modetrend, sondern ein notwendiges Fundament, um den Erfolg eines Unternehmens zu sichern- und heute schon in vielen Bereichen das \u201eNew normal\u201c. Wichtig ist hierf\u00fcr die Bereitschaft, den Ist-Zustand des Unternehmens fundamental zu \u00e4ndern.<\/span><\/p>\n<p><span style=\"font-family: Noway-Regular; font-size: 17px;\">Doch welche Modelle gibt es? Wie geht man vor? Wie kann die Organisation aussehen? Wie wird die Wandlungsf\u00e4higkeit genau in Unternehmen hergestellt?<\/span><\/p>\n<p><span style=\"font-family: Noway-Regular; font-size: 17px;\">Rother\u00b4s Team entschl\u00fcsselt gemeinsam mit Ihnen das komplexe Spektrum der Agilit\u00e4t.<\/span><\/p>\n<p><span style=\"font-family: Noway-Regular; font-size: 17px;\">Von Change, \u00fcber Lean Management bis hin zum Agile-Health-Check, agilen Themen wie \u201eNew Work\u201c und Innovationskultur haben wir professionelle Angebote f\u00fcr Ihre Agile Journey.<\/span><\/p>\n<p><span style=\"font-family: Noway-Regular; font-size: 17px;\">Agilit\u00e4t ist nicht nur ein Trend, sondern selbstverst\u00e4ndlicher Teil unserer Arbeit.<\/span><\/p>\n<p><span style=\"font-family: Noway-Regular; font-size: 17px;\">Viele unserer BeraterInnen sind Agile Coaches und zertifizierte Scrum Master.<\/span><\/p>\n<\/div><div class=\"fusion-clearfix\"><\/div><\/div><\/div><div class=\"fusion-layout-column fusion_builder_column fusion-builder-column-3 fusion_builder_column_3_5 3_5 fusion-three-fifth fusion-column-first fusion-no-small-visibility fusion-no-medium-visibility\" style=\"--awb-bg-size:cover;width:60%;width:calc(60% - ( ( 4% ) * 0.6 ) );margin-right: 4%;\"><div class=\"fusion-column-wrapper fusion-column-has-shadow fusion-flex-column-wrapper-legacy\"><div class=\"fusion-text fusion-text-4\"><h2 style=\"font-family: Noway-Regular;\">Agilit\u00e4t = New normal<\/h2>\n<p><span style=\"font-family: Noway-Regular; font-size: 17px;\">Agilit\u00e4t ist ein Schl\u00fcsselbegriff der digitalen Zeit. Vor der Digitalisierung konnten Unternehmen in ihren Marktsektoren mit einem festen Kundenstamm \u00fcberleben und Gewinn erzielen. Aus dieser Zeit stammen viele bew\u00e4hrte Managementmethoden, die bis heute angewandt werden \u2013 obwohl sie f\u00fcr die heutigen komplexen Themen nicht mehr geeignet sind.<\/span><\/p>\n<p><span style=\"font-family: Noway-Regular; font-size: 17px;\">Agilit\u00e4t erfordert Antizipation. Eine Unternehmensorganisation, die lediglich reagiert, kann nicht agil sein.<\/span><\/p>\n<p><span style=\"font-family: Noway-Regular; font-size: 17px;\">Wenn man das Unternehmen als System betrachtet, ist sein oberstes Ziel das \u00dcberleben. Diesem Ziel untergeordnet sind verschiedene Teilziele, wie etwa am Markt zu bleiben, am Markt erfolgreich zu sein, Kunden zufriedenzustellen und Erfolg zu haben. Agile Methoden k\u00f6nnen helfen, um diese Teilziele zu erreichen \u2013 und damit auch das \u00fcbergeordnete Ziel.<\/span><\/p>\n<\/div><div class=\"fusion-clearfix\"><\/div><\/div><\/div><div class=\"fusion-layout-column fusion_builder_column fusion-builder-column-4 fusion_builder_column_2_5 2_5 fusion-two-fifth fusion-column-last fusion-no-small-visibility fusion-no-medium-visibility\" style=\"--awb-bg-size:cover;width:40%;width:calc(40% - ( ( 4% ) * 0.4 ) );\"><div class=\"fusion-column-wrapper fusion-column-has-shadow fusion-flex-column-wrapper-legacy\"><div class=\"fusion-image-element in-legacy-container\" style=\"--awb-caption-title-font-family:var(--h2_typography-font-family);--awb-caption-title-font-weight:var(--h2_typography-font-weight);--awb-caption-title-font-style:var(--h2_typography-font-style);--awb-caption-title-size:var(--h2_typography-font-size);--awb-caption-title-transform:var(--h2_typography-text-transform);--awb-caption-title-line-height:var(--h2_typography-line-height);--awb-caption-title-letter-spacing:var(--h2_typography-letter-spacing);\"><span class=\" fusion-imageframe imageframe-none imageframe-2 hover-type-none fusion-animated\" data-animationType=\"fadeInRight\" data-animationDuration=\"0.3\" data-animationOffset=\"top-into-view\"><img decoding=\"async\" width=\"600\" height=\"400\" title=\"chameleon\" src=\"https:\/\/algarrother.com\/wp-content\/uploads\/2024\/07\/rothers-agile-leadership.jpg\" alt class=\"img-responsive wp-image-7183\" srcset=\"https:\/\/algarrother.com\/wp-content\/uploads\/2024\/07\/rothers-agile-leadership-200x133.jpg 200w, https:\/\/algarrother.com\/wp-content\/uploads\/2024\/07\/rothers-agile-leadership-400x267.jpg 400w, https:\/\/algarrother.com\/wp-content\/uploads\/2024\/07\/rothers-agile-leadership.jpg 600w\" sizes=\"(max-width: 800px) 100vw, 600px\" \/><\/span><\/div><div class=\"fusion-clearfix\"><\/div><\/div><\/div><div class=\"fusion-layout-column fusion_builder_column fusion-builder-column-5 fusion_builder_column_1_1 1_1 fusion-one-full fusion-column-first fusion-column-last fusion-no-small-visibility fusion-no-medium-visibility\" style=\"--awb-bg-size:cover;\"><div class=\"fusion-column-wrapper fusion-column-has-shadow fusion-flex-column-wrapper-legacy\"><div class=\"fusion-text fusion-text-5\"><p><span style=\"font-family: Noway-Regular; font-size: 17px;\">Jeder Unternehmer wei\u00df, dass der Erfolg nicht von allein kommt: Um agil zu werden, ist ein ganzheitlicher Mindset-Change anhand eines fundierten Change Managements notwendig. Dieser beginnt bei den F\u00fchrungskr\u00e4ften und geht von dort aus in alle Bereiche der Organisation, die in ihren agilen Aktivit\u00e4ten unterst\u00fctzt werden. Erst mit diesem Mindset-Change kann das Unternehmen agil werden.<\/span><\/p>\n<p><span style=\"font-family: Noway-Regular; font-size: 17px;\">Agilit\u00e4t ist kein Modetrend, sondern ein notwendiges Fundament, um den Erfolg eines Unternehmens zu sichern- und heute schon in vielen Bereichen das \u201eNew normal\u201c. Wichtig ist hierf\u00fcr die Bereitschaft, den Ist-Zustand des Unternehmens fundamental zu \u00e4ndern.<\/span><\/p>\n<p><span style=\"font-family: Noway-Regular; font-size: 17px;\">Doch welche Modelle gibt es? Wie geht man vor? Wie kann die Organisation aussehen? Wie wird die Wandlungsf\u00e4higkeit genau in Unternehmen hergestellt?<\/span><\/p>\n<p><span style=\"font-family: Noway-Regular; font-size: 17px;\">Rother\u00b4s Team entschl\u00fcsselt gemeinsam mit Ihnen das komplexe Spektrum der Agilit\u00e4t.<\/span><\/p>\n<p><span style=\"font-family: Noway-Regular; font-size: 17px;\">Von Change, \u00fcber Lean Management bis hin zum Agile-Health-Check, agilen Themen wie \u201eNew Work\u201c und Innovationskultur haben wir professionelle Angebote f\u00fcr Ihre Agile Journey.<\/span><\/p>\n<p><span style=\"font-family: Noway-Regular; font-size: 17px;\">Agilit\u00e4t ist nicht nur ein Trend, sondern selbstverst\u00e4ndlicher Teil unserer Arbeit.<\/span><\/p>\n<p><span style=\"font-family: Noway-Regular; font-size: 17px;\">Viele unserer BeraterInnen sind Agile Coaches und zertifizierte Scrum Master.<\/span><\/p>\n<\/div><div class=\"fusion-clearfix\"><\/div><\/div><\/div><\/div><\/div>\n","protected":false},"excerpt":{"rendered":"","protected":false},"author":6,"featured_media":0,"parent":17,"menu_order":0,"comment_status":"closed","ping_status":"closed","template":"","meta":{"footnotes":""},"class_list":["post-5391","page","type-page","status-publish","hentry"],"_links":{"self":[{"href":"https:\/\/algarrother.com\/index.php\/wp-json\/wp\/v2\/pages\/5391","targetHints":{"allow":["GET"]}}],"collection":[{"href":"https:\/\/algarrother.com\/index.php\/wp-json\/wp\/v2\/pages"}],"about":[{"href":"https:\/\/algarrother.com\/index.php\/wp-json\/wp\/v2\/types\/page"}],"author":[{"embeddable":true,"href":"https:\/\/algarrother.com\/index.php\/wp-json\/wp\/v2\/users\/6"}],"replies":[{"embeddable":true,"href":"https:\/\/algarrother.com\/index.php\/wp-json\/wp\/v2\/comments?post=5391"}],"version-history":[{"count":13,"href":"https:\/\/algarrother.com\/index.php\/wp-json\/wp\/v2\/pages\/5391\/revisions"}],"predecessor-version":[{"id":7187,"href":"https:\/\/algarrother.com\/index.php\/wp-json\/wp\/v2\/pages\/5391\/revisions\/7187"}],"up":[{"embeddable":true,"href":"https:\/\/algarrother.com\/index.php\/wp-json\/wp\/v2\/pages\/17"}],"wp:attachment":[{"href":"https:\/\/algarrother.com\/index.php\/wp-json\/wp\/v2\/media?parent=5391"}],"curies":[{"name":"wp","href":"https:\/\/api.w.org\/{rel}","templated":true}]}}