{"id":5119,"date":"2020-09-13T21:49:18","date_gmt":"2020-09-13T19:49:18","guid":{"rendered":"https:\/\/algarrother.com\/?page_id=5119"},"modified":"2023-08-03T14:32:08","modified_gmt":"2023-08-03T12:32:08","slug":"nora-haager","status":"publish","type":"page","link":"https:\/\/algarrother.com\/index.php\/de\/nora-haager\/","title":{"rendered":"Nora Haager"},"content":{"rendered":"<p><div class=\"fusion-fullwidth fullwidth-box fusion-builder-row-1 nonhundred-percent-fullwidth non-hundred-percent-height-scrolling\" style=\"--awb-background-position:left top;--awb-border-sizes-top:0px;--awb-border-sizes-bottom:0px;--awb-border-sizes-left:0px;--awb-border-sizes-right:0px;--awb-border-radius-top-left:0px;--awb-border-radius-top-right:0px;--awb-border-radius-bottom-right:0px;--awb-border-radius-bottom-left:0px;--awb-padding-top:20px;--awb-padding-bottom:20px;--awb-flex-wrap:wrap;\" ><div class=\"fusion-builder-row fusion-row\"><div class=\"fusion-layout-column fusion_builder_column fusion-builder-column-0 fusion_builder_column_1_3 1_3 fusion-one-third fusion-column-first\" style=\"--awb-bg-blend:overlay;--awb-bg-size:cover;width:30.6666%; margin-right: 4%;\"><div class=\"fusion-column-wrapper fusion-flex-column-wrapper-legacy\"><div class=\"fusion-image-element in-legacy-container\" style=\"--awb-caption-title-font-family:var(--h2_typography-font-family);--awb-caption-title-font-weight:var(--h2_typography-font-weight);--awb-caption-title-font-style:var(--h2_typography-font-style);--awb-caption-title-size:var(--h2_typography-font-size);--awb-caption-title-transform:var(--h2_typography-text-transform);--awb-caption-title-line-height:var(--h2_typography-line-height);--awb-caption-title-letter-spacing:var(--h2_typography-letter-spacing);\"><span class=\" fusion-imageframe imageframe-none imageframe-1 hover-type-none\"><img decoding=\"async\" width=\"250\" height=\"250\" title=\"nora-haager\" src=\"https:\/\/algarrother.com\/wp-content\/uploads\/2020\/09\/nina-haager.png\" alt class=\"img-responsive wp-image-5120\" srcset=\"https:\/\/algarrother.com\/wp-content\/uploads\/2020\/09\/nina-haager-200x200.png 200w, https:\/\/algarrother.com\/wp-content\/uploads\/2020\/09\/nina-haager.png 250w\" sizes=\"(max-width: 800px) 100vw, 250px\" \/><\/span><\/div><div class=\"fusion-clearfix\"><\/div><\/div><\/div><div class=\"fusion-layout-column fusion_builder_column fusion-builder-column-1 fusion_builder_column_1_3 1_3 fusion-one-third\" style=\"--awb-bg-blend:overlay;--awb-bg-size:cover;width:30.6666%; margin-right: 4%;\"><div class=\"fusion-column-wrapper fusion-flex-column-wrapper-legacy\"><div class=\"fusion-text fusion-text-1\"><h1><strong>Nora Haager<\/strong><\/h1>\n<h3><strong> Master of Science Psychologie<\/strong><br \/>\nCoach &amp; Consultant<\/h3>\n<h3><strong>ALS COACH &amp; CONSULTANT STEHE ICH F\u00dcR:<\/strong><br \/>\nLeidenschaft. Qualit\u00e4t. Wachstum.<\/h3>\n<\/div><div class=\"fusion-clearfix\"><\/div><\/div><\/div><div class=\"fusion-layout-column fusion_builder_column fusion-builder-column-2 fusion_builder_column_1_3 1_3 fusion-one-third fusion-column-last\" style=\"--awb-bg-blend:overlay;--awb-bg-size:cover;--awb-margin-top:38px;width:30.6666%;\"><div class=\"fusion-column-wrapper fusion-flex-column-wrapper-legacy\"><div class=\"fusion-text fusion-text-2\"><h2>Kontakt<\/h2>\n<p>E-Mail: <a href=\"mailto:nora.haager@algarrother.com\">nora.haager@algarrother.com<\/a><\/p>\n<\/div><div class=\"fusion-clearfix\"><\/div><\/div><\/div><\/div><\/div><div class=\"fusion-fullwidth fullwidth-box fusion-builder-row-2 nonhundred-percent-fullwidth non-hundred-percent-height-scrolling\" style=\"--awb-background-position:left top;--awb-border-sizes-top:0px;--awb-border-sizes-bottom:0px;--awb-border-sizes-left:0px;--awb-border-sizes-right:0px;--awb-border-radius-top-left:0px;--awb-border-radius-top-right:0px;--awb-border-radius-bottom-right:0px;--awb-border-radius-bottom-left:0px;--awb-padding-top:20px;--awb-padding-bottom:20px;--awb-flex-wrap:wrap;\" ><div class=\"fusion-builder-row fusion-row\"><div class=\"fusion-layout-column fusion_builder_column fusion-builder-column-3 fusion_builder_column_1_1 1_1 fusion-one-full fusion-column-first fusion-column-last fusion-column-no-min-height\" style=\"--awb-bg-blend:overlay;--awb-bg-size:cover;--awb-margin-bottom:0px;\"><div class=\"fusion-column-wrapper fusion-flex-column-wrapper-legacy\"><div class=\"fusion-sep-clear\"><\/div><div class=\"fusion-separator fusion-full-width-sep\" style=\"margin-left: auto;margin-right: auto;width:100%;\"><div class=\"fusion-separator-border sep-single sep-solid\" style=\"--awb-height:20px;--awb-amount:20px;--awb-sep-color:#90d5f4;border-color:#90d5f4;border-top-width:1px;\"><\/div><\/div><div class=\"fusion-sep-clear\"><\/div><div class=\"fusion-clearfix\"><\/div><\/div><\/div><\/div><\/div><div class=\"fusion-fullwidth fullwidth-box fusion-builder-row-3 nonhundred-percent-fullwidth non-hundred-percent-height-scrolling\" style=\"--awb-background-position:left top;--awb-border-sizes-top:0px;--awb-border-sizes-bottom:0px;--awb-border-sizes-left:0px;--awb-border-sizes-right:0px;--awb-border-radius-top-left:0px;--awb-border-radius-top-right:0px;--awb-border-radius-bottom-right:0px;--awb-border-radius-bottom-left:0px;--awb-padding-top:20px;--awb-padding-bottom:20px;--awb-flex-wrap:wrap;\" ><div class=\"fusion-builder-row fusion-row\"><div class=\"fusion-layout-column fusion_builder_column fusion-builder-column-4 fusion_builder_column_1_3 1_3 fusion-one-third fusion-column-first\" style=\"--awb-bg-blend:overlay;--awb-bg-size:cover;width:30.6666%; margin-right: 4%;\"><div class=\"fusion-column-wrapper fusion-flex-column-wrapper-legacy\"><div class=\"fusion-text fusion-text-3\"><h2>Berufserfahrung<\/h2>\n<ul>\n<li>Seit 2019: Coach &amp; Consultant im Rother\u2019s Team<\/li>\n<li>Seit 2017: Selbstst\u00e4ndige Beraterin &amp; Coach<\/li>\n<li>2018-2019: Leadership &amp; Learning Consultant bei Witzenmann GmbH, Pforzheim<\/li>\n<li>2014-2017: Beraterin, Trainerin &amp; Coach bei der grow.up. Management Beratung, Gummersbach<\/li>\n<li>2013: Internationale Personal- und F\u00fchrungskr\u00e4fteentwicklung bei der Fraport AG, Frankfurt<\/li>\n<\/ul>\n<\/div><div class=\"fusion-clearfix\"><\/div><\/div><\/div><div class=\"fusion-layout-column fusion_builder_column fusion-builder-column-5 fusion_builder_column_1_3 1_3 fusion-one-third\" style=\"--awb-bg-blend:overlay;--awb-bg-size:cover;width:30.6666%; margin-right: 4%;\"><div class=\"fusion-column-wrapper fusion-flex-column-wrapper-legacy\"><div class=\"fusion-text fusion-text-4\"><h2>Aus- und Weiterbildung<\/h2>\n<ul>\n<li>B.Sc. &amp; M.Sc. Psychologie mit den Schwerpunkten Wirtschafts- &amp; Personalpsychologie an der TU Darmstadt<\/li>\n<li>Systemischer Coach (zertifiziert durch den DCV)<\/li>\n<li>Scrum Master (Scrum.org)<\/li>\n<li>Product Owner (Scrum.org)<\/li>\n<li>Weiterbildung Change Management (Haufe)<\/li>\n<li>Akkreditierung &amp; Lizenzierung:<br \/>\n&#8211; INSIGHTS MDI\u00ae Master<br \/>\n&#8211; LUXX Profile<br \/>\n&#8211; REISS Profil<\/li>\n<li>Somatic Experiencing Practitioner<\/li>\n<\/ul>\n<\/div><div class=\"fusion-clearfix\"><\/div><\/div><\/div><div class=\"fusion-layout-column fusion_builder_column fusion-builder-column-6 fusion_builder_column_1_3 1_3 fusion-one-third fusion-column-last\" style=\"--awb-bg-blend:overlay;--awb-bg-size:cover;width:30.6666%;\"><div class=\"fusion-column-wrapper fusion-flex-column-wrapper-legacy\"><div class=\"fusion-text fusion-text-5\"><h2>Beratungs- \/ Trainingsschwerpunkte<\/h2>\n<ul>\n<li>Coaching und Pers\u00f6nlichkeitsentwicklung<\/li>\n<li>Teamentwicklung<\/li>\n<li>F\u00fchrungskr\u00e4fteentwicklung<\/li>\n<li>Begleitung von Ver\u00e4nderungsprozessen<\/li>\n<li>Workshop-Moderation<\/li>\n<li>Train-the-Trainer-Konzeption<\/li>\n<\/ul>\n<\/div><div class=\"fusion-clearfix\"><\/div><\/div><\/div><\/div><\/div><div class=\"fusion-fullwidth fullwidth-box fusion-builder-row-4 nonhundred-percent-fullwidth non-hundred-percent-height-scrolling\" style=\"--awb-background-position:left top;--awb-border-sizes-top:0px;--awb-border-sizes-bottom:0px;--awb-border-sizes-left:0px;--awb-border-sizes-right:0px;--awb-border-radius-top-left:0px;--awb-border-radius-top-right:0px;--awb-border-radius-bottom-right:0px;--awb-border-radius-bottom-left:0px;--awb-padding-top:20px;--awb-padding-bottom:20px;--awb-flex-wrap:wrap;\" ><div class=\"fusion-builder-row fusion-row\"><div class=\"fusion-layout-column fusion_builder_column fusion-builder-column-7 fusion_builder_column_1_1 1_1 fusion-one-full fusion-column-first fusion-column-last fusion-column-no-min-height\" style=\"--awb-bg-blend:overlay;--awb-bg-size:cover;--awb-margin-bottom:0px;\"><div class=\"fusion-column-wrapper fusion-flex-column-wrapper-legacy\"><div class=\"fusion-sep-clear\"><\/div><div class=\"fusion-separator fusion-full-width-sep\" style=\"margin-left: auto;margin-right: auto;width:100%;\"><div class=\"fusion-separator-border sep-single sep-solid\" style=\"--awb-height:20px;--awb-amount:20px;--awb-sep-color:#90d5f4;border-color:#90d5f4;border-top-width:1px;\"><\/div><\/div><div class=\"fusion-sep-clear\"><\/div><div class=\"fusion-clearfix\"><\/div><\/div><\/div><\/div><\/div><div class=\"fusion-fullwidth fullwidth-box fusion-builder-row-5 nonhundred-percent-fullwidth non-hundred-percent-height-scrolling\" style=\"--awb-background-position:left top;--awb-border-sizes-top:0px;--awb-border-sizes-bottom:0px;--awb-border-sizes-left:0px;--awb-border-sizes-right:0px;--awb-border-radius-top-left:0px;--awb-border-radius-top-right:0px;--awb-border-radius-bottom-right:0px;--awb-border-radius-bottom-left:0px;--awb-padding-top:20px;--awb-padding-right:0px;--awb-padding-bottom:20px;--awb-flex-wrap:wrap;\" ><div class=\"fusion-builder-row fusion-row\"><div class=\"fusion-layout-column fusion_builder_column fusion-builder-column-8 fusion_builder_column_1_1 1_1 fusion-one-full fusion-column-first fusion-column-last\" style=\"--awb-bg-blend:overlay;--awb-bg-size:cover;\"><div class=\"fusion-column-wrapper fusion-flex-column-wrapper-legacy\"><div class=\"fusion-text fusion-text-6\"><h2>\u00dcber Nora Haager<\/h2>\n<p>Geboren und aufgewachsen in Pforzheim, studierte Nora nach Ihrem Abitur erst Medizin, dann Psychologie mit den<\/p>\n<p>Schwerpunkten Wirtschafts- und Personalpsychologie an der Technischen Universit\u00e4t Darmstadt sowie der University of<\/p>\n<p>Hertfordshire, England. Noch w\u00e4hrend Ihres Studiums absolvierte sie eine Ausbildung zum Systemischen Coach, um nach<\/p>\n<p>Ihrem Abschluss auch etwas \u201ePraktisches\u201c an der Hand zu haben.<\/p>\n<p>Sie liebt nicht nur die Tiefe der 1:1 Begleitung, sondern auch die Abwechslung gro\u00dfer Projekte. So startete sie Ihre berufliche<\/p>\n<p>Laufbahn bei einer Managementberatung mit dem Schwerpunkt Human Resources. Ihre Einsatzschwerpunkte<\/p>\n<p>umfassten die Konzeption und Durchf\u00fchrung von unterschiedlichsten Projekten und Formaten &#8211; von F\u00fchrungskr\u00e4fte-, Team-<\/p>\n<p>und Leitbildentwicklung bis hin zu komplexem Change Management. U.a. leitete Sie mehrere aufeinander aufbauende<\/p>\n<p>Transformationsprojekte bei einem internationalen Global Player des Einzelhandels mit dem Ziel F\u00fchrungsrollen in den<\/p>\n<p>Bereichen Be- und Vertrieb neu zu definieren und die F\u00fchrungskr\u00e4fte entsprechend zu qualifizieren. Ihre eigene<\/p>\n<p>F\u00fchrungsverantwortung in dieser Zeit hat ihr Verst\u00e4ndnis von F\u00fchrung nachhaltig gepr\u00e4gt und ver\u00e4ndert. Sie wei\u00df um den<\/p>\n<p>gro\u00dfen Einfluss auf den Unternehmenserfolg und gibt heute genau dieses Wissen an Ihre Kunden weiter.<\/p>\n<p>Nach fast 4 Jahren Beratung wechselte Nora die Seiten und arbeitete als Leadership &amp; Learning Consultant in der internen<\/p>\n<p>Personal- und F\u00fchrungskr\u00e4fteentwicklung eines internationalen Automobil- und Industriezulieferers. Hier war sie f\u00fcr die<\/p>\n<p>Qualifizierung der F\u00fchrungskr\u00e4fte auf internationaler Ebene und zuletzt als Projektleitung f\u00fcr die Entwicklung eines neuen<\/p>\n<p>Unternehmensleitbildes unter Einbezug aller Hierarchien, Bereiche und Standorte verantwortlich. Heute hilft Sie Ihren Kunden<\/p>\n<p>genau dabei, dass aus F\u00fchrungsgrunds\u00e4tzen, Teamnormen und Leitbildern auf Hochglanzbrosch\u00fcren gelebte Realit\u00e4t wird.<\/p>\n<p>Seit 2019 ist Nora ihre eigene Chefin und u. a. als Beraterin und Trainerin bei Rother\u2018s t\u00e4tig. Sie liebt es, Menschen,<\/p>\n<p>Teams und Organisationen auf Ihrer Transformationsreise hin zu mehr Authentizit\u00e4t, Verbundenheit, Leidenschaft und Power zu begleiten.<\/p>\n<p>Dann folgt der Erfolg ganz automatisch.<\/p>\n<\/div><div class=\"fusion-clearfix\"><\/div><\/div><\/div><\/div><\/div><div class=\"fusion-fullwidth fullwidth-box fusion-builder-row-6 nonhundred-percent-fullwidth non-hundred-percent-height-scrolling\" style=\"--awb-background-position:left top;--awb-border-sizes-top:0px;--awb-border-sizes-bottom:0px;--awb-border-sizes-left:0px;--awb-border-sizes-right:0px;--awb-border-radius-top-left:0px;--awb-border-radius-top-right:0px;--awb-border-radius-bottom-right:0px;--awb-border-radius-bottom-left:0px;--awb-padding-top:20px;--awb-padding-bottom:20px;--awb-flex-wrap:wrap;\" ><div class=\"fusion-builder-row fusion-row\"><div class=\"fusion-layout-column fusion_builder_column fusion-builder-column-9 fusion_builder_column_1_1 1_1 fusion-one-full fusion-column-first fusion-column-last fusion-column-no-min-height\" style=\"--awb-bg-blend:overlay;--awb-bg-size:cover;--awb-margin-bottom:0px;\"><div class=\"fusion-column-wrapper fusion-flex-column-wrapper-legacy\"><div class=\"fusion-sep-clear\"><\/div><div class=\"fusion-separator fusion-full-width-sep\" style=\"margin-left: auto;margin-right: auto;width:100%;\"><div class=\"fusion-separator-border sep-single sep-solid\" style=\"--awb-height:20px;--awb-amount:20px;--awb-sep-color:#90d5f4;border-color:#90d5f4;border-top-width:1px;\"><\/div><\/div><div class=\"fusion-sep-clear\"><\/div><div class=\"fusion-clearfix\"><\/div><\/div><\/div><\/div><\/div><div class=\"fusion-fullwidth fullwidth-box fusion-builder-row-7 nonhundred-percent-fullwidth non-hundred-percent-height-scrolling\" style=\"--awb-background-position:left top;--awb-border-sizes-top:0px;--awb-border-sizes-bottom:0px;--awb-border-sizes-left:0px;--awb-border-sizes-right:0px;--awb-border-radius-top-left:0px;--awb-border-radius-top-right:0px;--awb-border-radius-bottom-right:0px;--awb-border-radius-bottom-left:0px;--awb-padding-top:20px;--awb-padding-bottom:20px;--awb-flex-wrap:wrap;\" ><div class=\"fusion-builder-row fusion-row\"><div class=\"fusion-layout-column fusion_builder_column fusion-builder-column-10 fusion_builder_column_1_1 1_1 fusion-one-full fusion-column-first fusion-column-last fusion-column-no-min-height\" style=\"--awb-bg-blend:overlay;--awb-bg-size:cover;--awb-margin-bottom:0px;\"><div class=\"fusion-column-wrapper fusion-flex-column-wrapper-legacy\"><div class=\"fusion-text fusion-text-7\"><h2 style=\"text-align: left;\">Auszug der Referenzkunden<\/h2>\n<\/div><div class=\"fusion-clearfix\"><\/div><\/div><\/div><div class=\"fusion-layout-column fusion_builder_column fusion-builder-column-11 fusion_builder_column_1_3 1_3 fusion-one-third fusion-column-first\" style=\"--awb-bg-blend:overlay;--awb-bg-size:cover;width:30.6666%; margin-right: 4%;\"><div class=\"fusion-column-wrapper fusion-flex-column-wrapper-legacy\"><div class=\"fusion-text fusion-text-8\"><ul>\n<li>Handel (Discounter (global player))<\/li>\n<li>Deutsches Zentrum f\u00fcr Luft- und Raumfahrt<\/li>\n<li>ESG Elektrosystem- und Logistik GmbH<\/li>\n<li>Steinbeis Hochschule Berlin<\/li>\n<li>Universit\u00e4tskliniken<\/li>\n<li>Management Circle<\/li>\n<li>Stadtwerke Solingen und Bonn<\/li>\n<\/ul>\n<\/div><div class=\"fusion-clearfix\"><\/div><\/div><\/div><\/div><\/div><\/p>\n","protected":false},"excerpt":{"rendered":"","protected":false},"author":6,"featured_media":0,"parent":0,"menu_order":0,"comment_status":"closed","ping_status":"closed","template":"","meta":{"footnotes":""},"class_list":["post-5119","page","type-page","status-publish","hentry"],"_links":{"self":[{"href":"https:\/\/algarrother.com\/index.php\/wp-json\/wp\/v2\/pages\/5119","targetHints":{"allow":["GET"]}}],"collection":[{"href":"https:\/\/algarrother.com\/index.php\/wp-json\/wp\/v2\/pages"}],"about":[{"href":"https:\/\/algarrother.com\/index.php\/wp-json\/wp\/v2\/types\/page"}],"author":[{"embeddable":true,"href":"https:\/\/algarrother.com\/index.php\/wp-json\/wp\/v2\/users\/6"}],"replies":[{"embeddable":true,"href":"https:\/\/algarrother.com\/index.php\/wp-json\/wp\/v2\/comments?post=5119"}],"version-history":[{"count":6,"href":"https:\/\/algarrother.com\/index.php\/wp-json\/wp\/v2\/pages\/5119\/revisions"}],"predecessor-version":[{"id":6702,"href":"https:\/\/algarrother.com\/index.php\/wp-json\/wp\/v2\/pages\/5119\/revisions\/6702"}],"wp:attachment":[{"href":"https:\/\/algarrother.com\/index.php\/wp-json\/wp\/v2\/media?parent=5119"}],"curies":[{"name":"wp","href":"https:\/\/api.w.org\/{rel}","templated":true}]}}