{"id":484,"date":"2016-08-24T09:59:51","date_gmt":"2016-08-24T07:59:51","guid":{"rendered":"http:\/\/algarrother.com\/wp\/?page_id=484"},"modified":"2023-11-28T11:43:35","modified_gmt":"2023-11-28T10:43:35","slug":"heike-weld","status":"publish","type":"page","link":"https:\/\/algarrother.com\/index.php\/de\/heike-weld\/","title":{"rendered":"Heike Weld"},"content":{"rendered":"<p><div class=\"fusion-fullwidth fullwidth-box fusion-builder-row-1 nonhundred-percent-fullwidth non-hundred-percent-height-scrolling\" style=\"--awb-background-position:left top;--awb-border-sizes-top:0px;--awb-border-sizes-bottom:0px;--awb-border-sizes-left:0px;--awb-border-sizes-right:0px;--awb-border-radius-top-left:0px;--awb-border-radius-top-right:0px;--awb-border-radius-bottom-right:0px;--awb-border-radius-bottom-left:0px;--awb-padding-top:20px;--awb-padding-bottom:20px;--awb-flex-wrap:wrap;\" ><div class=\"fusion-builder-row fusion-row\"><div class=\"fusion-layout-column fusion_builder_column fusion-builder-column-0 fusion_builder_column_1_3 1_3 fusion-one-third fusion-column-first\" style=\"--awb-bg-blend:overlay;--awb-bg-size:cover;width:30.6666%; margin-right: 4%;\"><div class=\"fusion-column-wrapper fusion-flex-column-wrapper-legacy\"><div class=\"fusion-image-element in-legacy-container\" style=\"--awb-caption-title-font-family:var(--h2_typography-font-family);--awb-caption-title-font-weight:var(--h2_typography-font-weight);--awb-caption-title-font-style:var(--h2_typography-font-style);--awb-caption-title-size:var(--h2_typography-font-size);--awb-caption-title-transform:var(--h2_typography-text-transform);--awb-caption-title-line-height:var(--h2_typography-line-height);--awb-caption-title-letter-spacing:var(--h2_typography-letter-spacing);\"><span class=\" fusion-imageframe imageframe-none imageframe-1 hover-type-none\"><img decoding=\"async\" width=\"299\" height=\"300\" title=\"Heike Weld rund\" src=\"https:\/\/algarrother.com\/wp-content\/uploads\/2023\/09\/Heike-Weld-rund.png\" alt class=\"img-responsive wp-image-6772\" srcset=\"https:\/\/algarrother.com\/wp-content\/uploads\/2023\/09\/Heike-Weld-rund-200x201.png 200w, https:\/\/algarrother.com\/wp-content\/uploads\/2023\/09\/Heike-Weld-rund.png 299w\" sizes=\"(max-width: 800px) 100vw, 299px\" \/><\/span><\/div><div class=\"fusion-clearfix\"><\/div><\/div><\/div><div class=\"fusion-layout-column fusion_builder_column fusion-builder-column-1 fusion_builder_column_1_3 1_3 fusion-one-third\" style=\"--awb-bg-blend:overlay;--awb-bg-size:cover;width:30.6666%; margin-right: 4%;\"><div class=\"fusion-column-wrapper fusion-flex-column-wrapper-legacy\"><div class=\"fusion-text fusion-text-1\"><h1><strong>Heike Weld<\/strong><\/h1>\n<h3><strong>Literaturwissenschaftlerin\u00a0und Philosophin M.A.<\/strong><br \/>\nCoach &amp; Consultant<\/h3>\n<h3><strong>ALS COACH &amp; CONSULTANT STEHE ICH F\u00dcR:<\/strong><br \/>\nInternationale Erfahrung. Empathie. Nachhaltigkeit.<\/h3>\n<\/div><div class=\"fusion-clearfix\"><\/div><\/div><\/div><div class=\"fusion-layout-column fusion_builder_column fusion-builder-column-2 fusion_builder_column_1_3 1_3 fusion-one-third fusion-column-last\" style=\"--awb-bg-blend:overlay;--awb-bg-size:cover;--awb-margin-top:38px;width:30.6666%;\"><div class=\"fusion-column-wrapper fusion-flex-column-wrapper-legacy\"><div class=\"fusion-text fusion-text-2\"><h2>Kontakt<\/h2>\n<p>E-Mail:\u00a0<a href=\"mailto:heike.weld@algarrother.com\">heike.weld@algarrother.com<\/a><\/p>\n<p><a href=\"http:\/\/algarrother.com\/wp-content\/uploads\/2016\/08\/heike_weld_visitenkarte.pdf\" target=\"_blank\" rel=\"noopener noreferrer\"><img decoding=\"async\" class=\"alignnone size-full wp-image-269\" src=\"http:\/\/algarrother.com\/wp-content\/uploads\/2016\/08\/visitenkarte.jpg\" alt=\"visitenkarte\" width=\"100\" height=\"35\" \/><\/a><\/p>\n<\/div><div class=\"fusion-clearfix\"><\/div><\/div><\/div><\/div><\/div><div class=\"fusion-fullwidth fullwidth-box fusion-builder-row-2 nonhundred-percent-fullwidth non-hundred-percent-height-scrolling\" style=\"--awb-background-position:left top;--awb-border-sizes-top:0px;--awb-border-sizes-bottom:0px;--awb-border-sizes-left:0px;--awb-border-sizes-right:0px;--awb-border-radius-top-left:0px;--awb-border-radius-top-right:0px;--awb-border-radius-bottom-right:0px;--awb-border-radius-bottom-left:0px;--awb-padding-top:20px;--awb-padding-bottom:20px;--awb-flex-wrap:wrap;\" ><div class=\"fusion-builder-row fusion-row\"><div class=\"fusion-layout-column fusion_builder_column fusion-builder-column-3 fusion_builder_column_1_1 1_1 fusion-one-full fusion-column-first fusion-column-last fusion-column-no-min-height\" style=\"--awb-bg-blend:overlay;--awb-bg-size:cover;--awb-margin-bottom:0px;\"><div class=\"fusion-column-wrapper fusion-flex-column-wrapper-legacy\"><div class=\"fusion-sep-clear\"><\/div><div class=\"fusion-separator fusion-full-width-sep\" style=\"margin-left: auto;margin-right: auto;width:100%;\"><div class=\"fusion-separator-border sep-single sep-solid\" style=\"--awb-height:20px;--awb-amount:20px;--awb-sep-color:#90d5f4;border-color:#90d5f4;border-top-width:1px;\"><\/div><\/div><div class=\"fusion-sep-clear\"><\/div><div class=\"fusion-clearfix\"><\/div><\/div><\/div><\/div><\/div><div class=\"fusion-fullwidth fullwidth-box fusion-builder-row-3 nonhundred-percent-fullwidth non-hundred-percent-height-scrolling\" style=\"--awb-background-position:left top;--awb-border-sizes-top:0px;--awb-border-sizes-bottom:0px;--awb-border-sizes-left:0px;--awb-border-sizes-right:0px;--awb-border-radius-top-left:0px;--awb-border-radius-top-right:0px;--awb-border-radius-bottom-right:0px;--awb-border-radius-bottom-left:0px;--awb-padding-top:20px;--awb-padding-bottom:20px;--awb-flex-wrap:wrap;\" ><div class=\"fusion-builder-row fusion-row\"><div class=\"fusion-layout-column fusion_builder_column fusion-builder-column-4 fusion_builder_column_1_3 1_3 fusion-one-third fusion-column-first\" style=\"--awb-bg-blend:overlay;--awb-bg-size:cover;width:30.6666%; margin-right: 4%;\"><div class=\"fusion-column-wrapper fusion-flex-column-wrapper-legacy\"><div class=\"fusion-text fusion-text-3\"><h2>Berufserfahrung<\/h2>\n<ul>\n<li>Seit 2013: Beraterin im Rother\u2018s Team<\/li>\n<li>Seit 1998: Beraterin bei Rother &amp; Partner<\/li>\n<li>1993-1997: Trainerin im Bereich Methoden-<br \/>\nund Sozialkompetenz<\/li>\n<li>Wissenschaftliche Mitarbeiterin Fachbereich Kulturmanagement an der FernUniversit\u00e4t in Hagen<\/li>\n<li>Mentorin f\u00fcr den Fachbereich Philosophie<\/li>\n<\/ul>\n<\/div><div class=\"fusion-clearfix\"><\/div><\/div><\/div><div class=\"fusion-layout-column fusion_builder_column fusion-builder-column-5 fusion_builder_column_1_3 1_3 fusion-one-third\" style=\"--awb-bg-blend:overlay;--awb-bg-size:cover;width:30.6666%; margin-right: 4%;\"><div class=\"fusion-column-wrapper fusion-flex-column-wrapper-legacy\"><div class=\"fusion-text fusion-text-4\"><h2>Aus- und Weiterbildung<\/h2>\n<ul>\n<li>Studium der Germanistik und Philosophie,<br \/>\nM.A.<\/li>\n<li>Personalentwicklung, D.A.A.<br \/>\nSystemische Familientherapeutin, Institut f\u00fcr Familientherapie, Weinheim<\/li>\n<li>Gestalttherapeutische Beraterin, Institut Kontakte<\/li>\n<li>Systemisch-l\u00f6sungsorientiertes Coach,\u00a0 NIK Consulting Berlin<\/li>\n<li>Life and Career Coach, New York University<\/li>\n<li>Feldenkrais Practitioner, Feldenkrais Institut New York<\/li>\n<li>Lizensierung im Bereich Pers\u00f6nlichkeits- und Arbeitstypologien<\/li>\n<li>Weiterbildung in Tanztherapie, Meditation und Fokusing<\/li>\n<\/ul>\n<p><strong>Akkreditierung und Lizenzierung:<\/strong><\/p>\n<ul>\n<li>Team Management System (TMS)<\/li>\n<li>MBTI<\/li>\n<li>Jungian Personality Profile (JPP)<\/li>\n<li>Reiss-Profil<\/li>\n<\/ul>\n<\/div><div class=\"fusion-clearfix\"><\/div><\/div><\/div><div class=\"fusion-layout-column fusion_builder_column fusion-builder-column-6 fusion_builder_column_1_3 1_3 fusion-one-third fusion-column-last\" style=\"--awb-bg-blend:overlay;--awb-bg-size:cover;width:30.6666%;\"><div class=\"fusion-column-wrapper fusion-flex-column-wrapper-legacy\"><div class=\"fusion-text fusion-text-5\"><h2>Beratungs- \/ Trainingsschwerpunkte<\/h2>\n<ul>\n<li>Coaching (Executives, Peergruppen und Teams)<\/li>\n<li>Cross-Cultural und Transition Coaching f\u00fcr Expatriates und Auslandsr\u00fcckkehrer<\/li>\n<li>Begleitung von Change-Prozessen<\/li>\n<li>Expertin f\u00fcr F\u00fchrungskr\u00e4fteentwicklung<\/li>\n<li>Teambildung und -entwicklung<\/li>\n<li>Feedback- und Konfliktl\u00f6sungs-Workshops<\/li>\n<li>Training von Internen Beratern<\/li>\n<\/ul>\n<\/div><div class=\"fusion-clearfix\"><\/div><\/div><\/div><\/div><\/div><div class=\"fusion-fullwidth fullwidth-box fusion-builder-row-4 nonhundred-percent-fullwidth non-hundred-percent-height-scrolling\" style=\"--awb-background-position:left top;--awb-border-sizes-top:0px;--awb-border-sizes-bottom:0px;--awb-border-sizes-left:0px;--awb-border-sizes-right:0px;--awb-border-radius-top-left:0px;--awb-border-radius-top-right:0px;--awb-border-radius-bottom-right:0px;--awb-border-radius-bottom-left:0px;--awb-padding-top:20px;--awb-padding-bottom:20px;--awb-flex-wrap:wrap;\" ><div class=\"fusion-builder-row fusion-row\"><div class=\"fusion-layout-column fusion_builder_column fusion-builder-column-7 fusion_builder_column_1_1 1_1 fusion-one-full fusion-column-first fusion-column-last fusion-column-no-min-height\" style=\"--awb-bg-blend:overlay;--awb-bg-size:cover;--awb-margin-bottom:0px;\"><div class=\"fusion-column-wrapper fusion-flex-column-wrapper-legacy\"><div class=\"fusion-sep-clear\"><\/div><div class=\"fusion-separator fusion-full-width-sep\" style=\"margin-left: auto;margin-right: auto;width:100%;\"><div class=\"fusion-separator-border sep-single sep-solid\" style=\"--awb-height:20px;--awb-amount:20px;--awb-sep-color:#90d5f4;border-color:#90d5f4;border-top-width:1px;\"><\/div><\/div><div class=\"fusion-sep-clear\"><\/div><div class=\"fusion-clearfix\"><\/div><\/div><\/div><\/div><\/div><div class=\"fusion-fullwidth fullwidth-box fusion-builder-row-5 nonhundred-percent-fullwidth non-hundred-percent-height-scrolling\" style=\"--awb-background-position:left top;--awb-border-sizes-top:0px;--awb-border-sizes-bottom:0px;--awb-border-sizes-left:0px;--awb-border-sizes-right:0px;--awb-border-radius-top-left:0px;--awb-border-radius-top-right:0px;--awb-border-radius-bottom-right:0px;--awb-border-radius-bottom-left:0px;--awb-padding-top:20px;--awb-padding-bottom:20px;--awb-flex-wrap:wrap;\" ><div class=\"fusion-builder-row fusion-row\"><div class=\"fusion-layout-column fusion_builder_column fusion-builder-column-8 fusion_builder_column_1_1 1_1 fusion-one-full fusion-column-first fusion-column-last\" style=\"--awb-bg-blend:overlay;--awb-bg-size:cover;\"><div class=\"fusion-column-wrapper fusion-flex-column-wrapper-legacy\"><div class=\"fusion-text fusion-text-6\"><h2>\u00dcber Heike Weld:<\/h2>\n<p>Heike Weld has been a trusted and impactful executive coach and systemic consultant for over 25 years working in association with individuals and organizations at all levels of management in Europe and the United States. Her areas of specialization are individual, peer and team coaching as well as leadership and team development, workshops for conflict resolution and organizational change processes.<\/p>\n<p>In addition to a Master\u2019s Degree in Philosophy and Literature, she has received a qualification in Human Resource Development. She is trained and qualified as a coach both in Germany (NIK Berlin) and in the United States (NYU). Furthermore, she has received a broad qualification in various therapeutic modalities like Familytherapy (IFW, DE) Gestalttherapie and Ericksonian Hypnotherapy (NYSEPH) as well as training in Focusing, Feldenkrais Method, NLP and Jungian Psychology.<\/p>\n<p>Heike\u2019s working style is systemic-solution focused and practical-experience oriented, the focus is on establishing a balance between organizational, and systemic objectives and individual needs. Heike\u2019s combination of business and counseling background allows her to meet her clients where they are, to provide a safe and playful space where they can expand their perspective and utilize their inner potential while moving forward towards their goals.<\/p>\n<p>Born in Germany, she moved to New York City in 2006. She is fluent both in English and German.<\/p>\n<\/div><div class=\"fusion-clearfix\"><\/div><\/div><\/div><\/div><\/div><div class=\"fusion-fullwidth fullwidth-box fusion-builder-row-6 nonhundred-percent-fullwidth non-hundred-percent-height-scrolling\" style=\"--awb-background-position:left top;--awb-border-sizes-top:0px;--awb-border-sizes-bottom:0px;--awb-border-sizes-left:0px;--awb-border-sizes-right:0px;--awb-border-radius-top-left:0px;--awb-border-radius-top-right:0px;--awb-border-radius-bottom-right:0px;--awb-border-radius-bottom-left:0px;--awb-padding-top:20px;--awb-padding-bottom:20px;--awb-flex-wrap:wrap;\" ><div class=\"fusion-builder-row fusion-row\"><div class=\"fusion-layout-column fusion_builder_column fusion-builder-column-9 fusion_builder_column_1_1 1_1 fusion-one-full fusion-column-first fusion-column-last fusion-column-no-min-height\" style=\"--awb-bg-blend:overlay;--awb-bg-size:cover;--awb-margin-bottom:0px;\"><div class=\"fusion-column-wrapper fusion-flex-column-wrapper-legacy\"><div class=\"fusion-sep-clear\"><\/div><div class=\"fusion-separator fusion-full-width-sep\" style=\"margin-left: auto;margin-right: auto;width:100%;\"><div class=\"fusion-separator-border sep-single sep-solid\" style=\"--awb-height:20px;--awb-amount:20px;--awb-sep-color:#90d5f4;border-color:#90d5f4;border-top-width:1px;\"><\/div><\/div><div class=\"fusion-sep-clear\"><\/div><div class=\"fusion-clearfix\"><\/div><\/div><\/div><\/div><\/div><div class=\"fusion-fullwidth fullwidth-box fusion-builder-row-7 nonhundred-percent-fullwidth non-hundred-percent-height-scrolling\" style=\"--awb-background-position:left top;--awb-border-sizes-top:0px;--awb-border-sizes-bottom:0px;--awb-border-sizes-left:0px;--awb-border-sizes-right:0px;--awb-border-radius-top-left:0px;--awb-border-radius-top-right:0px;--awb-border-radius-bottom-right:0px;--awb-border-radius-bottom-left:0px;--awb-padding-top:20px;--awb-padding-bottom:20px;--awb-flex-wrap:wrap;\" ><div class=\"fusion-builder-row fusion-row\"><div class=\"fusion-layout-column fusion_builder_column fusion-builder-column-10 fusion_builder_column_1_1 1_1 fusion-one-full fusion-column-first fusion-column-last\" style=\"--awb-bg-blend:overlay;--awb-bg-size:cover;\"><div class=\"fusion-column-wrapper fusion-flex-column-wrapper-legacy\"><div class=\"fusion-text fusion-text-7\"><h2 style=\"text-align: left;\">Auszug der Referenzkunden<\/h2>\n<\/div><div class=\"fusion-image-carousel fusion-image-carousel-fixed fusion-image-carousel-1 lightbox-enabled\"><div class=\"awb-carousel awb-swiper awb-swiper-carousel awb-carousel--carousel awb-swiper-dots-position-bottom\" data-layout=\"carousel\" data-autoplay=\"no\" data-autoplayspeed=\"2500\" data-autoplaypause=\"no\" data-columns=\"6\" data-columnsmedium=\"1\" data-columnssmall=\"1\" data-itemmargin=\"13\" data-itemwidth=\"180\" data-touchscroll=\"no\" data-freemode=\"no\" data-imagesize=\"fixed\" data-scrollitems=\"0\" data-centeredslides=\"no\" data-rotationangle=\"50\" data-depth=\"100\" data-speed=\"500\" data-shadow=\"no\" data-pagination=\"bullets\" style=\"--awb-columns:6;\"><div class=\"swiper-wrapper awb-image-carousel-wrapper fusion-flex-align-items-center\"><div class=\"swiper-slide\"><div class=\"fusion-carousel-item-wrapper\"><div class=\"fusion-image-wrapper hover-type-zoomin\"><a data-rel=\"iLightbox[image_carousel_1]\" href=\"http:\/\/algarrother.com\/wp-content\/uploads\/2016\/08\/astra_zeneca_logo.png\" target=\"_self\"><img decoding=\"async\" src=\"http:\/\/algarrother.com\/wp-content\/uploads\/2016\/08\/astra_zeneca_logo.png\" alt=\"\"\/><\/a><\/div><\/div><\/div><div class=\"swiper-slide\"><div class=\"fusion-carousel-item-wrapper\"><div class=\"fusion-image-wrapper hover-type-zoomin\"><a data-rel=\"iLightbox[image_carousel_1]\" data-title=\"boehringer_ingelheim\" aria-label=\"boehringer_ingelheim\" href=\"https:\/\/algarrother.com\/wp-content\/uploads\/2019\/10\/boehringer_ingelheim.png\" target=\"_self\"><img decoding=\"async\" width=\"250\" height=\"202\" src=\"https:\/\/algarrother.com\/wp-content\/uploads\/2019\/10\/boehringer_ingelheim-250x202.png\" class=\"attachment-blog-medium size-blog-medium\" alt=\"\" \/><\/a><\/div><\/div><\/div><div class=\"swiper-slide\"><div class=\"fusion-carousel-item-wrapper\"><div class=\"fusion-image-wrapper hover-type-zoomin\"><a data-rel=\"iLightbox[image_carousel_1]\" href=\"http:\/\/algarrother.com\/wp-content\/uploads\/2016\/08\/bosch_logo.png\" target=\"_self\"><img decoding=\"async\" src=\"http:\/\/algarrother.com\/wp-content\/uploads\/2016\/08\/bosch_logo.png\" alt=\"\"\/><\/a><\/div><\/div><\/div><div class=\"swiper-slide\"><div class=\"fusion-carousel-item-wrapper\"><div class=\"fusion-image-wrapper hover-type-zoomin\"><a data-rel=\"iLightbox[image_carousel_1]\" href=\"http:\/\/algarrother.com\/wp-content\/uploads\/2016\/08\/daimler_logo.png\" target=\"_self\"><img decoding=\"async\" src=\"http:\/\/algarrother.com\/wp-content\/uploads\/2016\/08\/daimler_logo.png\" alt=\"\"\/><\/a><\/div><\/div><\/div><div class=\"swiper-slide\"><div class=\"fusion-carousel-item-wrapper\"><div class=\"fusion-image-wrapper hover-type-zoomin\"><a data-rel=\"iLightbox[image_carousel_1]\" href=\"http:\/\/algarrother.com\/wp-content\/uploads\/2016\/08\/goldman_sachs_logo.png\" target=\"_self\"><img decoding=\"async\" src=\"http:\/\/algarrother.com\/wp-content\/uploads\/2016\/08\/goldman_sachs_logo.png\" alt=\"\"\/><\/a><\/div><\/div><\/div><div class=\"swiper-slide\"><div class=\"fusion-carousel-item-wrapper\"><div class=\"fusion-image-wrapper hover-type-zoomin\"><a data-rel=\"iLightbox[image_carousel_1]\" href=\"http:\/\/algarrother.com\/wp-content\/uploads\/2016\/08\/ihk_stuttgart_logo.png\" target=\"_self\"><img decoding=\"async\" src=\"http:\/\/algarrother.com\/wp-content\/uploads\/2016\/08\/ihk_stuttgart_logo.png\" alt=\"\"\/><\/a><\/div><\/div><\/div><div class=\"swiper-slide\"><div class=\"fusion-carousel-item-wrapper\"><div class=\"fusion-image-wrapper hover-type-zoomin\"><a data-rel=\"iLightbox[image_carousel_1]\" href=\"http:\/\/algarrother.com\/wp-content\/uploads\/2016\/08\/lufthansa_logo.png\" target=\"_self\"><img decoding=\"async\" src=\"http:\/\/algarrother.com\/wp-content\/uploads\/2016\/08\/lufthansa_logo.png\" alt=\"\"\/><\/a><\/div><\/div><\/div><div class=\"swiper-slide\"><div class=\"fusion-carousel-item-wrapper\"><div class=\"fusion-image-wrapper hover-type-zoomin\"><a data-rel=\"iLightbox[image_carousel_1]\" href=\"http:\/\/algarrother.com\/wp-content\/uploads\/2016\/08\/michelin_logo.png\" target=\"_self\"><img decoding=\"async\" src=\"http:\/\/algarrother.com\/wp-content\/uploads\/2016\/08\/michelin_logo.png\" alt=\"\"\/><\/a><\/div><\/div><\/div><div class=\"swiper-slide\"><div class=\"fusion-carousel-item-wrapper\"><div class=\"fusion-image-wrapper hover-type-zoomin\"><a data-rel=\"iLightbox[image_carousel_1]\" href=\"http:\/\/algarrother.com\/wp-content\/uploads\/2016\/08\/peugeot_logo.png\" target=\"_self\"><img decoding=\"async\" src=\"http:\/\/algarrother.com\/wp-content\/uploads\/2016\/08\/peugeot_logo.png\" alt=\"\"\/><\/a><\/div><\/div><\/div><div class=\"swiper-slide\"><div class=\"fusion-carousel-item-wrapper\"><div class=\"fusion-image-wrapper hover-type-zoomin\"><a data-rel=\"iLightbox[image_carousel_1]\" href=\"http:\/\/algarrother.com\/wp-content\/uploads\/2016\/08\/pfizer_logo.png\" target=\"_self\"><img decoding=\"async\" src=\"http:\/\/algarrother.com\/wp-content\/uploads\/2016\/08\/pfizer_logo.png\" alt=\"\"\/><\/a><\/div><\/div><\/div><div class=\"swiper-slide\"><div class=\"fusion-carousel-item-wrapper\"><div class=\"fusion-image-wrapper hover-type-zoomin\"><a data-rel=\"iLightbox[image_carousel_1]\" href=\"http:\/\/algarrother.com\/wp-content\/uploads\/2016\/08\/vodafone_logo.png\" target=\"_self\"><img decoding=\"async\" src=\"http:\/\/algarrother.com\/wp-content\/uploads\/2016\/08\/vodafone_logo.png\" alt=\"\"\/><\/a><\/div><\/div><\/div><\/div><div class=\"awb-swiper-button awb-swiper-button-prev\"><i class=\"awb-icon-angle-left\" aria-hidden=\"true\"><\/i><\/div><div class=\"awb-swiper-button awb-swiper-button-next\"><i class=\"awb-icon-angle-right\" aria-hidden=\"true\"><\/i><\/div><\/div><\/div><div class=\"fusion-clearfix\"><\/div><\/div><\/div><\/div><\/div><\/p>\n","protected":false},"excerpt":{"rendered":"","protected":false},"author":1,"featured_media":0,"parent":0,"menu_order":0,"comment_status":"closed","ping_status":"closed","template":"","meta":{"footnotes":""},"class_list":["post-484","page","type-page","status-publish","hentry"],"_links":{"self":[{"href":"https:\/\/algarrother.com\/index.php\/wp-json\/wp\/v2\/pages\/484","targetHints":{"allow":["GET"]}}],"collection":[{"href":"https:\/\/algarrother.com\/index.php\/wp-json\/wp\/v2\/pages"}],"about":[{"href":"https:\/\/algarrother.com\/index.php\/wp-json\/wp\/v2\/types\/page"}],"author":[{"embeddable":true,"href":"https:\/\/algarrother.com\/index.php\/wp-json\/wp\/v2\/users\/1"}],"replies":[{"embeddable":true,"href":"https:\/\/algarrother.com\/index.php\/wp-json\/wp\/v2\/comments?post=484"}],"version-history":[{"count":5,"href":"https:\/\/algarrother.com\/index.php\/wp-json\/wp\/v2\/pages\/484\/revisions"}],"predecessor-version":[{"id":6858,"href":"https:\/\/algarrother.com\/index.php\/wp-json\/wp\/v2\/pages\/484\/revisions\/6858"}],"wp:attachment":[{"href":"https:\/\/algarrother.com\/index.php\/wp-json\/wp\/v2\/media?parent=484"}],"curies":[{"name":"wp","href":"https:\/\/api.w.org\/{rel}","templated":true}]}}