{"id":3936,"date":"2019-05-17T10:47:56","date_gmt":"2019-05-17T08:47:56","guid":{"rendered":"https:\/\/algarrother.com\/?page_id=3936"},"modified":"2024-07-11T10:53:01","modified_gmt":"2024-07-11T08:53:01","slug":"team_de","status":"publish","type":"page","link":"https:\/\/algarrother.com\/index.php\/de\/team_de\/","title":{"rendered":"team_DE"},"content":{"rendered":"<p><div class=\"fusion-fullwidth fullwidth-box fusion-builder-row-1 nonhundred-percent-fullwidth non-hundred-percent-height-scrolling\" style=\"--awb-border-radius-top-left:0px;--awb-border-radius-top-right:0px;--awb-border-radius-bottom-right:0px;--awb-border-radius-bottom-left:0px;--awb-flex-wrap:wrap;\" ><div class=\"fusion-builder-row fusion-row\"><div class=\"fusion-layout-column fusion_builder_column fusion-builder-column-0 fusion_builder_column_1_1 1_1 fusion-one-full fusion-column-first fusion-column-last\" style=\"--awb-bg-size:cover;\"><div class=\"fusion-column-wrapper fusion-column-has-shadow fusion-flex-column-wrapper-legacy\"><div class=\"fusion-text fusion-text-1\"><h1>Team<\/h1>\n<\/div><div class=\"fusion-text fusion-text-2\"><p style=\"text-align: center; font-size: 16px;\"><em>\u201eGro\u00dfe Entwicklungen in Unternehmen kommen nie von einer Person. Sie sind das Produkt eines Teams.\u201c<\/em> &#8211; Steve Jobs<\/p>\n<\/div><div class=\"fusion-clearfix\"><\/div><\/div><\/div><\/div><\/div><div class=\"fusion-fullwidth fullwidth-box fusion-builder-row-2 nonhundred-percent-fullwidth non-hundred-percent-height-scrolling fusion-no-large-visibility\" style=\"--awb-border-radius-top-left:0px;--awb-border-radius-top-right:0px;--awb-border-radius-bottom-right:0px;--awb-border-radius-bottom-left:0px;--awb-flex-wrap:wrap;\" ><div class=\"fusion-builder-row fusion-row\"><div class=\"fusion-layout-column fusion_builder_column fusion-builder-column-1 fusion_builder_column_1_1 1_1 fusion-one-full fusion-column-first fusion-column-last\" style=\"--awb-bg-size:cover;\"><div class=\"fusion-column-wrapper fusion-column-has-shadow fusion-flex-column-wrapper-legacy\"><div class=\"fusion-image-element fusion-image-align-center in-legacy-container\" style=\"text-align:center;--awb-caption-title-font-family:var(--h2_typography-font-family);--awb-caption-title-font-weight:var(--h2_typography-font-weight);--awb-caption-title-font-style:var(--h2_typography-font-style);--awb-caption-title-size:var(--h2_typography-font-size);--awb-caption-title-transform:var(--h2_typography-text-transform);--awb-caption-title-line-height:var(--h2_typography-line-height);--awb-caption-title-letter-spacing:var(--h2_typography-letter-spacing);\"><div class=\"imageframe-align-center\"><span class=\" fusion-imageframe imageframe-none imageframe-1 hover-type-none fusion-animated\" data-animationType=\"fadeInRight\" data-animationDuration=\"0.3\" data-animationOffset=\"top-into-view\"><img decoding=\"async\" width=\"600\" height=\"427\" title=\"They&#8217;re a team that succeeds\" src=\"https:\/\/algarrother.com\/wp-content\/uploads\/2024\/07\/rothers-team.jpg\" alt class=\"img-responsive wp-image-7179\" srcset=\"https:\/\/algarrother.com\/wp-content\/uploads\/2024\/07\/rothers-team-200x142.jpg 200w, https:\/\/algarrother.com\/wp-content\/uploads\/2024\/07\/rothers-team-400x285.jpg 400w, https:\/\/algarrother.com\/wp-content\/uploads\/2024\/07\/rothers-team.jpg 600w\" sizes=\"(max-width: 800px) 100vw, 600px\" \/><\/span><\/div><\/div><div class=\"fusion-clearfix\"><\/div><\/div><\/div><div class=\"fusion-layout-column fusion_builder_column fusion-builder-column-2 fusion_builder_column_1_1 1_1 fusion-one-full fusion-column-first fusion-column-last\" style=\"--awb-bg-size:cover;\"><div class=\"fusion-column-wrapper fusion-column-has-shadow fusion-flex-column-wrapper-legacy\"><div class=\"fusion-text fusion-text-3\"><h2>Leistungsstarke Teams mit Zugeh\u00f6rigkeitsgef\u00fchl entwickeln<\/h2>\n<p>In Zeiten st\u00e4ndiger Ver\u00e4nderung stehen Teams vor der Herausforderung, in guter und effektiver Zusammenarbeit Kunden und Kollegen zu begeistern und unter H\u00f6chstleistung ihre Businessziele zu erreichen.<\/p>\n<p>Noch vor einigen Jahre wurde uns von Teams berichtet, die eher einer Fu\u00dfballmannschaft gleichen. Man hat ein gemeinsames Spielfeld, einen gemeinsamen Gegner und ein gemeinsames Tor vor Augen. Dann ver\u00e4nderte sich dieses Bild und es wurde eher von einer Leichtathletik-Mannschaft gesprochen, d.h. einem Team mit unterschiedlichsten Fachdisziplinen: man konnte weniger voneinander lernen, aber man war doch noch durch eine \u201egemeinsame Flagge\u201c vereint. Heute steht die F\u00fchrungskraft oft vor einem losen Netzwerk von unterschiedlichsten Perspektiven, Zielen, Hierarchieebenen, Kulturen und auch Zeitzonen. Aus solch losen Netzwerkern ein Team zu formen, ist eine gro\u00dfe Herausforderung, zumal die F\u00fchrungskraft heute nicht viel Zeit daf\u00fcr hat.<\/p>\n<\/div><div class=\"fusion-clearfix\"><\/div><\/div><\/div><\/div><\/div><div class=\"fusion-fullwidth fullwidth-box fusion-builder-row-3 nonhundred-percent-fullwidth non-hundred-percent-height-scrolling fusion-equal-height-columns fusion-no-small-visibility fusion-no-medium-visibility\" style=\"--awb-border-radius-top-left:0px;--awb-border-radius-top-right:0px;--awb-border-radius-bottom-right:0px;--awb-border-radius-bottom-left:0px;--awb-flex-wrap:wrap;\" ><div class=\"fusion-builder-row fusion-row\"><div class=\"fusion-layout-column fusion_builder_column fusion-builder-column-3 fusion_builder_column_3_5 3_5 fusion-three-fifth fusion-column-first\" style=\"--awb-bg-size:cover;width:60%;width:calc(60% - ( ( 4% ) * 0.6 ) );margin-right: 4%;\"><div class=\"fusion-column-wrapper fusion-column-has-shadow fusion-flex-column-wrapper-legacy\"><div class=\"fusion-text fusion-text-4\"><h2>Leistungsstarke Teams mit Zugeh\u00f6rigkeitsgef\u00fchl entwickeln<\/h2>\n<p>In Zeiten st\u00e4ndiger Ver\u00e4nderung stehen Teams vor der Herausforderung, in guter und effektiver Zusammenarbeit Kunden und Kollegen zu begeistern und unter H\u00f6chstleistung ihre Businessziele zu erreichen.<\/p>\n<p>Noch vor einigen Jahre wurde uns von Teams berichtet, die eher einer Fu\u00dfballmannschaft gleichen. Man hat ein gemeinsames Spielfeld, einen gemeinsamen Gegner und ein gemeinsames Tor vor Augen. Dann ver\u00e4nderte sich dieses Bild und es wurde eher von einer Leichtathletik-Mannschaft gesprochen, d.h. einem Team mit unterschiedlichsten Fachdisziplinen: man konnte weniger voneinander lernen, aber man war doch noch durch eine \u201egemeinsame Flagge\u201c vereint. Heute steht die F\u00fchrungskraft oft vor einem losen Netzwerk von unterschiedlichsten Perspektiven, Zielen, Hierarchieebenen, Kulturen und auch Zeitzonen. Aus solch losen Netzwerkern ein Team zu formen, ist eine gro\u00dfe Herausforderung, zumal die F\u00fchrungskraft heute nicht viel Zeit daf\u00fcr hat.<\/p>\n<\/div><div class=\"fusion-clearfix\"><\/div><\/div><\/div><div class=\"fusion-layout-column fusion_builder_column fusion-builder-column-4 fusion_builder_column_2_5 2_5 fusion-two-fifth fusion-column-last\" style=\"--awb-bg-size:cover;width:40%;width:calc(40% - ( ( 4% ) * 0.4 ) );\"><div class=\"fusion-column-wrapper fusion-column-has-shadow fusion-flex-column-wrapper-legacy\"><div class=\"fusion-image-element in-legacy-container\" style=\"--awb-caption-title-font-family:var(--h2_typography-font-family);--awb-caption-title-font-weight:var(--h2_typography-font-weight);--awb-caption-title-font-style:var(--h2_typography-font-style);--awb-caption-title-size:var(--h2_typography-font-size);--awb-caption-title-transform:var(--h2_typography-text-transform);--awb-caption-title-line-height:var(--h2_typography-line-height);--awb-caption-title-letter-spacing:var(--h2_typography-letter-spacing);\"><span class=\" fusion-imageframe imageframe-none imageframe-2 hover-type-none fusion-animated\" data-animationType=\"fadeInRight\" data-animationDuration=\"0.3\" data-animationOffset=\"top-into-view\"><img decoding=\"async\" width=\"600\" height=\"427\" title=\"They&#8217;re a team that succeeds\" src=\"https:\/\/algarrother.com\/wp-content\/uploads\/2024\/07\/rothers-team.jpg\" alt class=\"img-responsive wp-image-7179\" srcset=\"https:\/\/algarrother.com\/wp-content\/uploads\/2024\/07\/rothers-team-200x142.jpg 200w, https:\/\/algarrother.com\/wp-content\/uploads\/2024\/07\/rothers-team-400x285.jpg 400w, https:\/\/algarrother.com\/wp-content\/uploads\/2024\/07\/rothers-team.jpg 600w\" sizes=\"(max-width: 800px) 100vw, 600px\" \/><\/span><\/div><div class=\"fusion-clearfix\"><\/div><\/div><\/div><\/div><\/div><div class=\"fusion-fullwidth fullwidth-box fusion-builder-row-4 nonhundred-percent-fullwidth non-hundred-percent-height-scrolling\" style=\"--awb-border-radius-top-left:0px;--awb-border-radius-top-right:0px;--awb-border-radius-bottom-right:0px;--awb-border-radius-bottom-left:0px;--awb-flex-wrap:wrap;\" ><div class=\"fusion-builder-row fusion-row\"><div class=\"fusion-layout-column fusion_builder_column fusion-builder-column-5 fusion_builder_column_1_1 1_1 fusion-one-full fusion-column-first fusion-column-last\" style=\"--awb-bg-size:cover;\"><div class=\"fusion-column-wrapper fusion-column-has-shadow fusion-flex-column-wrapper-legacy\"><div class=\"fusion-text fusion-text-5\"><p>Teamentwicklungsma\u00dfnahmen sind ein sehr effizientes Mittel, um neu formierte und bestehende Teams schnell zu einer effektiven und reibungslosen Zusammenarbeit zu f\u00fchren durch:<\/p>\n<ul>\n<li>Besseres Kennenlernen und Steigerung des gegenseitigen Vertrauens<\/li>\n<li>Neue Teamzusammensetzung und damit verbundene (Um-)Verteilung und Kl\u00e4rung von Rollen und Aufgaben<\/li>\n<li>Merger zweier Unternehmen\/Bereiche\/Teams<\/li>\n<li>Bessere Integration von Teammitgliedern\/virtuellen Teams<\/li>\n<li>Neues Projekt\/neue F\u00fchrungskraft<\/li>\n<li>Konflikte unterschiedlicher Art<\/li>\n<li>Performance steigern, Zukunft gestalten<\/li>\n<li>Strukturelle Ver\u00e4nderungsprozesse<\/li>\n<li>Synergien nutzen<\/li>\n<\/ul>\n<p style=\"text-align: left;\">Wir unterst\u00fctzen die F\u00fchrungskr\u00e4fte und Teams dabei, aus losen, wenig effektiven Gruppen von Mitarbeitern in k\u00fcrzester Zeit ein leistungsstarkes Team mit Zugeh\u00f6rigkeitsgef\u00fchl zu entwickeln.<\/p>\n<p>Durch Teambuilding- und Teamentwicklungs-Workshops mit unseren Coaches &amp; Consultants erleben Ihre Teams Ihre Zusammenarbeit in einem praktischen, interaktiven und fokussierten Rahmen.<\/p>\n<p>Mit einem auf Ihr Anliegen ma\u00dfgeschneiderten Begleitkonzept unterst\u00fctzen wir Sie und Ihr Team:<\/p>\n<ul>\n<li>gemeinsame Ziele zu entwickeln, zu beschreiben und festzulegen.<\/li>\n<li>sorgf\u00e4ltig und nachhaltig der geplanten Ver\u00e4nderungen zu verankern.<\/li>\n<li>\u201eKnackpunkte\u201c, Vorbehalte, Widerst\u00e4nde herauszuarbeiten.<\/li>\n<li>Verst\u00e4ndnis f\u00fcr eigene Handlungsweisen und die der Kollegen (Rollen und Funktionen im Team) sowie gesteigertes Bewusstsein f\u00fcr die Potentiale und Ressourcen des Teams zu entwickeln.<\/li>\n<li>Unterschiede in Teams als eine wertvolle Quelle von Synergien und Innovation zu erkennen und zu nutzen.<\/li>\n<li>Erfolgskriterien einer effektiven Zusammenarbeit zu formulieren und zu definieren.<\/li>\n<li>gemeinsames Bild der Teamsituation und Dynamik zu erzeugen.<\/li>\n<li>ein Teambewusstsein zu entwickeln.<\/li>\n<li>konkrete Ma\u00dfnahmen f\u00fcr den weiteren Arbeitsalltag zu vereinbaren.<\/li>\n<\/ul>\n<p>Im Rahmen eines integrierten Change-Konzepts schaffen Teamentwicklungsma\u00dfnahmen ein bereichs\u00fcbergreifendes Verst\u00e4ndnis, erzeugen Aufbruchsstimmung und sorgen f\u00fcr ungew\u00f6hnliche Probleml\u00f6sungen in der Umsetzung.<\/p>\n<p>Anlassbezogen setzen wir Pers\u00f6nlichkeitsprofile sowie Team Performance Check-Up dort ein, wo es sinnvoll ist, und w\u00e4hlen das richtige Pers\u00f6nlichkeitsprofil aus \u2013 u.a. Team Management System (TMS), Insights Discovery, JPP (Jungian Personality Profile), Myers-Briggs-Typindikator (MBTI), Motiv Struktur Analyse (MSA), W.E.R.T.\u00ae-Profil.<\/p>\n<p>Unsere Erfahrung basiert auf der erfolgreichen Begleitung von mehr als 3000 Teams aus unterschiedlichsten Branchen und Organisationseinheiten, lokal wie global.<\/p>\n<\/div><div class=\"fusion-clearfix\"><\/div><\/div><\/div><\/div><\/div><div class=\"fusion-fullwidth fullwidth-box fusion-builder-row-5 nonhundred-percent-fullwidth non-hundred-percent-height-scrolling\" style=\"--awb-border-radius-top-left:0px;--awb-border-radius-top-right:0px;--awb-border-radius-bottom-right:0px;--awb-border-radius-bottom-left:0px;--awb-flex-wrap:wrap;\" ><div class=\"fusion-builder-row fusion-row\"><div class=\"fusion-layout-column fusion_builder_column fusion-builder-column-6 fusion_builder_column_1_1 1_1 fusion-one-full fusion-column-first fusion-column-last\" style=\"--awb-bg-size:cover;\"><div class=\"fusion-column-wrapper fusion-column-has-shadow fusion-flex-column-wrapper-legacy\"><div class=\"fusion-sep-clear\"><\/div><div class=\"fusion-separator fusion-full-width-sep\" style=\"margin-left: auto;margin-right: auto;margin-bottom:40px;width:100%;\"><div class=\"fusion-separator-border sep-shadow\" style=\"--awb-height:20px;--awb-amount:20px;background:radial-gradient(ellipse at 50% -50% , #e0dede 0px, rgba(255, 255, 255, 0) 80%) repeat scroll 0 0 rgba(0, 0, 0, 0);background:-webkit-radial-gradient(ellipse at 50% -50% , #e0dede 0px, rgba(255, 255, 255, 0) 80%) repeat scroll 0 0 rgba(0, 0, 0, 0);background:-moz-radial-gradient(ellipse at 50% -50% , #e0dede 0px, rgba(255, 255, 255, 0) 80%) repeat scroll 0 0 rgba(0, 0, 0, 0);background:-o-radial-gradient(ellipse at 50% -50% , #e0dede 0px, rgba(255, 255, 255, 0) 80%) repeat scroll 0 0 rgba(0, 0, 0, 0);\"><\/div><\/div><div class=\"fusion-sep-clear\"><\/div><div class=\"fusion-text fusion-text-6\"><h2>Hier ein Auszug unserer Referenzprojekte<\/h2>\n<p><strong>Unternehmens\u00fcbergreifende Zusammenarbeit und gemeinsame Markt-Ausrichtung <\/strong>\u2013 Pharmaindustrie \u2013<\/p>\n<p><em>Gro\u00dfgruppenveranstaltungen mit Unternehmensvertretern zweier Unternehmen zur Zusammenf\u00fchrung von Schnittstellen, Kennenlernen und Austausch sowie Sch\u00e4rfung von Aufgaben und Verantwortlichkeiten in einem strategischen Allianz-Projekt mit gemeinsamem Marktzugang.<\/em><\/p>\n<p><strong>Integration einer neuen Gruppe in einen bestehenden Bereich<\/strong> \u2013 Pharmaindustrie \u2013<\/p>\n<p><em>Kick-Off Workshop zum Kennenlernen und Willkommen hei\u00dfen der neuen Kollegen, Kl\u00e4rung des jeweiligen Selbstverst\u00e4ndnisses und Austausch \u00fcber Kultur, Unterschiede und Gemeinsamkeiten, Ableitung von Vereinbarungen f\u00fcr die zuk\u00fcnftige Zusammenarbeit.<\/em><\/p>\n<p>Was m\u00f6chten Sie mit Ihrem Team erreichen?<\/p>\n<p>Nehmen Sie Kontakt zu uns auf.<\/p>\n<\/div><div class=\"fusion-clearfix\"><\/div><\/div><\/div><\/div><\/div><\/p>\n","protected":false},"excerpt":{"rendered":"","protected":false},"author":5,"featured_media":0,"parent":0,"menu_order":0,"comment_status":"closed","ping_status":"closed","template":"","meta":{"footnotes":""},"class_list":["post-3936","page","type-page","status-publish","hentry"],"_links":{"self":[{"href":"https:\/\/algarrother.com\/index.php\/wp-json\/wp\/v2\/pages\/3936","targetHints":{"allow":["GET"]}}],"collection":[{"href":"https:\/\/algarrother.com\/index.php\/wp-json\/wp\/v2\/pages"}],"about":[{"href":"https:\/\/algarrother.com\/index.php\/wp-json\/wp\/v2\/types\/page"}],"author":[{"embeddable":true,"href":"https:\/\/algarrother.com\/index.php\/wp-json\/wp\/v2\/users\/5"}],"replies":[{"embeddable":true,"href":"https:\/\/algarrother.com\/index.php\/wp-json\/wp\/v2\/comments?post=3936"}],"version-history":[{"count":14,"href":"https:\/\/algarrother.com\/index.php\/wp-json\/wp\/v2\/pages\/3936\/revisions"}],"predecessor-version":[{"id":7181,"href":"https:\/\/algarrother.com\/index.php\/wp-json\/wp\/v2\/pages\/3936\/revisions\/7181"}],"wp:attachment":[{"href":"https:\/\/algarrother.com\/index.php\/wp-json\/wp\/v2\/media?parent=3936"}],"curies":[{"name":"wp","href":"https:\/\/api.w.org\/{rel}","templated":true}]}}