{"id":3926,"date":"2019-05-17T10:29:28","date_gmt":"2019-05-17T08:29:28","guid":{"rendered":"https:\/\/algarrother.com\/?page_id=3926"},"modified":"2024-08-16T14:51:42","modified_gmt":"2024-08-16T12:51:42","slug":"lean_de","status":"publish","type":"page","link":"https:\/\/algarrother.com\/index.php\/de\/lean_de\/","title":{"rendered":"lean_DE"},"content":{"rendered":"<p><div class=\"fusion-fullwidth fullwidth-box fusion-builder-row-1 nonhundred-percent-fullwidth non-hundred-percent-height-scrolling\" style=\"--awb-border-radius-top-left:0px;--awb-border-radius-top-right:0px;--awb-border-radius-bottom-right:0px;--awb-border-radius-bottom-left:0px;--awb-flex-wrap:wrap;\" ><div class=\"fusion-builder-row fusion-row\"><div class=\"fusion-layout-column fusion_builder_column fusion-builder-column-0 fusion_builder_column_1_1 1_1 fusion-one-full fusion-column-first fusion-column-last\" style=\"--awb-bg-size:cover;\"><div class=\"fusion-column-wrapper fusion-column-has-shadow fusion-flex-column-wrapper-legacy\"><div class=\"fusion-text fusion-text-1\"><h1>Lean Management<\/h1>\n<\/div><div class=\"fusion-text fusion-text-2\"><p style=\"text-align: center; font-size: 16px;\"><em>\u201eNimm an, was n\u00fctzlich ist. Lass weg, was unn\u00fctz ist. Und f\u00fcge das hinzu, was dein Eigenes ist.\u201c<\/em> &#8211; Bruce Lee<\/p>\n<\/div><div class=\"fusion-clearfix\"><\/div><\/div><\/div><\/div><\/div><div class=\"fusion-fullwidth fullwidth-box fusion-builder-row-2 nonhundred-percent-fullwidth non-hundred-percent-height-scrolling fusion-no-large-visibility\" style=\"--awb-border-radius-top-left:0px;--awb-border-radius-top-right:0px;--awb-border-radius-bottom-right:0px;--awb-border-radius-bottom-left:0px;--awb-flex-wrap:wrap;\" ><div class=\"fusion-builder-row fusion-row\"><div class=\"fusion-layout-column fusion_builder_column fusion-builder-column-1 fusion_builder_column_1_1 1_1 fusion-one-full fusion-column-first fusion-column-last\" style=\"--awb-bg-size:cover;\"><div class=\"fusion-column-wrapper fusion-column-has-shadow fusion-flex-column-wrapper-legacy\"><div class=\"fusion-image-element fusion-image-align-center in-legacy-container\" style=\"text-align:center;--awb-caption-title-font-family:var(--h2_typography-font-family);--awb-caption-title-font-weight:var(--h2_typography-font-weight);--awb-caption-title-font-style:var(--h2_typography-font-style);--awb-caption-title-size:var(--h2_typography-font-size);--awb-caption-title-transform:var(--h2_typography-text-transform);--awb-caption-title-line-height:var(--h2_typography-line-height);--awb-caption-title-letter-spacing:var(--h2_typography-letter-spacing);\"><div class=\"imageframe-align-center\"><span class=\" fusion-imageframe imageframe-none imageframe-1 hover-type-none fusion-animated\" data-animationType=\"fadeInRight\" data-animationDuration=\"0.3\" data-animationOffset=\"top-into-view\"><img decoding=\"async\" width=\"685\" height=\"456\" title=\"oldway newway lean hell\" src=\"https:\/\/algarrother.com\/wp-content\/uploads\/2024\/08\/oldway-newway-lean-hell.png\" alt class=\"img-responsive wp-image-7211\" srcset=\"https:\/\/algarrother.com\/wp-content\/uploads\/2024\/08\/oldway-newway-lean-hell-200x133.png 200w, https:\/\/algarrother.com\/wp-content\/uploads\/2024\/08\/oldway-newway-lean-hell-400x266.png 400w, https:\/\/algarrother.com\/wp-content\/uploads\/2024\/08\/oldway-newway-lean-hell-600x399.png 600w, https:\/\/algarrother.com\/wp-content\/uploads\/2024\/08\/oldway-newway-lean-hell.png 685w\" sizes=\"(max-width: 800px) 100vw, 685px\" \/><\/span><\/div><\/div><div class=\"fusion-clearfix\"><\/div><\/div><\/div><div class=\"fusion-layout-column fusion_builder_column fusion-builder-column-2 fusion_builder_column_1_1 1_1 fusion-one-full fusion-column-first fusion-column-last\" style=\"--awb-bg-size:cover;\"><div class=\"fusion-column-wrapper fusion-column-has-shadow fusion-flex-column-wrapper-legacy\"><div class=\"fusion-text fusion-text-3\"><h2>Lean \u2013 die einflussreichste Managementphilosophie der letzten Jahre ist so aktuell wie nie zuvor.<\/h2>\n<p>Viele Unternehmen haben sehr positive Erfahrungen mit der Anwendung der Lean-Methoden gemacht. Sowohl im operativen wie auch im administrativen Bereich sind gro\u00dfe und kontinuierliche Verbesserungen m\u00f6glich bei Produktivit\u00e4t, Durchlaufzeit und Qualit\u00e4t.<\/p>\n<p>Nachhaltigen Erfolg haben dabei jene Unternehmen, die nicht nur einzelne Werkzeuge aus dem \u201eMethodenkoffer Lean\u201c ausw\u00e4hlen und umsetzen, sondern diejenigen, die ihre Strukturen, Prozesse, Methoden sowie ihr Management- und F\u00fchrungsverhalten konsequent auf Lean ausgerichtet haben. Nutzen auch Sie diese Ideen f\u00fcr die Zukunftssicherung Ihres Unternehmens.<\/p>\n<p>Nach einer kurzen Aufnahme der Situation Ihres Unternehmens entwickeln wir zusammen mit Ihnen ein ma\u00dfgeschneidertes Lean-Konzept, welches wir mit einem internen Projektteam erarbeiten und mit dem Management abstimmen.<\/p>\n<p>F\u00fcr die Umsetzung der Konzeption sorgen wir als Begleiter der internen Projektteams und der internen Lean-Coaches, der Mitarbeiter und F\u00fchrungskr\u00e4fte.<\/p>\n<p>Wir verf\u00fcgen \u00fcber 25 Jahre Erfahrung mit Lean und Change Management in den verschiedensten Branchen (Automobil, Maschinenbau, Energie, Chemische- und Pharmazeutische Industrie).<\/p>\n<p>Wir bieten kompetente Beratung und Begleitung durch interdisziplin\u00e4re Teams im gesamten Ver\u00e4nderungsprozess von der Analyse, Konzeptentwicklung, Information und Training, Coaching und Sparring bis zur Evaluation.<\/p>\n<\/div><div class=\"fusion-clearfix\"><\/div><\/div><\/div><\/div><\/div><div class=\"fusion-fullwidth fullwidth-box fusion-builder-row-3 nonhundred-percent-fullwidth non-hundred-percent-height-scrolling fusion-no-small-visibility fusion-no-medium-visibility\" style=\"--awb-border-radius-top-left:0px;--awb-border-radius-top-right:0px;--awb-border-radius-bottom-right:0px;--awb-border-radius-bottom-left:0px;--awb-flex-wrap:wrap;\" ><div class=\"fusion-builder-row fusion-row\"><div class=\"fusion-layout-column fusion_builder_column fusion-builder-column-3 fusion_builder_column_3_5 3_5 fusion-three-fifth fusion-column-first\" style=\"--awb-bg-size:cover;width:60%;width:calc(60% - ( ( 4% ) * 0.6 ) );margin-right: 4%;\"><div class=\"fusion-column-wrapper fusion-column-has-shadow fusion-flex-column-wrapper-legacy\"><div class=\"fusion-text fusion-text-4\"><h2>Lean \u2013 die einflussreichste Managementphilosophie der letzten Jahre ist so aktuell wie nie zuvor.<\/h2>\n<p>Viele Unternehmen haben sehr positive Erfahrungen mit der Anwendung der Lean-Methoden gemacht. Sowohl im operativen wie auch im administrativen Bereich sind gro\u00dfe und kontinuierliche Verbesserungen m\u00f6glich bei Produktivit\u00e4t, Durchlaufzeit und Qualit\u00e4t.<\/p>\n<p>Nachhaltigen Erfolg haben dabei jene Unternehmen, die nicht nur einzelne Werkzeuge aus dem \u201eMethodenkoffer Lean\u201c ausw\u00e4hlen und umsetzen, sondern diejenigen, die ihre Strukturen, Prozesse, Methoden sowie ihr Management- und F\u00fchrungsverhalten konsequent auf Lean ausgerichtet haben. Nutzen auch Sie diese Ideen f\u00fcr die Zukunftssicherung Ihres Unternehmens.<\/p>\n<p>Nach einer kurzen Aufnahme der Situation Ihres Unternehmens entwickeln wir zusammen mit Ihnen ein ma\u00dfgeschneidertes Lean-Konzept, welches wir mit einem internen Projektteam erarbeiten und mit dem Management abstimmen.<\/p>\n<p>F\u00fcr die Umsetzung der Konzeption sorgen wir als Begleiter der internen Projektteams und der internen Lean-Coaches, der Mitarbeiter und F\u00fchrungskr\u00e4fte.<\/p>\n<p>Wir verf\u00fcgen \u00fcber 25 Jahre Erfahrung mit Lean und Change Management in den verschiedensten Branchen (Automobil, Maschinenbau, Energie, Chemische- und Pharmazeutische Industrie).<\/p>\n<p>Wir bieten kompetente Beratung und Begleitung durch interdisziplin\u00e4re Teams im gesamten Ver\u00e4nderungsprozess von der Analyse, Konzeptentwicklung, Information und Training, Coaching und Sparring bis zur Evaluation.<\/p>\n<\/div><div class=\"fusion-clearfix\"><\/div><\/div><\/div><div class=\"fusion-layout-column fusion_builder_column fusion-builder-column-4 fusion_builder_column_2_5 2_5 fusion-two-fifth fusion-column-last\" style=\"--awb-bg-size:cover;width:40%;width:calc(40% - ( ( 4% ) * 0.4 ) );\"><div class=\"fusion-column-wrapper fusion-column-has-shadow fusion-flex-column-wrapper-legacy\"><div class=\"fusion-image-element in-legacy-container\" style=\"--awb-caption-title-font-family:var(--h2_typography-font-family);--awb-caption-title-font-weight:var(--h2_typography-font-weight);--awb-caption-title-font-style:var(--h2_typography-font-style);--awb-caption-title-size:var(--h2_typography-font-size);--awb-caption-title-transform:var(--h2_typography-text-transform);--awb-caption-title-line-height:var(--h2_typography-line-height);--awb-caption-title-letter-spacing:var(--h2_typography-letter-spacing);\"><span class=\" fusion-imageframe imageframe-none imageframe-2 hover-type-none fusion-animated\" data-animationType=\"fadeInRight\" data-animationDuration=\"0.3\" data-animationOffset=\"top-into-view\"><img decoding=\"async\" width=\"685\" height=\"456\" title=\"oldway newway lean hell\" src=\"https:\/\/algarrother.com\/wp-content\/uploads\/2024\/08\/oldway-newway-lean-hell.png\" alt class=\"img-responsive wp-image-7211\" srcset=\"https:\/\/algarrother.com\/wp-content\/uploads\/2024\/08\/oldway-newway-lean-hell-200x133.png 200w, https:\/\/algarrother.com\/wp-content\/uploads\/2024\/08\/oldway-newway-lean-hell-400x266.png 400w, https:\/\/algarrother.com\/wp-content\/uploads\/2024\/08\/oldway-newway-lean-hell-600x399.png 600w, https:\/\/algarrother.com\/wp-content\/uploads\/2024\/08\/oldway-newway-lean-hell.png 685w\" sizes=\"(max-width: 800px) 100vw, 600px\" \/><\/span><\/div><div class=\"fusion-clearfix\"><\/div><\/div><\/div><\/div><\/div><div class=\"fusion-fullwidth fullwidth-box fusion-builder-row-4 nonhundred-percent-fullwidth non-hundred-percent-height-scrolling\" style=\"--awb-border-radius-top-left:0px;--awb-border-radius-top-right:0px;--awb-border-radius-bottom-right:0px;--awb-border-radius-bottom-left:0px;--awb-flex-wrap:wrap;\" ><div class=\"fusion-builder-row fusion-row\"><div class=\"fusion-layout-column fusion_builder_column fusion-builder-column-5 fusion_builder_column_1_1 1_1 fusion-one-full fusion-column-first fusion-column-last\" style=\"--awb-bg-size:cover;\"><div class=\"fusion-column-wrapper fusion-column-has-shadow fusion-flex-column-wrapper-legacy\"><div class=\"fusion-sep-clear\"><\/div><div class=\"fusion-separator fusion-full-width-sep\" style=\"margin-left: auto;margin-right: auto;margin-bottom:40px;width:100%;\"><div class=\"fusion-separator-border sep-shadow\" style=\"--awb-height:20px;--awb-amount:20px;background:radial-gradient(ellipse at 50% -50% , #e0dede 0px, rgba(255, 255, 255, 0) 80%) repeat scroll 0 0 rgba(0, 0, 0, 0);background:-webkit-radial-gradient(ellipse at 50% -50% , #e0dede 0px, rgba(255, 255, 255, 0) 80%) repeat scroll 0 0 rgba(0, 0, 0, 0);background:-moz-radial-gradient(ellipse at 50% -50% , #e0dede 0px, rgba(255, 255, 255, 0) 80%) repeat scroll 0 0 rgba(0, 0, 0, 0);background:-o-radial-gradient(ellipse at 50% -50% , #e0dede 0px, rgba(255, 255, 255, 0) 80%) repeat scroll 0 0 rgba(0, 0, 0, 0);\"><\/div><\/div><div class=\"fusion-sep-clear\"><\/div><div class=\"fusion-text fusion-text-5\"><h2>Hier ein Auszug unserer Referenzprojekte<\/h2>\n<p><strong>Lean Operations<\/strong> &#8211; Pharmaindustrie<\/p>\n<p><em>Bei einem Produktionsstandort eines gro\u00dfen Pharmaunternehmens haben wir die F\u00fchrung von der Konzepterstellung bis zur erfolgreichen Umsetzung eines standortspezifischen Lean-Produktionssystems mit den Elementen wertstromorientierte Organisation, Teamarbeit, kontinuierlicher Verbesserungsprozess und Shopfloor-Management unterst\u00fctzt. Dabei haben wir F\u00fchrungskr\u00e4fte und Mitarbeiter im Ver\u00e4nderungsprozess mit Hilfe von Trainings und Coachings begleitet. Die besondere Herausforderung eines Produktionsstandortes eines gro\u00dfen Pharmaunternehmens bestand darin, die Organisation und die Rolle der F\u00fchrungskr\u00e4fte v\u00f6llig neu auszurichten \u2013 es sollte in Zukunft nicht mehr in erster Linie darum gehen \u201ebester Fachmann\u201c zu sein, sondern den Fokus auf die F\u00fchrung der Mitarbeiter und des Produktionsprozesses zu legen. Erhebliche Erfolge zeigten sich unter anderem in einer deutlichen Verk\u00fcrzung der Durchlaufzeit und bez\u00fcglich der Termintreue der Fertigungsauftr\u00e4ge.<\/em><\/p>\n<p><strong>Lean Administration<\/strong> &#8211; Finanzsektor<\/p>\n<p><em>Das Unternehmen hatte positive Erfahrungen mit Lean in operativen Bereichen gemacht und wollte dies auch auf administrative Bereiche \u00fcbertragen. Dazu hatte sich bereits ein internes Projektteam gegr\u00fcndet. Unsere Leistung bestand darin, dieses Team sowohl bei der Entwicklung der Konzeption f\u00fcr die Lean Administration als auch im Change Management punktuell zu unterst\u00fctzen. Die Verantwortung f\u00fcr die Umsetzung lag dabei weiterhin beim internen Projektteam. Ergebnis war die erfolgreiche Verankerung des Lean-Gedankens bei den F\u00fchrungskr\u00e4ften und eine deutliche Produktivit\u00e4tssteigerung bei den Gesch\u00e4ftsprozessen. Insbesondere die Entwicklung messbarer visualisierter Ziele f\u00fchrte zu einer deutlich besseren Ausrichtung und Motivation aller Mitarbeitenden auf Ihren Beitrag zum Unternehmensziel.<\/em><\/p>\n<p>Warum ist die Durchdringung noch nicht in allen Unternehmen gelungen? Lean ist in erster Linie eine Ver\u00e4nderung der Verhaltensmuster aller Mitarbeiter und F\u00fchrungskr\u00e4fte \u00ad\u00ad- und die eigene Ver\u00e4nderung ist bekanntlich am schwersten. Die Anstrengung lohnt jedoch! Gerne unterst\u00fctzen wir Sie dabei.<\/p>\n<\/div><div class=\"fusion-clearfix\"><\/div><\/div><\/div><\/div><\/div><\/p>\n","protected":false},"excerpt":{"rendered":"","protected":false},"author":5,"featured_media":0,"parent":0,"menu_order":0,"comment_status":"closed","ping_status":"closed","template":"","meta":{"footnotes":""},"class_list":["post-3926","page","type-page","status-publish","hentry"],"_links":{"self":[{"href":"https:\/\/algarrother.com\/index.php\/wp-json\/wp\/v2\/pages\/3926","targetHints":{"allow":["GET"]}}],"collection":[{"href":"https:\/\/algarrother.com\/index.php\/wp-json\/wp\/v2\/pages"}],"about":[{"href":"https:\/\/algarrother.com\/index.php\/wp-json\/wp\/v2\/types\/page"}],"author":[{"embeddable":true,"href":"https:\/\/algarrother.com\/index.php\/wp-json\/wp\/v2\/users\/5"}],"replies":[{"embeddable":true,"href":"https:\/\/algarrother.com\/index.php\/wp-json\/wp\/v2\/comments?post=3926"}],"version-history":[{"count":10,"href":"https:\/\/algarrother.com\/index.php\/wp-json\/wp\/v2\/pages\/3926\/revisions"}],"predecessor-version":[{"id":7212,"href":"https:\/\/algarrother.com\/index.php\/wp-json\/wp\/v2\/pages\/3926\/revisions\/7212"}],"wp:attachment":[{"href":"https:\/\/algarrother.com\/index.php\/wp-json\/wp\/v2\/media?parent=3926"}],"curies":[{"name":"wp","href":"https:\/\/api.w.org\/{rel}","templated":true}]}}