{"id":3881,"date":"2019-05-16T16:19:02","date_gmt":"2019-05-16T14:19:02","guid":{"rendered":"https:\/\/algarrother.com\/?page_id=3881"},"modified":"2024-07-11T10:57:56","modified_gmt":"2024-07-11T08:57:56","slug":"coaching_de","status":"publish","type":"page","link":"https:\/\/algarrother.com\/index.php\/de\/coaching_de\/","title":{"rendered":"coaching_DE"},"content":{"rendered":"<p><div class=\"fusion-fullwidth fullwidth-box fusion-builder-row-1 nonhundred-percent-fullwidth non-hundred-percent-height-scrolling\" style=\"--awb-border-radius-top-left:0px;--awb-border-radius-top-right:0px;--awb-border-radius-bottom-right:0px;--awb-border-radius-bottom-left:0px;--awb-flex-wrap:wrap;\" ><div class=\"fusion-builder-row fusion-row\"><div class=\"fusion-layout-column fusion_builder_column fusion-builder-column-0 fusion_builder_column_1_1 1_1 fusion-one-full fusion-column-first fusion-column-last\" style=\"--awb-bg-size:cover;\"><div class=\"fusion-column-wrapper fusion-column-has-shadow fusion-flex-column-wrapper-legacy\"><div class=\"fusion-text fusion-text-1\"><h1>Coaching &amp; Sparring<\/h1>\n<\/div><div class=\"fusion-text fusion-text-2\"><p style=\"text-align: center;font-size:16px\"><em>\u201eEin Geist, der durch neue Erfahrungen erweitert wurde, schrumpft nie auf seine alte Gr\u00f6\u00dfe zur\u00fcck.\u201c<\/em> &#8211; Oliver Wendell Holmes<\/p>\n<\/div><div class=\"fusion-clearfix\"><\/div><\/div><\/div><\/div><\/div><div class=\"fusion-fullwidth fullwidth-box fusion-builder-row-2 nonhundred-percent-fullwidth non-hundred-percent-height-scrolling fusion-no-large-visibility\" style=\"--awb-border-radius-top-left:0px;--awb-border-radius-top-right:0px;--awb-border-radius-bottom-right:0px;--awb-border-radius-bottom-left:0px;--awb-flex-wrap:wrap;\" ><div class=\"fusion-builder-row fusion-row\"><div class=\"fusion-layout-column fusion_builder_column fusion-builder-column-1 fusion_builder_column_1_1 1_1 fusion-one-full fusion-column-first fusion-column-last\" style=\"--awb-bg-size:cover;\"><div class=\"fusion-column-wrapper fusion-column-has-shadow fusion-flex-column-wrapper-legacy\"><div class=\"fusion-image-element fusion-image-align-center in-legacy-container\" style=\"text-align:center;--awb-caption-title-font-family:var(--h2_typography-font-family);--awb-caption-title-font-weight:var(--h2_typography-font-weight);--awb-caption-title-font-style:var(--h2_typography-font-style);--awb-caption-title-size:var(--h2_typography-font-size);--awb-caption-title-transform:var(--h2_typography-text-transform);--awb-caption-title-line-height:var(--h2_typography-line-height);--awb-caption-title-letter-spacing:var(--h2_typography-letter-spacing);\"><div class=\"imageframe-align-center\"><span class=\" fusion-imageframe imageframe-none imageframe-1 hover-type-none fusion-animated\" data-animationType=\"fadeInRight\" data-animationDuration=\"0.3\" data-animationOffset=\"top-into-view\"><img decoding=\"async\" width=\"600\" height=\"337\" title=\"rothers coaching und sparring\" src=\"https:\/\/algarrother.com\/wp-content\/uploads\/2024\/07\/rothers-coaching-und-sparring.png\" alt class=\"img-responsive wp-image-7182\" srcset=\"https:\/\/algarrother.com\/wp-content\/uploads\/2024\/07\/rothers-coaching-und-sparring-200x112.png 200w, https:\/\/algarrother.com\/wp-content\/uploads\/2024\/07\/rothers-coaching-und-sparring-400x225.png 400w, https:\/\/algarrother.com\/wp-content\/uploads\/2024\/07\/rothers-coaching-und-sparring.png 600w\" sizes=\"(max-width: 800px) 100vw, 600px\" \/><\/span><\/div><\/div><div class=\"fusion-clearfix\"><\/div><\/div><\/div><div class=\"fusion-layout-column fusion_builder_column fusion-builder-column-2 fusion_builder_column_1_1 1_1 fusion-one-full fusion-column-first fusion-column-last\" style=\"--awb-bg-size:cover;\"><div class=\"fusion-column-wrapper fusion-column-has-shadow fusion-flex-column-wrapper-legacy\"><div class=\"fusion-text fusion-text-3\"><h2>Coaching hilft Ihnen, ihre pers\u00f6nlichen Ziele zu erreichen \u2013 und dabei authentisch zu bleiben<\/h2>\n<p>Sie suchen Coaching, um sich und Ihre individuellen Fragestellungen in den Mittelpunkt zu stellen? Sie wollen sich weiter entwickeln, wissen aber noch nicht genau in welche Richtung? Ihre bisherigen Erfolgsrezepte funktionieren nicht mehr? Sie stehen vor neuen Herausforderungen oder einer wichtigen Entscheidung? Sie wollen Ihr Verhalten \u00e4ndern und dennoch authentisch bleiben? Dann sind Sie hier richtig.<\/p>\n<\/div><div class=\"fusion-clearfix\"><\/div><\/div><\/div><\/div><\/div><div class=\"fusion-fullwidth fullwidth-box fusion-builder-row-3 nonhundred-percent-fullwidth non-hundred-percent-height-scrolling fusion-no-small-visibility fusion-no-medium-visibility\" style=\"--awb-border-radius-top-left:0px;--awb-border-radius-top-right:0px;--awb-border-radius-bottom-right:0px;--awb-border-radius-bottom-left:0px;--awb-flex-wrap:wrap;\" ><div class=\"fusion-builder-row fusion-row\"><div class=\"fusion-layout-column fusion_builder_column fusion-builder-column-3 fusion_builder_column_3_5 3_5 fusion-three-fifth fusion-column-first\" style=\"--awb-bg-size:cover;width:60%;width:calc(60% - ( ( 4% ) * 0.6 ) );margin-right: 4%;\"><div class=\"fusion-column-wrapper fusion-column-has-shadow fusion-flex-column-wrapper-legacy\"><div class=\"fusion-text fusion-text-4\"><h2>Coaching hilft Ihnen, ihre pers\u00f6nlichen Ziele zu erreichen \u2013 und dabei authentisch zu bleiben<\/h2>\n<p>Sie suchen Coaching, um sich und Ihre individuellen Fragestellungen in den Mittelpunkt zu stellen? Sie wollen sich weiter entwickeln, wissen aber noch nicht genau in welche Richtung? Ihre bisherigen Erfolgsrezepte funktionieren nicht mehr? Sie stehen vor neuen Herausforderungen oder einer wichtigen Entscheidung? Sie wollen Ihr Verhalten \u00e4ndern und dennoch authentisch bleiben? Dann sind Sie hier richtig.<\/p>\n<\/div><div class=\"fusion-clearfix\"><\/div><\/div><\/div><div class=\"fusion-layout-column fusion_builder_column fusion-builder-column-4 fusion_builder_column_2_5 2_5 fusion-two-fifth fusion-column-last\" style=\"--awb-bg-size:cover;width:40%;width:calc(40% - ( ( 4% ) * 0.4 ) );\"><div class=\"fusion-column-wrapper fusion-column-has-shadow fusion-flex-column-wrapper-legacy\"><div class=\"fusion-image-element fusion-image-align-center in-legacy-container\" style=\"text-align:center;--awb-max-width:100%;--awb-caption-title-font-family:var(--h2_typography-font-family);--awb-caption-title-font-weight:var(--h2_typography-font-weight);--awb-caption-title-font-style:var(--h2_typography-font-style);--awb-caption-title-size:var(--h2_typography-font-size);--awb-caption-title-transform:var(--h2_typography-text-transform);--awb-caption-title-line-height:var(--h2_typography-line-height);--awb-caption-title-letter-spacing:var(--h2_typography-letter-spacing);\"><div class=\"imageframe-align-center\"><span class=\" fusion-imageframe imageframe-none imageframe-2 hover-type-none fusion-animated\" data-animationType=\"fadeInRight\" data-animationDuration=\"0.3\" data-animationOffset=\"top-into-view\"><img decoding=\"async\" width=\"600\" height=\"337\" title=\"rothers coaching und sparring\" src=\"https:\/\/algarrother.com\/wp-content\/uploads\/2024\/07\/rothers-coaching-und-sparring.png\" alt class=\"img-responsive wp-image-7182\" srcset=\"https:\/\/algarrother.com\/wp-content\/uploads\/2024\/07\/rothers-coaching-und-sparring-200x112.png 200w, https:\/\/algarrother.com\/wp-content\/uploads\/2024\/07\/rothers-coaching-und-sparring-400x225.png 400w, https:\/\/algarrother.com\/wp-content\/uploads\/2024\/07\/rothers-coaching-und-sparring.png 600w\" sizes=\"(max-width: 800px) 100vw, 600px\" \/><\/span><\/div><\/div><div class=\"fusion-clearfix\"><\/div><\/div><\/div><\/div><\/div><div class=\"fusion-fullwidth fullwidth-box fusion-builder-row-4 nonhundred-percent-fullwidth non-hundred-percent-height-scrolling fusion-equal-height-columns fusion-no-small-visibility fusion-no-medium-visibility\" style=\"--awb-border-radius-top-left:0px;--awb-border-radius-top-right:0px;--awb-border-radius-bottom-right:0px;--awb-border-radius-bottom-left:0px;--awb-flex-wrap:wrap;\" ><div class=\"fusion-builder-row fusion-row\"><div class=\"fusion-layout-column fusion_builder_column fusion-builder-column-5 fusion_builder_column_3_5 3_5 fusion-three-fifth fusion-column-first\" style=\"--awb-bg-size:cover;width:60%;width:calc(60% - ( ( 4% ) * 0.6 ) );margin-right: 4%;\"><div class=\"fusion-column-wrapper fusion-column-has-shadow fusion-flex-column-wrapper-legacy\"><div class=\"fusion-column-content-centered\"><div class=\"fusion-column-content\"><div class=\"fusion-text fusion-text-5\"><p>Die Coachings und Sparrings erm\u00f6glichen Ihnen und Ihren F\u00fchrungskr\u00e4ften einen Perspektivenwechsel, um neue Handlungsoptionen f\u00fcr sich selbst zu entdecken.<\/p>\n<p>Mit unseren Coaches bieten wir Ihnen und Ihren F\u00fchrungskr\u00e4ften deutschlandweit erfahrene Gespr\u00e4chspartner, gerade wenn es um sehr pers\u00f6nliche Fragestellungen geht.<\/p>\n<p>Bei entsprechender Intensit\u00e4t des Coachings oder Sparrings erzielen wir mit Ihnen gemeinsam sehr schnell wirksame und nachhaltige Ergebnisse<\/p>\n<p>Durch Rollenkl\u00e4rung und Reflektion von Haltungen, Glaubenss\u00e4tzen und verinnerlichten Verhaltensmustern werden Sie und Ihre F\u00fchrungskr\u00e4fte nicht nur effizienter, sondern erweitern Ihr Verhaltensrepertoire, entdecken neue M\u00f6glichkeiten und bauen gezielt Stress ab.<\/p>\n<p>Im Executive Coaching geht es um wichtige Entscheidungen, um umfassende Themen und zentrale Lebensfragen, bei denen wir Topmanager unterst\u00fctzen und als Sparring-Partner dienen. Durch unsere umfassenden Change-Erfahrungen sind wir au\u00dferdem in der Lage, Unternehmenslenker durch begleitendes Coaching sicher und effektiv durch komplexe Ver\u00e4nderungsprozesse zu begleiten. Unsere Sparring-Partner kommen aus der Industrie und reflektieren mit Ihnen sehr businessnah Ihre Fragestellungen.<\/p>\n<\/div><\/div><\/div><div class=\"fusion-clearfix\"><\/div><\/div><\/div><div class=\"fusion-layout-column fusion_builder_column fusion-builder-column-6 fusion_builder_column_2_5 2_5 fusion-two-fifth fusion-column-last fusion-column-no-min-height\" style=\"--awb-bg-size:cover;width:40%;width:calc(40% - ( ( 4% ) * 0.4 ) );\"><div class=\"fusion-column-wrapper fusion-column-has-shadow fusion-flex-column-wrapper-legacy\"><div class=\"fusion-column-content-centered\"><div class=\"fusion-column-content\"><div class=\"fusion-image-element in-legacy-container\" style=\"--awb-caption-title-font-family:var(--h2_typography-font-family);--awb-caption-title-font-weight:var(--h2_typography-font-weight);--awb-caption-title-font-style:var(--h2_typography-font-style);--awb-caption-title-size:var(--h2_typography-font-size);--awb-caption-title-transform:var(--h2_typography-text-transform);--awb-caption-title-line-height:var(--h2_typography-line-height);--awb-caption-title-letter-spacing:var(--h2_typography-letter-spacing);\"><span class=\" fusion-imageframe imageframe-none imageframe-3 hover-type-none fusion-animated\" data-animationType=\"fadeInRight\" data-animationDuration=\"0.3\" data-animationOffset=\"top-into-view\"><img decoding=\"async\" width=\"600\" height=\"307\" title=\"vorteilecoachingsparringDE\" src=\"https:\/\/algarrother.com\/wp-content\/uploads\/2019\/12\/vorteilecoachingsparringDE-600x307.png\" alt class=\"img-responsive wp-image-4311\" srcset=\"https:\/\/algarrother.com\/wp-content\/uploads\/2019\/12\/vorteilecoachingsparringDE-200x102.png 200w, https:\/\/algarrother.com\/wp-content\/uploads\/2019\/12\/vorteilecoachingsparringDE-400x205.png 400w, https:\/\/algarrother.com\/wp-content\/uploads\/2019\/12\/vorteilecoachingsparringDE-600x307.png 600w, https:\/\/algarrother.com\/wp-content\/uploads\/2019\/12\/vorteilecoachingsparringDE-800x409.png 800w, https:\/\/algarrother.com\/wp-content\/uploads\/2019\/12\/vorteilecoachingsparringDE-1200x614.png 1200w, https:\/\/algarrother.com\/wp-content\/uploads\/2019\/12\/vorteilecoachingsparringDE.png 1350w\" sizes=\"(max-width: 800px) 100vw, 600px\" \/><\/span><\/div><\/div><\/div><div class=\"fusion-clearfix\"><\/div><\/div><\/div><\/div><\/div><div class=\"fusion-fullwidth fullwidth-box fusion-builder-row-5 nonhundred-percent-fullwidth non-hundred-percent-height-scrolling fusion-equal-height-columns fusion-no-large-visibility\" style=\"--awb-border-radius-top-left:0px;--awb-border-radius-top-right:0px;--awb-border-radius-bottom-right:0px;--awb-border-radius-bottom-left:0px;--awb-flex-wrap:wrap;\" ><div class=\"fusion-builder-row fusion-row\"><div class=\"fusion-layout-column fusion_builder_column fusion-builder-column-7 fusion_builder_column_1_1 1_1 fusion-one-full fusion-column-first fusion-column-last fusion-column-no-min-height\" style=\"--awb-bg-size:cover;\"><div class=\"fusion-column-wrapper fusion-column-has-shadow fusion-flex-column-wrapper-legacy\"><div class=\"fusion-column-content-centered\"><div class=\"fusion-column-content\"><div class=\"fusion-image-element fusion-image-align-center in-legacy-container\" style=\"text-align:center;--awb-caption-title-font-family:var(--h2_typography-font-family);--awb-caption-title-font-weight:var(--h2_typography-font-weight);--awb-caption-title-font-style:var(--h2_typography-font-style);--awb-caption-title-size:var(--h2_typography-font-size);--awb-caption-title-transform:var(--h2_typography-text-transform);--awb-caption-title-line-height:var(--h2_typography-line-height);--awb-caption-title-letter-spacing:var(--h2_typography-letter-spacing);\"><div class=\"imageframe-align-center\"><span class=\" fusion-imageframe imageframe-none imageframe-4 hover-type-none fusion-animated\" data-animationType=\"fadeInLeft\" data-animationDuration=\"0.3\" data-animationOffset=\"top-into-view\"><img decoding=\"async\" width=\"600\" height=\"307\" title=\"vorteilecoachingsparringDE\" src=\"https:\/\/algarrother.com\/wp-content\/uploads\/2019\/12\/vorteilecoachingsparringDE-600x307.png\" alt class=\"img-responsive wp-image-4311\" srcset=\"https:\/\/algarrother.com\/wp-content\/uploads\/2019\/12\/vorteilecoachingsparringDE-200x102.png 200w, https:\/\/algarrother.com\/wp-content\/uploads\/2019\/12\/vorteilecoachingsparringDE-400x205.png 400w, https:\/\/algarrother.com\/wp-content\/uploads\/2019\/12\/vorteilecoachingsparringDE-600x307.png 600w, https:\/\/algarrother.com\/wp-content\/uploads\/2019\/12\/vorteilecoachingsparringDE-800x409.png 800w, https:\/\/algarrother.com\/wp-content\/uploads\/2019\/12\/vorteilecoachingsparringDE-1200x614.png 1200w, https:\/\/algarrother.com\/wp-content\/uploads\/2019\/12\/vorteilecoachingsparringDE.png 1350w\" sizes=\"(max-width: 800px) 100vw, 600px\" \/><\/span><\/div><\/div><\/div><\/div><div class=\"fusion-clearfix\"><\/div><\/div><\/div><div class=\"fusion-layout-column fusion_builder_column fusion-builder-column-8 fusion_builder_column_1_1 1_1 fusion-one-full fusion-column-first fusion-column-last\" style=\"--awb-bg-size:cover;\"><div class=\"fusion-column-wrapper fusion-column-has-shadow fusion-flex-column-wrapper-legacy\"><div class=\"fusion-column-content-centered\"><div class=\"fusion-column-content\"><div class=\"fusion-text fusion-text-6\"><p>Die Coachings und Sparrings erm\u00f6glichen Ihnen und Ihren F\u00fchrungskr\u00e4ften einen Perspektivenwechsel, um neue Handlungsoptionen f\u00fcr sich selbst zu entdecken.<\/p>\n<p>Mit unseren Coaches bieten wir Ihnen und Ihren F\u00fchrungskr\u00e4ften deutschlandweit erfahrene Gespr\u00e4chspartner, gerade wenn es um sehr pers\u00f6nliche Fragestellungen geht.<\/p>\n<p>Bei entsprechender Intensit\u00e4t des Coachings oder Sparrings erzielen wir mit Ihnen gemeinsam sehr schnell wirksame und nachhaltige Ergebnisse.<\/p>\n<p>Durch Rollenkl\u00e4rung und Reflektion von Haltungen, Glaubenss\u00e4tzen und verinnerlichten Verhaltensmustern werden Sie und Ihre F\u00fchrungskr\u00e4fte nicht nur effizienter, sondern erweitern Ihr Verhaltensrepertoire, entdecken neue M\u00f6glichkeiten und bauen gezielt Stress ab.<\/p>\n<p>Im Executive Coaching geht es um wichtige Entscheidungen, um umfassende Themen und zentrale Lebensfragen, bei denen wir Topmanager unterst\u00fctzen und als Sparring-Partner dienen. Durch unsere umfassenden Change-Erfahrungen sind wir au\u00dferdem in der Lage, Unternehmenslenker durch begleitendes Coaching sicher und effektiv durch komplexe Ver\u00e4nderungsprozesse zu begleiten. Unsere Sparring-Partner kommen aus der Industrie und reflektieren mit Ihnen sehr businessnah Ihre Fragestellungen.<\/p>\n<\/div><\/div><\/div><div class=\"fusion-clearfix\"><\/div><\/div><\/div><\/div><\/div><div class=\"fusion-fullwidth fullwidth-box fusion-builder-row-6 nonhundred-percent-fullwidth non-hundred-percent-height-scrolling fusion-no-small-visibility fusion-no-medium-visibility\" style=\"--awb-border-radius-top-left:0px;--awb-border-radius-top-right:0px;--awb-border-radius-bottom-right:0px;--awb-border-radius-bottom-left:0px;--awb-flex-wrap:wrap;\" ><div class=\"fusion-builder-row fusion-row\"><div class=\"fusion-layout-column fusion_builder_column fusion-builder-column-9 fusion_builder_column_1_1 1_1 fusion-one-full fusion-column-first fusion-column-last\" style=\"--awb-bg-size:cover;--awb-margin-bottom:-20px;\"><div class=\"fusion-column-wrapper fusion-column-has-shadow fusion-flex-column-wrapper-legacy\"><div class=\"fusion-text fusion-text-7\"><h2>Unter anderem nutzen wir in Coaching Settings folgende Methoden und Instrumente<\/h2>\n<\/div><div class=\"fusion-clearfix\"><\/div><\/div><\/div><div class=\"fusion-layout-column fusion_builder_column fusion-builder-column-10 fusion_builder_column_1_2 1_2 fusion-one-half fusion-column-first\" style=\"--awb-bg-size:cover;width:50%;width:calc(50% - ( ( 4% ) * 0.5 ) );margin-right: 4%;\"><div class=\"fusion-column-wrapper fusion-column-has-shadow fusion-flex-column-wrapper-legacy\"><div class=\"fusion-text fusion-text-8\"><ul>\n<li>Neurolinguistisches Programmieren (NLP)<\/li>\n<li>System- Familien- und Organisationsaufstellungen<\/li>\n<li>Verschiedene Elemente, z.B. aus Verhaltenstherapie, Gespr\u00e4chstherapie, Systemischer Therapie, Kognitiver Therapie, Gestalttherapie, Psychodrama etc.<\/li>\n<li>ThetaHealing\u00ae, mentale Techniken<\/li>\n<li>Verschiedene Pers\u00f6nlichkeitstests und -inventare: Team Management System (TMS), W.E.R.T.-Modell\u00ae, MSA (Motivstrukturanalyse), M.B.T.I., Jungian Personality Profile (JPP), Karriereanker, Bochumer Inventar (BIP), Insights Discovery, Strengthsfinder und andere<\/li>\n<\/ul>\n<\/div><div class=\"fusion-clearfix\"><\/div><\/div><\/div><div class=\"fusion-layout-column fusion_builder_column fusion-builder-column-11 fusion_builder_column_1_2 1_2 fusion-one-half fusion-column-last\" style=\"--awb-bg-size:cover;width:50%;width:calc(50% - ( ( 4% ) * 0.5 ) );\"><div class=\"fusion-column-wrapper fusion-column-has-shadow fusion-flex-column-wrapper-legacy\"><div class=\"fusion-text fusion-text-9\"><ul>\n<li>Naturcoaching outdoor<\/li>\n<li>Shadowing \u201eon the job\u201c<\/li>\n<li>Videofeedback<\/li>\n<li>Best Case &#8211; Worst Case \u2013 Szenarien<\/li>\n<li>Soziogramme, Stakeholderanalysen<\/li>\n<li>Rollenspiele<\/li>\n<li>Journaling<\/li>\n<\/ul>\n<\/div><div class=\"fusion-clearfix\"><\/div><\/div><\/div><\/div><\/div><div class=\"fusion-fullwidth fullwidth-box fusion-builder-row-7 nonhundred-percent-fullwidth non-hundred-percent-height-scrolling fusion-no-large-visibility\" style=\"--awb-border-radius-top-left:0px;--awb-border-radius-top-right:0px;--awb-border-radius-bottom-right:0px;--awb-border-radius-bottom-left:0px;--awb-flex-wrap:wrap;\" ><div class=\"fusion-builder-row fusion-row\"><div class=\"fusion-layout-column fusion_builder_column fusion-builder-column-12 fusion_builder_column_1_1 1_1 fusion-one-full fusion-column-first fusion-column-last\" style=\"--awb-bg-size:cover;--awb-margin-bottom:-20px;\"><div class=\"fusion-column-wrapper fusion-column-has-shadow fusion-flex-column-wrapper-legacy\"><div class=\"fusion-text fusion-text-10\"><h2>Unter anderem nutzen wir in Coaching Settings folgende Methoden und Instrumente<\/h2>\n<\/div><div class=\"fusion-clearfix\"><\/div><\/div><\/div><div class=\"fusion-layout-column fusion_builder_column fusion-builder-column-13 fusion_builder_column_1_1 1_1 fusion-one-full fusion-column-first fusion-column-last\" style=\"--awb-bg-size:cover;\"><div class=\"fusion-column-wrapper fusion-column-has-shadow fusion-flex-column-wrapper-legacy\"><div class=\"fusion-text fusion-text-11\"><ul>\n<li>Neurolinguistisches Programmieren (NLP)<\/li>\n<li>System- Familien- und Organisationsaufstellungen<\/li>\n<li>Verschiedene Elemente, z.B. aus Verhaltenstherapie, Gespr\u00e4chstherapie, Systemischer Therapie, Kognitiver Therapie, Gestalttherapie, Psychodrama etc.<\/li>\n<li>ThetaHealing\u00ae, mentale Techniken<\/li>\n<li>Verschiedene Pers\u00f6nlichkeitstests und -inventare: Team Management System (TMS), W.E.R.T.-Modell\u00ae, MSA (Motivstrukturanalyse), M.B.T.I., Jungian Personality Profile (JPP), Karriereanker, Bochumer Inventar (BIP), Insights Discovery, Strengthsfinder und andere<\/li>\n<li>Naturcoaching outdoor<\/li>\n<li>Shadowing \u201eon the job\u201c<\/li>\n<li>Videofeedback<\/li>\n<li>Best Case &#8211; Worst Case \u2013 Szenarien<\/li>\n<li>Soziogramme, Stakeholderanalysen<\/li>\n<li>Rollenspiele<\/li>\n<li>Journaling<\/li>\n<\/ul>\n<\/div><div class=\"fusion-clearfix\"><\/div><\/div><\/div><\/div><\/div><div class=\"fusion-fullwidth fullwidth-box fusion-builder-row-8 nonhundred-percent-fullwidth non-hundred-percent-height-scrolling\" style=\"--awb-border-radius-top-left:0px;--awb-border-radius-top-right:0px;--awb-border-radius-bottom-right:0px;--awb-border-radius-bottom-left:0px;--awb-flex-wrap:wrap;\" ><div class=\"fusion-builder-row fusion-row\"><div class=\"fusion-layout-column fusion_builder_column fusion-builder-column-14 fusion_builder_column_1_1 1_1 fusion-one-full fusion-column-first fusion-column-last\" style=\"--awb-bg-size:cover;\"><div class=\"fusion-column-wrapper fusion-column-has-shadow fusion-flex-column-wrapper-legacy\"><div class=\"fusion-sep-clear\"><\/div><div class=\"fusion-separator fusion-full-width-sep\" style=\"margin-left: auto;margin-right: auto;margin-bottom:40px;width:100%;\"><div class=\"fusion-separator-border sep-shadow\" style=\"--awb-height:20px;--awb-amount:20px;background:radial-gradient(ellipse at 50% -50% , #e0dede 0px, rgba(255, 255, 255, 0) 80%) repeat scroll 0 0 rgba(0, 0, 0, 0);background:-webkit-radial-gradient(ellipse at 50% -50% , #e0dede 0px, rgba(255, 255, 255, 0) 80%) repeat scroll 0 0 rgba(0, 0, 0, 0);background:-moz-radial-gradient(ellipse at 50% -50% , #e0dede 0px, rgba(255, 255, 255, 0) 80%) repeat scroll 0 0 rgba(0, 0, 0, 0);background:-o-radial-gradient(ellipse at 50% -50% , #e0dede 0px, rgba(255, 255, 255, 0) 80%) repeat scroll 0 0 rgba(0, 0, 0, 0);\"><\/div><\/div><div class=\"fusion-sep-clear\"><\/div><div class=\"fusion-text fusion-text-12\"><h2>Ein Auszug unserer Referenzprojekte<\/h2>\n<p><strong>Neue F\u00fchrungskraft<\/strong> \u2013 Technischer Dienstleistungssektor &#8211;<\/p>\n<p><em>Eine neue HR-Bereichsleitung trifft auf einen sehr traditionellen und wenig kundenorientierten HR-Bereich. Erarbeitung einer Vorgehensweise zur Implementierung einer transparenten Performancekultur. Sparring &amp; Coaching \u00fcber 6 Monate mit Anteilen von Selbstreflexion zur pers\u00f6nlichen Weiterentwicklung und F\u00fchrungskompetenz der Bereichsleitung.<\/em><\/p>\n<p><strong>CEO \u2013 <\/strong>Handelsunternehmen \u2013<\/p>\n<p><em>In einem sehr volatilen Markt mit extremem Kostendruck und hoher Verantwortung in der Topmanagement-Rolle ger\u00e4t die gesamte Lebensplanung aus ihrer Bahn als ein privater Schicksalsschlag passiert. Ziel hier ist die Krisenbew\u00e4ltigung. Im Coaching wird stabilisiert, priorisiert und sich im gesamten Lebensbogen verortet. Mit pers\u00f6nlichen mentalen Techniken kommt der Coachee Schritt f\u00fcr Schritt aus dem reaktiven Modus wieder in einen agierenden.<\/em><\/p>\n<p><strong>F\u00fchren in einem komplexen und konfliktreichen Umfeld <\/strong>\u2013 Pharmaindustrie \u2013<\/p>\n<p><em>Auftragskl\u00e4rung mit dem direkten Vorgesetzen, HR und dem Coachee. Zieldefinition des Coachings und Verankerung von R\u00fcckkopplungsschleifen mit den direkten Vorgesetzten im Prozess. Erarbeitung einer pers\u00f6nlichen \u201eLandkarte aller globalen Ansprechpartner\u201c und Entwicklung individueller Kommunikationsstrategien f\u00fcr diese sehr unterschiedlichen Personen. So konnten einige historisch gewachsene Konfliktlinien aufgel\u00f6st werden und die Rolle der F\u00fchrungskraft und ihres Bereichs hat sich sehr positiv gewandelt.<\/em><\/p>\n<p><strong>Experte und Topmanager<\/strong> \u2013 Gesundheitssektor \u2013<\/p>\n<p><em>Chefarzt eines medizinischen Instituts eines Universit\u00e4tsklinikums im Spannungsfeld von Lehre, Forschung, Institutsleitung und Wissenschaftsmanagement. Im Coaching steht das pers\u00f6nliche Selbstmanagement im Kontext der eigenen Karriereplanung im Mittelpunkt.<\/em><\/p>\n<\/div><div class=\"fusion-clearfix\"><\/div><\/div><\/div><\/div><\/div><\/p>\n","protected":false},"excerpt":{"rendered":"","protected":false},"author":5,"featured_media":0,"parent":0,"menu_order":0,"comment_status":"closed","ping_status":"closed","template":"","meta":{"footnotes":""},"class_list":["post-3881","page","type-page","status-publish","hentry"],"_links":{"self":[{"href":"https:\/\/algarrother.com\/index.php\/wp-json\/wp\/v2\/pages\/3881","targetHints":{"allow":["GET"]}}],"collection":[{"href":"https:\/\/algarrother.com\/index.php\/wp-json\/wp\/v2\/pages"}],"about":[{"href":"https:\/\/algarrother.com\/index.php\/wp-json\/wp\/v2\/types\/page"}],"author":[{"embeddable":true,"href":"https:\/\/algarrother.com\/index.php\/wp-json\/wp\/v2\/users\/5"}],"replies":[{"embeddable":true,"href":"https:\/\/algarrother.com\/index.php\/wp-json\/wp\/v2\/comments?post=3881"}],"version-history":[{"count":32,"href":"https:\/\/algarrother.com\/index.php\/wp-json\/wp\/v2\/pages\/3881\/revisions"}],"predecessor-version":[{"id":7185,"href":"https:\/\/algarrother.com\/index.php\/wp-json\/wp\/v2\/pages\/3881\/revisions\/7185"}],"wp:attachment":[{"href":"https:\/\/algarrother.com\/index.php\/wp-json\/wp\/v2\/media?parent=3881"}],"curies":[{"name":"wp","href":"https:\/\/api.w.org\/{rel}","templated":true}]}}