{"id":1926,"date":"2016-09-30T12:24:26","date_gmt":"2016-09-30T10:24:26","guid":{"rendered":"http:\/\/algarrother.com\/wp\/?page_id=1926"},"modified":"2025-07-15T15:19:14","modified_gmt":"2025-07-15T13:19:14","slug":"female-business-intelligence-fbi","status":"publish","type":"page","link":"https:\/\/algarrother.com\/index.php\/de\/female-business-intelligence-fbi\/","title":{"rendered":"Female Business Intelligence (FBI)"},"content":{"rendered":"<div class=\"fusion-fullwidth fullwidth-box fusion-builder-row-1 nonhundred-percent-fullwidth non-hundred-percent-height-scrolling\" style=\"--awb-background-position:left top;--awb-border-sizes-top:0px;--awb-border-sizes-bottom:0px;--awb-border-sizes-left:0px;--awb-border-sizes-right:0px;--awb-border-radius-top-left:0px;--awb-border-radius-top-right:0px;--awb-border-radius-bottom-right:0px;--awb-border-radius-bottom-left:0px;--awb-padding-top:20px;--awb-padding-bottom:20px;--awb-flex-wrap:wrap;\" ><div class=\"fusion-builder-row fusion-row\"><div class=\"fusion-layout-column fusion_builder_column fusion-builder-column-0 fusion_builder_column_1_1 1_1 fusion-one-full fusion-column-first fusion-column-last\" style=\"--awb-bg-blend:overlay;--awb-bg-size:cover;\"><div class=\"fusion-column-wrapper fusion-flex-column-wrapper-legacy\"><div class=\"fusion-text fusion-text-1\"><h1>Female Business Intelligence (FBI)<\/h1>\n<\/div><div class=\"fusion-clearfix\"><\/div><\/div><\/div><div class=\"fusion-layout-column fusion_builder_column fusion-builder-column-1 fusion_builder_column_2_3 2_3 fusion-two-third fusion-column-first\" style=\"--awb-bg-blend:overlay;--awb-bg-size:cover;width:65.3333%; margin-right: 4%;\"><div class=\"fusion-column-wrapper fusion-flex-column-wrapper-legacy\"><div class=\"fusion-text fusion-text-2\"><p><strong>FBI &#8211; Das Netzwerk f\u00fcr Topmanagerinnen, Wissenschaftlerinnen und Expertinnen<\/strong><\/p>\n<p><strong>Webseite<\/strong>:\u00a0<a href=\"http:\/\/www.fbi-circle.com\/\" target=\"_blank\" rel=\"noopener noreferrer\">www.fbi-circle.com<\/a><\/p>\n<p>Was ist typisch \u201eweibliches\u201c Management? Was zeichnet Frauen im Topmanagement aus? In manchen Aspekten agieren Frauen im Topmanagement tats\u00e4chlich anders als M\u00e4nner. Und sie gelangen oft auf anderen, unterschiedlichen Wegen nach oben. Frauen haben auch andere Lebensschwerpunkte und m\u00fcssen ihren eigenen Weg finden, diese mit Spitzenleistung in Einklang zu bringen.<\/p>\n<p>Topmanagerinnen, Expertinnen und Wissenschaftlerinnen aus dem n\u00e4heren und weiteren Umfeld von Algar Rother, Gesch\u00e4ftsf\u00fchrerin von Algar Rother Coaches &amp; Consultants machten bei einem ersten Treffen (im Sommer 2010) begeistert von der M\u00f6glichkeit Gebrauch, sich in einem sehr pers\u00f6nlichen Umfeld rund um solche Fragen auszutauschen. Vielfach wurde der Wunsch ge\u00e4u\u00dfert, diese Treffen weiterzuf\u00fchren, um die Gespr\u00e4che zu weiteren Themen rund um Beruf, Karriere, Leadership, Leben und Kultur fortzusetzen. Und so wurde das Female Business Intelligence-Netzwerk FBI aus der Taufe gehoben. Es besteht aus einem Kreis von derzeit 25 Teilnehmerinnen, die sich pro Jahr circa 4-5 mal treffen.<\/p>\n<ul>\n<li>FBI ist kein Workshop oder Seminar. Im Mittelpunkt steht dabei der Erfahrungsaustausch, das Lernen voneinander und ein wertsch\u00e4tzendes Miteinander von Frauen in herausragenden Positionen.<\/li>\n<li>Die Treffen werden durch verschiedene Themenangebote (etwa: Business in China, Frauen in der Spitzenforschung, Frauen und Karrierewege) von den Teilnehmerinnen selbst gestaltet.<\/li>\n<li>Die Gespr\u00e4che konzentrieren sich nicht nur auf Erfolgsgeschichten, auch Ambivalenzen und Entwicklungsgeschichten sind willkommen.<\/li>\n<li>FBI ist kein offenes Netzwerk, aber auch kein \u201egeschlossener Zirkel\u201c<\/li>\n<li>Weitere Zirkel in St\u00e4dten wie M\u00fcnchen oder Hamburg sind angedacht.<\/li>\n<\/ul>\n<h3><strong>\u2192 <a href=\"https:\/\/portal.algarrother.com:7001\/\" target=\"_blank\" rel=\"noopener noreferrer\">Login\u00a0Mitgliederbereich<\/a><\/strong><\/h3>\n<\/div><div class=\"fusion-clearfix\"><\/div><\/div><\/div><div class=\"fusion-layout-column fusion_builder_column fusion-builder-column-2 fusion_builder_column_1_3 1_3 fusion-one-third fusion-column-last\" style=\"--awb-bg-blend:overlay;--awb-bg-size:cover;width:30.6666%;\"><div class=\"fusion-column-wrapper fusion-flex-column-wrapper-legacy\"><div class=\"fusion-image-element in-legacy-container\" style=\"--awb-caption-title-font-family:var(--h2_typography-font-family);--awb-caption-title-font-weight:var(--h2_typography-font-weight);--awb-caption-title-font-style:var(--h2_typography-font-style);--awb-caption-title-size:var(--h2_typography-font-size);--awb-caption-title-transform:var(--h2_typography-text-transform);--awb-caption-title-line-height:var(--h2_typography-line-height);--awb-caption-title-letter-spacing:var(--h2_typography-letter-spacing);\"><span class=\" fusion-imageframe imageframe-none imageframe-1 hover-type-none\"><img decoding=\"async\" src=\"http:\/\/algarrother.com\/wp-content\/uploads\/2016\/09\/fbi_logo.png\" alt class=\"img-responsive\"\/><\/span><\/div><div class=\"fusion-text fusion-text-3\"><p><strong>Bei Interesse wenden Sie sich bitte an <a href=\"https:\/\/algarrother.com\/index.php\/de\/malin-fuhrmann-2\/\">Malin Fuhrmann<\/a>.<\/strong><\/p>\n<\/div><div class=\"fusion-image-element in-legacy-container\" style=\"--awb-caption-title-font-family:var(--h2_typography-font-family);--awb-caption-title-font-weight:var(--h2_typography-font-weight);--awb-caption-title-font-style:var(--h2_typography-font-style);--awb-caption-title-size:var(--h2_typography-font-size);--awb-caption-title-transform:var(--h2_typography-text-transform);--awb-caption-title-line-height:var(--h2_typography-line-height);--awb-caption-title-letter-spacing:var(--h2_typography-letter-spacing);\"><span class=\" fusion-imageframe imageframe-none imageframe-2 hover-type-none\"><img decoding=\"async\" width=\"300\" height=\"300\" src=\"https:\/\/algarrother.com\/wp-content\/uploads\/2024\/07\/malin-540-300x300.png\" alt class=\"img-responsive wp-image-7191\" srcset=\"https:\/\/algarrother.com\/wp-content\/uploads\/2024\/07\/malin-540-200x200.png 200w, https:\/\/algarrother.com\/wp-content\/uploads\/2024\/07\/malin-540-400x400.png 400w, https:\/\/algarrother.com\/wp-content\/uploads\/2024\/07\/malin-540.png 540w\" sizes=\"(max-width: 800px) 100vw, 300px\" \/><\/span><\/div><div class=\"fusion-clearfix\"><\/div><\/div><\/div><div class=\"fusion-layout-column fusion_builder_column fusion-builder-column-3 fusion_builder_column_1_1 1_1 fusion-one-full fusion-column-first fusion-column-last fusion-column-no-min-height\" style=\"--awb-bg-blend:overlay;--awb-bg-size:cover;--awb-margin-bottom:0px;\"><div class=\"fusion-column-wrapper fusion-flex-column-wrapper-legacy\"><div class=\"fusion-sep-clear\"><\/div><div class=\"fusion-separator fusion-full-width-sep\" style=\"margin-left: auto;margin-right: auto;margin-top:30px;margin-bottom:30px;width:100%;\"><div class=\"fusion-separator-border sep-single sep-solid\" style=\"--awb-height:20px;--awb-amount:20px;--awb-sep-color:#ff009a;border-color:#ff009a;border-top-width:1px;\"><\/div><\/div><div class=\"fusion-sep-clear\"><\/div><div class=\"fusion-text fusion-text-4\"><h2>Zu Gast bei FBI<\/h2>\n<\/div><div class=\"fusion-clearfix\"><\/div><\/div><\/div><div class=\"fusion-layout-column fusion_builder_column fusion-builder-column-4 fusion_builder_column_1_6 1_6 fusion-one-sixth fusion-column-first\" style=\"--awb-bg-blend:overlay;--awb-bg-size:cover;width:13.3333%; margin-right: 4%;\"><div class=\"fusion-column-wrapper fusion-flex-column-wrapper-legacy\"><div class=\"fusion-clearfix\"><\/div><\/div><\/div><div class=\"fusion-layout-column fusion_builder_column fusion-builder-column-5 fusion_builder_column_1_3 1_3 fusion-one-third\" style=\"--awb-bg-blend:overlay;--awb-bg-size:cover;width:30.6666%; margin-right: 4%;\"><div class=\"fusion-column-wrapper fusion-flex-column-wrapper-legacy\"><div class=\"fusion-image-element in-legacy-container\" style=\"--awb-caption-title-font-family:var(--h2_typography-font-family);--awb-caption-title-font-weight:var(--h2_typography-font-weight);--awb-caption-title-font-style:var(--h2_typography-font-style);--awb-caption-title-size:var(--h2_typography-font-size);--awb-caption-title-transform:var(--h2_typography-text-transform);--awb-caption-title-line-height:var(--h2_typography-line-height);--awb-caption-title-letter-spacing:var(--h2_typography-letter-spacing);\"><span class=\" fusion-imageframe imageframe-none imageframe-3 hover-type-none\"><img decoding=\"async\" src=\"http:\/\/algarrother.com\/wp-content\/uploads\/2017\/01\/fbi_9.12.16_gruppenbild_2.jpg\" alt class=\"img-responsive\"\/><\/span><\/div><div class=\"fusion-clearfix\"><\/div><\/div><\/div><div class=\"fusion-layout-column fusion_builder_column fusion-builder-column-6 fusion_builder_column_1_3 1_3 fusion-one-third\" style=\"--awb-bg-blend:overlay;--awb-bg-size:cover;width:30.6666%; margin-right: 4%;\"><div class=\"fusion-column-wrapper fusion-flex-column-wrapper-legacy\"><div class=\"fusion-image-element in-legacy-container\" style=\"--awb-caption-title-font-family:var(--h2_typography-font-family);--awb-caption-title-font-weight:var(--h2_typography-font-weight);--awb-caption-title-font-style:var(--h2_typography-font-style);--awb-caption-title-size:var(--h2_typography-font-size);--awb-caption-title-transform:var(--h2_typography-text-transform);--awb-caption-title-line-height:var(--h2_typography-line-height);--awb-caption-title-letter-spacing:var(--h2_typography-letter-spacing);\"><span class=\" fusion-imageframe imageframe-none imageframe-4 hover-type-none\"><img decoding=\"async\" src=\"http:\/\/algarrother.com\/wp-content\/uploads\/2016\/09\/caprice_oona_weissenrieder_3.jpg\" alt class=\"img-responsive\"\/><\/span><\/div><div class=\"fusion-clearfix\"><\/div><\/div><\/div><div class=\"fusion-layout-column fusion_builder_column fusion-builder-column-7 fusion_builder_column_1_6 1_6 fusion-one-sixth fusion-column-last\" style=\"--awb-bg-blend:overlay;--awb-bg-size:cover;width:13.3333%;\"><div class=\"fusion-column-wrapper fusion-flex-column-wrapper-legacy\"><div class=\"fusion-clearfix\"><\/div><\/div><\/div><div class=\"fusion-layout-column fusion_builder_column fusion-builder-column-8 fusion_builder_column_1_1 1_1 fusion-one-full fusion-column-first fusion-column-last\" style=\"--awb-bg-blend:overlay;--awb-bg-size:cover;\"><div class=\"fusion-column-wrapper fusion-flex-column-wrapper-legacy\"><div class=\"fusion-text fusion-text-5\"><h3><strong>Frauen und Karriere \u2013 woran es immer noch hakt<br \/>\nCaprice Oona Weissenrieder, wissenschaftliche Mitarbeiterin an der Frankfurt University of Applied Sciences zu Gast bei FBI<\/strong><\/h3>\n<p>Obwohl viele Unternehmen Frauenquoten eingef\u00fchrt haben ist der Anteil von Frauen in F\u00fchrungspositionen in Deutschland bisher nicht wesentlich gestiegen. Gr\u00fcnde daf\u00fcr sind vielf\u00e4ltig und komplex. Caprice Oona Weissenrieder, die sich in Ihren Forschungsarbeiten mit\u00a0 Themen rund um Management und Leadership, insbesondere Frauen in F\u00fchrungspositionen besch\u00e4ftigt, berichtete dem erweiterten FBI-Kreis \u00fcber drei empirische Studien, die in diesem Zusammenhang aufschlussreiche Einblicke geben:<\/p>\n<ol>\n<li><em>Karriereperspektiven berufst\u00e4tiger M\u00fctter<\/em><\/li>\n<li><em>Gender Diversity Culture Check<\/em><\/li>\n<li><em>Akzeptanz von Frauen in F\u00fchrungspositionen: Analyse von beobachtbaren Verhaltensweisen von Frauen und M\u00e4nnern in F\u00fchrungspositionen<\/em><\/li>\n<\/ol>\n<p>Die Ergebnisse dieser Studien haben gezeigt, dass die Ursachen f\u00fcr den geringen Anteil von Frauen in F\u00fchrungspositionen in vielf\u00e4ltigen Hindernissen zu finden sind. Insbesondere lassen sie sich durch recht klar benennbare Wahrnehmungsunterschiede von M\u00e4nnern und Frauen, sowie durch nach wie vor fehlende Rahmenbedingungen erkl\u00e4ren.<\/p>\n<p>So nennen die befragten Frauen aus der Studie \u201eKarriereperspektiven berufst\u00e4tiger M\u00fctter\u201c Vereinbarkeit von Beruf und Familie als eines der gr\u00f6\u00dften Karrierehindernisse (58%), gefolgt von fehlenden Aufstiegsm\u00f6glichkeiten (36%) sowie etablierte M\u00e4nnernetzwerke (30%).<\/p>\n<p>Die empirische Erhebung im Rahmen des Projektes \u201eGender Diversity Culture Check\u201c besch\u00e4ftigte sich ausgiebig mit dem Thema Unternehmenskultur und deren Einfluss auf die berufliche Karriere von Frauen und M\u00e4nnern. Hier stellte das Forscherteam fest, dass das Ph\u00e4nomen der \u201eGl\u00e4sernen Decke\u201c immer noch vorhanden ist. Analog zu bereits existierenden Studien wurde herausgefunden, dass Frauen in der Studie trotz gleicher formaler Qualifikation und Alter wie M\u00e4nner, mit deutlich geringerer Wahrscheinlichkeit eine F\u00fchrungsposition innehaben. Als wichtige Aspekte, die einen Aufstieg von Frauen und M\u00e4nnern f\u00f6rdern bzw. verhindern k\u00f6nnen, wurden insbesondere Beziehungen und Netzwerke, der Bereich F\u00f6rderung sowie Stellenbesetzung bzw. Rekrutierung identifiziert. Aber auch insbesondere die Pr\u00e4senz spielt bei dem Karriereaufstieg von Frauen eine gro\u00dfe Rolle. Frauen arbeiten nach wie vor familienbedingt h\u00e4ufiger in Teilzeit, was in tradierten Mentalit\u00e4tsmustern nicht mit einer F\u00fchrungsposition vereinbar ist.<\/p>\n<p>Die Studie zur Akzeptanz von F\u00fchrungskr\u00e4ften, besch\u00e4ftigte sich u.a. mit den unterschiedlichen Verhaltens- und Wahrnehmungsweisen von Frauen und M\u00e4nnern in F\u00fchrungspositionen sowie den Indikatoren der Akzeptanz. Die Ergebnisse der Frauen aus dem unteren bzw. mittleren Management zeigen, dass diese signifikant h\u00e4ufiger die \u00c4hnlichkeit mit der direkten F\u00fchrungskraft und Pr\u00e4senz am Arbeitsplatz als f\u00f6rderlich f\u00fcr die Akzeptanz als F\u00fchrungskraft und somit f\u00fcr den Aufstieg wahrnehmen. Die m\u00e4nnlichen F\u00fchrungskr\u00e4fte hingegen hielten dagegen Eigenschaften wie soziale Kompetenz, Berufserfahrung sowie fachliche Kompetenz f\u00fcr wichtiger, um als F\u00fchrungskraft akzeptiert zu werden.<\/p>\n<\/div><div class=\"fusion-clearfix\"><\/div><\/div><\/div><div class=\"fusion-layout-column fusion_builder_column fusion-builder-column-9 fusion_builder_column_1_6 1_6 fusion-one-sixth fusion-column-first\" style=\"--awb-bg-blend:overlay;--awb-bg-size:cover;width:13.3333%; margin-right: 4%;\"><div class=\"fusion-column-wrapper fusion-flex-column-wrapper-legacy\"><div class=\"fusion-clearfix\"><\/div><\/div><\/div><div class=\"fusion-layout-column fusion_builder_column fusion-builder-column-10 fusion_builder_column_1_3 1_3 fusion-one-third\" style=\"--awb-bg-blend:overlay;--awb-bg-size:cover;width:30.6666%; margin-right: 4%;\"><div class=\"fusion-column-wrapper fusion-flex-column-wrapper-legacy\"><div class=\"fusion-image-element in-legacy-container\" style=\"--awb-caption-title-font-family:var(--h2_typography-font-family);--awb-caption-title-font-weight:var(--h2_typography-font-weight);--awb-caption-title-font-style:var(--h2_typography-font-style);--awb-caption-title-size:var(--h2_typography-font-size);--awb-caption-title-transform:var(--h2_typography-text-transform);--awb-caption-title-line-height:var(--h2_typography-line-height);--awb-caption-title-letter-spacing:var(--h2_typography-letter-spacing);\"><span class=\" fusion-imageframe imageframe-none imageframe-5 hover-type-none\"><img decoding=\"async\" src=\"http:\/\/algarrother.com\/wp-content\/uploads\/2017\/01\/fbi_9.12.16_gruppenbild.jpg\" alt class=\"img-responsive\"\/><\/span><\/div><div class=\"fusion-clearfix\"><\/div><\/div><\/div><div class=\"fusion-layout-column fusion_builder_column fusion-builder-column-11 fusion_builder_column_1_3 1_3 fusion-one-third\" style=\"--awb-bg-blend:overlay;--awb-bg-size:cover;width:30.6666%; margin-right: 4%;\"><div class=\"fusion-column-wrapper fusion-flex-column-wrapper-legacy\"><div class=\"fusion-image-element in-legacy-container\" style=\"--awb-caption-title-font-family:var(--h2_typography-font-family);--awb-caption-title-font-weight:var(--h2_typography-font-weight);--awb-caption-title-font-style:var(--h2_typography-font-style);--awb-caption-title-size:var(--h2_typography-font-size);--awb-caption-title-transform:var(--h2_typography-text-transform);--awb-caption-title-line-height:var(--h2_typography-line-height);--awb-caption-title-letter-spacing:var(--h2_typography-letter-spacing);\"><span class=\" fusion-imageframe imageframe-none imageframe-6 hover-type-none\"><img decoding=\"async\" src=\"http:\/\/algarrother.com\/wp-content\/uploads\/2017\/01\/fbi_9.12.16_buffet.jpg\" alt class=\"img-responsive\"\/><\/span><\/div><div class=\"fusion-clearfix\"><\/div><\/div><\/div><div class=\"fusion-layout-column fusion_builder_column fusion-builder-column-12 fusion_builder_column_1_6 1_6 fusion-one-sixth fusion-column-last\" style=\"--awb-bg-blend:overlay;--awb-bg-size:cover;width:13.3333%;\"><div class=\"fusion-column-wrapper fusion-flex-column-wrapper-legacy\"><div class=\"fusion-clearfix\"><\/div><\/div><\/div><div class=\"fusion-layout-column fusion_builder_column fusion-builder-column-13 fusion_builder_column_1_1 1_1 fusion-one-full fusion-column-first fusion-column-last fusion-column-no-min-height\" style=\"--awb-bg-blend:overlay;--awb-bg-size:cover;--awb-margin-bottom:0px;\"><div class=\"fusion-column-wrapper fusion-flex-column-wrapper-legacy\"><div class=\"fusion-sep-clear\"><\/div><div class=\"fusion-separator fusion-full-width-sep\" style=\"margin-left: auto;margin-right: auto;margin-top:30px;margin-bottom:50px;width:100%;\"><div class=\"fusion-separator-border sep-single sep-solid\" style=\"--awb-height:20px;--awb-amount:20px;--awb-sep-color:#ff009a;border-color:#ff009a;border-top-width:1px;\"><\/div><\/div><div class=\"fusion-sep-clear\"><\/div><div class=\"fusion-clearfix\"><\/div><\/div><\/div><div class=\"fusion-layout-column fusion_builder_column fusion-builder-column-14 fusion_builder_column_1_3 1_3 fusion-one-third fusion-column-first\" style=\"--awb-bg-blend:overlay;--awb-bg-size:cover;width:30.6666%; margin-right: 4%;\"><div class=\"fusion-column-wrapper fusion-flex-column-wrapper-legacy\"><div class=\"fusion-image-element in-legacy-container\" style=\"--awb-caption-title-font-family:var(--h2_typography-font-family);--awb-caption-title-font-weight:var(--h2_typography-font-weight);--awb-caption-title-font-style:var(--h2_typography-font-style);--awb-caption-title-size:var(--h2_typography-font-size);--awb-caption-title-transform:var(--h2_typography-text-transform);--awb-caption-title-line-height:var(--h2_typography-line-height);--awb-caption-title-letter-spacing:var(--h2_typography-letter-spacing);\"><span class=\" fusion-imageframe imageframe-none imageframe-7 hover-type-none\"><img decoding=\"async\" src=\"http:\/\/algarrother.com\/wp-content\/uploads\/2016\/09\/fbi_welten_verbinden_3.jpg\" alt class=\"img-responsive\"\/><\/span><\/div><div class=\"fusion-clearfix\"><\/div><\/div><\/div><div class=\"fusion-layout-column fusion_builder_column fusion-builder-column-15 fusion_builder_column_1_3 1_3 fusion-one-third\" style=\"--awb-bg-blend:overlay;--awb-bg-size:cover;width:30.6666%; margin-right: 4%;\"><div class=\"fusion-column-wrapper fusion-flex-column-wrapper-legacy\"><div class=\"fusion-image-element in-legacy-container\" style=\"--awb-caption-title-font-family:var(--h2_typography-font-family);--awb-caption-title-font-weight:var(--h2_typography-font-weight);--awb-caption-title-font-style:var(--h2_typography-font-style);--awb-caption-title-size:var(--h2_typography-font-size);--awb-caption-title-transform:var(--h2_typography-text-transform);--awb-caption-title-line-height:var(--h2_typography-line-height);--awb-caption-title-letter-spacing:var(--h2_typography-letter-spacing);\"><span class=\" fusion-imageframe imageframe-none imageframe-8 hover-type-none\"><img decoding=\"async\" src=\"http:\/\/algarrother.com\/wp-content\/uploads\/2016\/09\/fbi_welten_verbinden_2.png\" alt class=\"img-responsive\"\/><\/span><\/div><div class=\"fusion-clearfix\"><\/div><\/div><\/div><div class=\"fusion-layout-column fusion_builder_column fusion-builder-column-16 fusion_builder_column_1_3 1_3 fusion-one-third fusion-column-last\" style=\"--awb-bg-blend:overlay;--awb-bg-size:cover;width:30.6666%;\"><div class=\"fusion-column-wrapper fusion-flex-column-wrapper-legacy\"><div class=\"fusion-image-element in-legacy-container\" style=\"--awb-caption-title-font-family:var(--h2_typography-font-family);--awb-caption-title-font-weight:var(--h2_typography-font-weight);--awb-caption-title-font-style:var(--h2_typography-font-style);--awb-caption-title-size:var(--h2_typography-font-size);--awb-caption-title-transform:var(--h2_typography-text-transform);--awb-caption-title-line-height:var(--h2_typography-line-height);--awb-caption-title-letter-spacing:var(--h2_typography-letter-spacing);\"><span class=\" fusion-imageframe imageframe-none imageframe-9 hover-type-none\"><img decoding=\"async\" src=\"http:\/\/algarrother.com\/wp-content\/uploads\/2016\/09\/fbi_welten_verbinden_1.jpg\" alt class=\"img-responsive\"\/><\/span><\/div><div class=\"fusion-clearfix\"><\/div><\/div><\/div><div class=\"fusion-layout-column fusion_builder_column fusion-builder-column-17 fusion_builder_column_1_1 1_1 fusion-one-full fusion-column-first fusion-column-last\" style=\"--awb-bg-blend:overlay;--awb-bg-size:cover;\"><div class=\"fusion-column-wrapper fusion-flex-column-wrapper-legacy\"><div class=\"fusion-text fusion-text-6\"><h3><strong>Welten verbinden \u2013 Dr. Christina Zech aus Z\u00fcrich zu Gast bei FBI<\/strong><\/h3>\n<p>von Dr. Cornelia Hegele-Raih<\/p>\n<p>Wie wird die Welt zu einem gl\u00fccklichen und friedlichen Ort f\u00fcr alle Menschen? Wie kann Verst\u00e4ndigung und Gerechtigkeit angesichts eines immer st\u00e4rkeren Auseinanderdriftens von Meinungen, ungleichen Lebensumst\u00e4nden, wachsenden Konflikten und Komplexit\u00e4t gelingen? Diese Frage besch\u00e4ftigt alle weltoffenen Menschen. Menschen mit Tatendrang und Mut, f\u00e4hig und bereit zu interdisziplin\u00e4rem Austausch. Diese Menschen zusammenzubringen und mit ihnen gemeinsam Ideen und Konzepte f\u00fcr die konstruktive, historische Weiterentwicklung unserer Gesellschaften zu entwickeln ist das gro\u00dfe Anliegen von Dr. Christina Zech aus Z\u00fcrich\/Leipzig. \u201eVorbehaltlos Welten verbinden\u201c \u2013 so lautet das Motto des von ihr gegr\u00fcndeten Vereins. Als dessen Pr\u00e4sidentin versteht sie sich als Gesellschaftscoach, als Expertin f\u00fcr das Verbinden von Kulturen, als Expertin f\u00fcr soziale Innovation durch positive Impulse, und als Gastgeberin aus Berufung.<br \/>\nHerzst\u00fcck der Arbeit des Vereins sind j\u00e4hrlich stattfindende Weltsalons. Als Vorbild f\u00fcr diese Veranstaltungen sind die Salons der Aufkl\u00e4rung, die dem freien Ideenaustausch dienten, ungeachtet der Schranken von Klasse und Geschlecht. Philosophen wie Voltaire oder Diderot verkehrten in den Pariser Salons und bereiteten dort den Boden f\u00fcr die Franz\u00f6sische Revolution.<br \/>\nIn dem modern interpretierten, interdisziplin\u00e4ren Weltsalon werden gemeinsam mit Experten und G\u00e4sten Ideen f\u00fcr L\u00f6sungen der zentralen gesellschaftlichen Themen unserer Zeit diskutiert und in Statements gefasst. Daraus werden in der Folge Projekte entwickelt, um unsere Welt friedlicher und lebenswerter zu gestalten.<br \/>\nDer erste Weltsalon besch\u00e4ftigte sich mit der verbindendenden Kraft des Fu\u00dfballs. Anfang des Jahres 2015 fand zum ersten Mal ein europ\u00e4ischer Weltsalon in Br\u00fcssel statt unter dem Motto \u201eNeustart Europa\u201c. Der n\u00e4chste Weltsalon wird Anfang des Jahres 2016 in Berlin die Verst\u00e4ndigungsm\u00f6glichkeiten zwischen West und Ost thematisieren.<br \/>\nHegels Ideal des Weltb\u00fcrgertums ist angesichts globaler Vernetzung und Migration so aktuell wie nie: Eine weltliche Gesellschaftsordnung &#8211; basierend auf individueller Freiheit, Recht und Gleichwertigkeit aller Kulturen &#8211; bietet Chancen f\u00fcr eine friedliche, reichhaltige Zukunft f\u00fcr alle Menschen.<\/p>\n<p><a href=\"http:\/\/www.connectworlds.org\/\" target=\"_blank\" rel=\"noopener noreferrer\">http:\/\/www.connectworlds.org\/<\/a><\/p>\n<\/div><div class=\"fusion-text fusion-text-7\"><p>Frau Dr. Zech ist au\u00dferdem die Urheberin des sogenannten \u201eFreudebarometers\u201c. Im Rahmen einer 2014 privat finanzierten Initiative wurde dies erstmals in Zusammenarbeit mit der ETH Z\u00fcrich bei einigen hundert F\u00fchrungskr\u00e4ften in der Schweiz, Deutschland, der EU und China als teilstandardisierte Zufallsstichprobe erhoben und um nachbereitende, offene Interviews erg\u00e4nzt. Grundlegend zeigte sich, dass die ganz pers\u00f6nlich erlebte Freude herausragenden Pers\u00f6nlichkeiten ihre enorme Lebens- und Schaffenskraft verleiht. Am st\u00e4rksten wirkt pers\u00f6nliche und famili\u00e4re Zugeh\u00f6rigkeit: dem Finden des Lebenspartners, der Geburt eines Kindes, dem R\u00fcckhalt der Familie und dem \u00dcberwinden schwerer Krankheit. An zweiter Stelle zehren sie von Momenten gro\u00dfer Pers\u00f6nlichkeitsentfaltung: dem Erleben eigener bahnbrechender Kreativit\u00e4t, aber auch dem Entdecken entlegener Welten auf Reisen.<\/p>\n<p><a href=\"http:\/\/www.connectworlds.org\/de\/freude\/freudeimpulse\/die-ergebnisse-2014\" target=\"_blank\" rel=\"noopener noreferrer\">http:\/\/www.connectworlds.org\/de\/freude\/freudeimpulse\/die-ergebnisse-2014<\/a><\/p>\n<\/div><div class=\"fusion-clearfix\"><\/div><\/div><\/div><\/div><\/div>\n","protected":false},"excerpt":{"rendered":"","protected":false},"author":1,"featured_media":0,"parent":0,"menu_order":0,"comment_status":"closed","ping_status":"closed","template":"","meta":{"footnotes":""},"class_list":["post-1926","page","type-page","status-publish","hentry"],"_links":{"self":[{"href":"https:\/\/algarrother.com\/index.php\/wp-json\/wp\/v2\/pages\/1926","targetHints":{"allow":["GET"]}}],"collection":[{"href":"https:\/\/algarrother.com\/index.php\/wp-json\/wp\/v2\/pages"}],"about":[{"href":"https:\/\/algarrother.com\/index.php\/wp-json\/wp\/v2\/types\/page"}],"author":[{"embeddable":true,"href":"https:\/\/algarrother.com\/index.php\/wp-json\/wp\/v2\/users\/1"}],"replies":[{"embeddable":true,"href":"https:\/\/algarrother.com\/index.php\/wp-json\/wp\/v2\/comments?post=1926"}],"version-history":[{"count":5,"href":"https:\/\/algarrother.com\/index.php\/wp-json\/wp\/v2\/pages\/1926\/revisions"}],"predecessor-version":[{"id":7334,"href":"https:\/\/algarrother.com\/index.php\/wp-json\/wp\/v2\/pages\/1926\/revisions\/7334"}],"wp:attachment":[{"href":"https:\/\/algarrother.com\/index.php\/wp-json\/wp\/v2\/media?parent=1926"}],"curies":[{"name":"wp","href":"https:\/\/api.w.org\/{rel}","templated":true}]}}