{"id":1771,"date":"2016-09-29T12:52:20","date_gmt":"2016-09-29T10:52:20","guid":{"rendered":"http:\/\/algarrother.com\/wp\/?page_id=1771"},"modified":"2021-04-22T17:39:46","modified_gmt":"2021-04-22T15:39:46","slug":"wert-modell","status":"publish","type":"page","link":"https:\/\/algarrother.com\/index.php\/de\/wert-modell\/","title":{"rendered":"Das W.E.R.T.\u00ae-Modell"},"content":{"rendered":"<div class=\"fusion-fullwidth fullwidth-box fusion-builder-row-1 nonhundred-percent-fullwidth non-hundred-percent-height-scrolling\" style=\"--awb-background-position:left top;--awb-border-sizes-top:0px;--awb-border-sizes-bottom:0px;--awb-border-sizes-left:0px;--awb-border-sizes-right:0px;--awb-border-radius-top-left:0px;--awb-border-radius-top-right:0px;--awb-border-radius-bottom-right:0px;--awb-border-radius-bottom-left:0px;--awb-padding-top:20px;--awb-padding-bottom:20px;--awb-flex-wrap:wrap;\" ><div class=\"fusion-builder-row fusion-row\"><div class=\"fusion-layout-column fusion_builder_column fusion-builder-column-0 fusion_builder_column_1_1 1_1 fusion-one-full fusion-column-first fusion-column-last\" style=\"--awb-bg-size:cover;\"><div class=\"fusion-column-wrapper fusion-flex-column-wrapper-legacy\"><div class=\"fusion-text fusion-text-1\"><h1 style=\"font-family: Noway Regular;\">Das W.E.R.T.-Modell<\/h1>\n<\/div><div class=\"fusion-clearfix\"><\/div><\/div><\/div><div class=\"fusion-layout-column fusion_builder_column fusion-builder-column-1 fusion_builder_column_1_1 1_1 fusion-one-full fusion-column-first fusion-column-last\" style=\"--awb-bg-size:cover;\"><div class=\"fusion-column-wrapper fusion-column-has-shadow fusion-flex-column-wrapper-legacy\"><div class=\"fusion-image-element fusion-image-align-center fusion-no-large-visibility in-legacy-container\" style=\"text-align:center;--awb-max-width:600px;--awb-caption-title-font-family:var(--h2_typography-font-family);--awb-caption-title-font-weight:var(--h2_typography-font-weight);--awb-caption-title-font-style:var(--h2_typography-font-style);--awb-caption-title-size:var(--h2_typography-font-size);--awb-caption-title-transform:var(--h2_typography-text-transform);--awb-caption-title-line-height:var(--h2_typography-line-height);--awb-caption-title-letter-spacing:var(--h2_typography-letter-spacing);\"><div class=\"imageframe-align-center\"><span class=\" fusion-imageframe imageframe-none imageframe-1 hover-type-none\"><img decoding=\"async\" width=\"1122\" height=\"720\" title=\"wert-modell-de\" src=\"https:\/\/algarrother.com\/wp-content\/uploads\/2021\/04\/wert-modell-de-1.png\" alt class=\"img-responsive wp-image-5653\" srcset=\"https:\/\/algarrother.com\/wp-content\/uploads\/2021\/04\/wert-modell-de-1-200x128.png 200w, https:\/\/algarrother.com\/wp-content\/uploads\/2021\/04\/wert-modell-de-1-400x257.png 400w, https:\/\/algarrother.com\/wp-content\/uploads\/2021\/04\/wert-modell-de-1-600x385.png 600w, https:\/\/algarrother.com\/wp-content\/uploads\/2021\/04\/wert-modell-de-1-800x513.png 800w, https:\/\/algarrother.com\/wp-content\/uploads\/2021\/04\/wert-modell-de-1.png 1122w\" sizes=\"(max-width: 800px) 100vw, 1122px\" \/><\/span><\/div><\/div><div class=\"fusion-text fusion-text-2 fusion-no-large-visibility\"><p>Das W.E.R.T.-Modell ist ein berufsbezogenes Pers\u00f6nlichkeitsprofil. Es erkl\u00e4rt die Unterschiede zwischen Menschen bez\u00fcglich ihrer Werte und Motive im Arbeitsleben. Die Grundmuster und Beweggr\u00fcnde unseres Verhaltens werden damit verst\u00e4ndlich. Das f\u00f6rdert die Kommunikation und Zusammenarbeit von Pers\u00f6nlichkeiten unterschiedlicher Motiv-Pr\u00e4ferenzen und letztlich die gemeinsame Performance.<\/p>\n<\/div><div class=\"fusion-clearfix\"><\/div><\/div><\/div><div class=\"fusion-layout-column fusion_builder_column fusion-builder-column-2 fusion_builder_column_2_5 2_5 fusion-two-fifth fusion-column-first\" style=\"--awb-bg-size:cover;width:40%;width:calc(40% - ( ( 4% ) * 0.4 ) );margin-right: 4%;\"><div class=\"fusion-column-wrapper fusion-column-has-shadow fusion-flex-column-wrapper-legacy\"><div class=\"fusion-text fusion-text-3 fusion-no-small-visibility fusion-no-medium-visibility\"><p>Das W.E.R.T.-Modell ist ein berufsbezogenes Pers\u00f6nlichkeitsprofil. Es erkl\u00e4rt die Unterschiede zwischen Menschen bez\u00fcglich ihrer Werte und Motive im Arbeitsleben. Die Grundmuster und Beweggr\u00fcnde unseres Verhaltens werden damit verst\u00e4ndlich. Das f\u00f6rdert die Kommunikation und Zusammenarbeit von Pers\u00f6nlichkeiten unterschiedlicher Motiv-Pr\u00e4ferenzen und letztlich die gemeinsame Performance.<\/p>\n<\/div><div class=\"fusion-text fusion-text-4 fusion-no-small-visibility fusion-no-medium-visibility\"><p>Das W.E.R.T.-Modell beinhaltet gleichzeitig ein Konzept zur werteorientierten Mitarbeiterf\u00fchrung, da es erm\u00f6glicht, Mitarbeiter entlang ihrer intrinsischen Werte und Motive zu f\u00fchren. Und das ist erlernbar. In zahlreichen Value Based Leadership Trainings vermitteln wir erfolgreich diesen F\u00fchrungsansatz und wurden 2010 mit dem Internationalen Deutschen Trainingspreis ausgezeichnet.<\/p>\n<\/div><div class=\"fusion-clearfix\"><\/div><\/div><\/div><div class=\"fusion-layout-column fusion_builder_column fusion-builder-column-3 fusion_builder_column_3_5 3_5 fusion-three-fifth fusion-column-last\" style=\"--awb-bg-size:cover;width:60%;width:calc(60% - ( ( 4% ) * 0.6 ) );\"><div class=\"fusion-column-wrapper fusion-column-has-shadow fusion-flex-column-wrapper-legacy\"><div class=\"fusion-image-element fusion-image-align-center fusion-no-small-visibility fusion-no-medium-visibility in-legacy-container\" style=\"text-align:center;--awb-caption-title-font-family:var(--h2_typography-font-family);--awb-caption-title-font-weight:var(--h2_typography-font-weight);--awb-caption-title-font-style:var(--h2_typography-font-style);--awb-caption-title-size:var(--h2_typography-font-size);--awb-caption-title-transform:var(--h2_typography-text-transform);--awb-caption-title-line-height:var(--h2_typography-line-height);--awb-caption-title-letter-spacing:var(--h2_typography-letter-spacing);\"><div class=\"imageframe-align-center\"><span class=\" fusion-imageframe imageframe-none imageframe-2 hover-type-none\"><img decoding=\"async\" width=\"1122\" height=\"720\" title=\"wert-modell-de\" src=\"https:\/\/algarrother.com\/wp-content\/uploads\/2021\/04\/wert-modell-de-1.png\" alt class=\"img-responsive wp-image-5653\" srcset=\"https:\/\/algarrother.com\/wp-content\/uploads\/2021\/04\/wert-modell-de-1-200x128.png 200w, https:\/\/algarrother.com\/wp-content\/uploads\/2021\/04\/wert-modell-de-1-400x257.png 400w, https:\/\/algarrother.com\/wp-content\/uploads\/2021\/04\/wert-modell-de-1-600x385.png 600w, https:\/\/algarrother.com\/wp-content\/uploads\/2021\/04\/wert-modell-de-1-800x513.png 800w, https:\/\/algarrother.com\/wp-content\/uploads\/2021\/04\/wert-modell-de-1.png 1122w\" sizes=\"(max-width: 800px) 100vw, 800px\" \/><\/span><\/div><\/div><div class=\"fusion-clearfix\"><\/div><\/div><\/div><div class=\"fusion-layout-column fusion_builder_column fusion-builder-column-4 fusion_builder_column_2_3 2_3 fusion-two-third fusion-column-first\" style=\"--awb-bg-size:cover;width:66.6666666667%;width:calc(66.6666666667% - ( ( 4% ) * 0.666666666667 ) );margin-right: 4%;\"><div class=\"fusion-column-wrapper fusion-column-has-shadow fusion-flex-column-wrapper-legacy\"><div class=\"fusion-text fusion-text-5 fusion-no-large-visibility\"><p>Das W.E.R.T.-Modell beinhaltet gleichzeitig ein Konzept zur werteorientierten Mitarbeiterf\u00fchrung, da es erm\u00f6glicht, Mitarbeiter entlang ihrer intrinsischen Werte und Motive zu f\u00fchren. Und das ist erlernbar. In zahlreichen Value Based Leadership Trainings vermitteln wir erfolgreich diesen F\u00fchrungsansatz und wurden 2010 mit dem Internationalen Deutschen Trainingspreis ausgezeichnet.<\/p>\n<\/div><div class=\"fusion-text fusion-text-6\"><p>Und schlie\u00dflich ist das W.E.R.T.-Modell eine praxisnahe Landkarte f\u00fcr Ihre Unternehmenswerte, die Sie f\u00fcr deren Entwicklung, Verankerung und Wandel einsetzen k\u00f6nnen.<\/p>\n<p>Insofern ist das W.E.R.T.-Modell auf 3 Ebenen wirksam:<\/p>\n<ul>\n<li>auf individueller Ebene und im Coaching<\/li>\n<li>auf Teamebene in der Teamentwicklung<\/li>\n<li>auf Organisationsebene im Change Management<\/li>\n<\/ul>\n<p><b>Vorteile des W.E.R.T.<\/b>&#8211;<b>Modells auf einen Blick<\/b><\/p>\n<ul>\n<li>als Pers\u00f6nlichkeitsprofil ist es einfach, leicht vermittelbar breit anwendbar und daher sehr businessnah<\/li>\n<li>es zeigt trennscharfe und klare Unterscheidungen in der R\u00fcckmeldung Ihres Profils<\/li>\n<li>hohe Akzeptanz und Identifikation mit dem Ergebnis (qualitative Unterscheidungen und keine Gut\/Schlecht- Bewertungen)<\/li>\n<li>kosteng\u00fcnstig und schnell erlernbar<\/li>\n<li>praxiserprobt als Tool von Beratern f\u00fcr Berater<\/li>\n<\/ul>\n<p>Ihr Musterprofil erhalten Sie gerne bei uns unter <a href=\"mailto:info@algarrother.com\">info@algarrother.com<\/a>.<br \/>\nHier k\u00f6nnen Sie sich ebenfalls f\u00fcr eine W.E.R.T.-Lizenzierung anmelden.<\/p>\n<\/div><div class=\"fusion-clearfix\"><\/div><\/div><\/div><div class=\"fusion-layout-column fusion_builder_column fusion-builder-column-5 fusion_builder_column_1_3 1_3 fusion-one-third fusion-column-last\" style=\"--awb-bg-size:cover;width:33.3333333333%;width:calc(33.3333333333% - ( ( 4% ) * 0.333333333333 ) );\"><div class=\"fusion-column-wrapper fusion-column-has-shadow fusion-flex-column-wrapper-legacy\"><div class=\"fusion-image-element fusion-image-align-center in-legacy-container\" style=\"text-align:center;--awb-max-width:200px;--awb-caption-title-font-family:var(--h2_typography-font-family);--awb-caption-title-font-weight:var(--h2_typography-font-weight);--awb-caption-title-font-style:var(--h2_typography-font-style);--awb-caption-title-size:var(--h2_typography-font-size);--awb-caption-title-transform:var(--h2_typography-text-transform);--awb-caption-title-line-height:var(--h2_typography-line-height);--awb-caption-title-letter-spacing:var(--h2_typography-letter-spacing);\"><div class=\"imageframe-align-center\"><span class=\" fusion-imageframe imageframe-none imageframe-3 hover-type-none\"><img decoding=\"async\" width=\"250\" height=\"250\" title=\"wert_logo\" src=\"https:\/\/algarrother.com\/wp-content\/uploads\/2016\/09\/wert_logo-1.png\" alt class=\"img-responsive wp-image-1773\" srcset=\"https:\/\/algarrother.com\/wp-content\/uploads\/2016\/09\/wert_logo-1-200x200.png 200w, https:\/\/algarrother.com\/wp-content\/uploads\/2016\/09\/wert_logo-1.png 250w\" sizes=\"(max-width: 800px) 100vw, 250px\" \/><\/span><\/div><\/div><div class=\"fusion-text fusion-text-7 noway-regular\" style=\"--awb-content-alignment:center;\"><p>Lizenzierungstermine auf Anfrage<\/p>\n<\/div><div class=\"fusion-clearfix\"><\/div><\/div><\/div><\/div><\/div>\n","protected":false},"excerpt":{"rendered":"","protected":false},"author":1,"featured_media":0,"parent":0,"menu_order":0,"comment_status":"closed","ping_status":"closed","template":"","meta":{"footnotes":""},"class_list":["post-1771","page","type-page","status-publish","hentry"],"_links":{"self":[{"href":"https:\/\/algarrother.com\/index.php\/wp-json\/wp\/v2\/pages\/1771","targetHints":{"allow":["GET"]}}],"collection":[{"href":"https:\/\/algarrother.com\/index.php\/wp-json\/wp\/v2\/pages"}],"about":[{"href":"https:\/\/algarrother.com\/index.php\/wp-json\/wp\/v2\/types\/page"}],"author":[{"embeddable":true,"href":"https:\/\/algarrother.com\/index.php\/wp-json\/wp\/v2\/users\/1"}],"replies":[{"embeddable":true,"href":"https:\/\/algarrother.com\/index.php\/wp-json\/wp\/v2\/comments?post=1771"}],"version-history":[{"count":9,"href":"https:\/\/algarrother.com\/index.php\/wp-json\/wp\/v2\/pages\/1771\/revisions"}],"predecessor-version":[{"id":5654,"href":"https:\/\/algarrother.com\/index.php\/wp-json\/wp\/v2\/pages\/1771\/revisions\/5654"}],"wp:attachment":[{"href":"https:\/\/algarrother.com\/index.php\/wp-json\/wp\/v2\/media?parent=1771"}],"curies":[{"name":"wp","href":"https:\/\/api.w.org\/{rel}","templated":true}]}}