{"id":17,"date":"2016-08-01T15:22:11","date_gmt":"2016-08-01T13:22:11","guid":{"rendered":"http:\/\/algarrother.com\/wp\/?page_id=17"},"modified":"2023-07-07T09:16:16","modified_gmt":"2023-07-07T07:16:16","slug":"angebote","status":"publish","type":"page","link":"https:\/\/algarrother.com\/index.php\/de\/angebote\/","title":{"rendered":"Angebote"},"content":{"rendered":"<div class=\"fusion-fullwidth fullwidth-box fusion-builder-row-1 nonhundred-percent-fullwidth non-hundred-percent-height-scrolling\" style=\"--awb-background-position:left top;--awb-border-sizes-top:0px;--awb-border-sizes-bottom:0px;--awb-border-sizes-left:0px;--awb-border-sizes-right:0px;--awb-border-radius-top-left:0px;--awb-border-radius-top-right:0px;--awb-border-radius-bottom-right:0px;--awb-border-radius-bottom-left:0px;--awb-padding-top:20px;--awb-padding-bottom:20px;--awb-flex-wrap:wrap;\" ><div class=\"fusion-builder-row fusion-row\"><div class=\"fusion-layout-column fusion_builder_column fusion-builder-column-0 fusion_builder_column_1_1 1_1 fusion-one-full fusion-column-first fusion-column-last\" style=\"--awb-bg-size:cover;\"><div class=\"fusion-column-wrapper fusion-flex-column-wrapper-legacy\"><div class=\"fusion-text fusion-text-1\"><h1>Unsere Angebote &#8211; \u00dcberblick<\/h1>\n<\/div><div class=\"fusion-clearfix\"><\/div><\/div><\/div><div class=\"fusion-layout-column fusion_builder_column fusion-builder-column-1 fusion_builder_column_1_1 1_1 fusion-one-full fusion-column-first fusion-column-last\" style=\"--awb-bg-size:cover;\"><div class=\"fusion-column-wrapper fusion-column-has-shadow fusion-flex-column-wrapper-legacy\"><div class=\"fusion-clearfix\"><\/div><\/div><\/div><div class=\"fusion-layout-column fusion_builder_column fusion-builder-column-2 fusion_builder_column_3_5 3_5 fusion-three-fifth fusion-column-first\" style=\"--awb-bg-size:cover;width:60%;width:calc(60% - ( ( 4% ) * 0.6 ) );margin-right: 4%;\"><div class=\"fusion-column-wrapper fusion-column-has-shadow fusion-flex-column-wrapper-legacy\"><div class=\"fusion-text fusion-text-2 fusion-no-small-visibility fusion-no-medium-visibility noway-regular\"><p>Seit fast 20 Jahren helfen wir Ihnen und Ihrer Organisation dabei erfolgreicher zu werden indem<\/p>\n<ul>\n<li>Sie Ver\u00e4nderungen erfolgreich meistern<\/li>\n<li>Ihre Manager zu exzellenten F\u00fchrungskr\u00e4ften werden<\/li>\n<li>Abteilungen zu High-Performing Teams werden<\/li>\n<li>Manager mehr Klarheit gewinnen und Orientierung geben<\/li>\n<li>Sie Ihre Business-Ziele noch besser erreichen.<\/li>\n<\/ul>\n<\/div><div class=\"fusion-text fusion-text-3 fusion-no-small-visibility fusion-no-medium-visibility noway-regular\"><p>Aus unseren gesammelten Praxiserfahrungen haben wir im Laufe der Zeit einen integrierten Ansatz entwickelt, der auf den Bausteinen <a href=\"\/index.php\/de\/change_de\">Change<\/a> &amp; <a href=\"\/index.php\/de\/lean_de\">Lean Management<\/a>, <a href=\"\/index.php\/de\/team_de\">Teamentwicklung<\/a>, <a href=\"\/index.php\/de\/leadership_de\">Leadership-Trainings<\/a> und individuellem <a href=\"\/index.php\/de\/coaching_de\">Coaching <\/a>beruht. Je nach Ihren Business-Zielen stellen wir aus unserem Fundus von mehr als 100 bew\u00e4hrten Methoden und Seminarkonzepten einen individuellen Ansatz f\u00fcr Sie zusammen.<\/p>\n<\/div><div class=\"fusion-clearfix\"><\/div><\/div><\/div><div class=\"fusion-layout-column fusion_builder_column fusion-builder-column-3 fusion_builder_column_2_5 2_5 fusion-two-fifth fusion-column-last\" style=\"--awb-bg-size:cover;width:40%;width:calc(40% - ( ( 4% ) * 0.4 ) );\"><div class=\"fusion-column-wrapper fusion-column-has-shadow fusion-flex-column-wrapper-legacy\"><div class=\"fusion-image-element fusion-no-small-visibility fusion-no-medium-visibility in-legacy-container\" style=\"--awb-caption-title-font-family:var(--h2_typography-font-family);--awb-caption-title-font-weight:var(--h2_typography-font-weight);--awb-caption-title-font-style:var(--h2_typography-font-style);--awb-caption-title-size:var(--h2_typography-font-size);--awb-caption-title-transform:var(--h2_typography-text-transform);--awb-caption-title-line-height:var(--h2_typography-line-height);--awb-caption-title-letter-spacing:var(--h2_typography-letter-spacing);\"><span class=\" fusion-imageframe imageframe-none imageframe-1 hover-type-none fusion-animated\" data-animationType=\"fadeInRight\" data-animationDuration=\"0.3\" data-animationOffset=\"top-into-view\"><img decoding=\"async\" width=\"1270\" height=\"714\" title=\"angebote\" src=\"https:\/\/algarrother.com\/wp-content\/uploads\/2021\/04\/angebote.jpg\" alt class=\"img-responsive wp-image-5612\" srcset=\"https:\/\/algarrother.com\/wp-content\/uploads\/2021\/04\/angebote-200x112.jpg 200w, https:\/\/algarrother.com\/wp-content\/uploads\/2021\/04\/angebote-400x225.jpg 400w, https:\/\/algarrother.com\/wp-content\/uploads\/2021\/04\/angebote-600x337.jpg 600w, https:\/\/algarrother.com\/wp-content\/uploads\/2021\/04\/angebote-800x450.jpg 800w, https:\/\/algarrother.com\/wp-content\/uploads\/2021\/04\/angebote-1200x675.jpg 1200w, https:\/\/algarrother.com\/wp-content\/uploads\/2021\/04\/angebote.jpg 1270w\" sizes=\"(max-width: 800px) 100vw, 600px\" \/><\/span><\/div><div class=\"fusion-clearfix\"><\/div><\/div><\/div><div class=\"fusion-layout-column fusion_builder_column fusion-builder-column-4 fusion_builder_column_1_1 1_1 fusion-one-full fusion-column-first fusion-column-last\" style=\"--awb-bg-size:cover;\"><div class=\"fusion-column-wrapper fusion-column-has-shadow fusion-flex-column-wrapper-legacy\"><div class=\"fusion-text fusion-text-4 fusion-no-large-visibility noway-regular\"><p>Seit fast 20 Jahren helfen wir Ihnen und Ihrer Organisation dabei erfolgreicher zu werden indem<\/p>\n<ul>\n<li>Sie Ver\u00e4nderungen erfolgreich meistern<\/li>\n<li>Ihre Manager zu exzellenten F\u00fchrungskr\u00e4ften werden<\/li>\n<li>Abteilungen zu High-Performing Teams werden<\/li>\n<li>Manager mehr Klarheit gewinnen und Orientierung geben<\/li>\n<li>Sie Ihre Business-Ziele noch besser erreichen.<\/li>\n<\/ul>\n<\/div><div class=\"fusion-text fusion-text-5 fusion-no-large-visibility noway-regular\"><p>Aus unseren gesammelten Praxiserfahrungen haben wir im Laufe der Zeit einen integrierten Ansatz entwickelt, der auf den Bausteinen <a href=\"\/index.php\/de\/change_de\">Change<\/a> &amp; <a href=\"\/index.php\/de\/lean_de\">Lean Management<\/a>, <a href=\"\/index.php\/de\/team_de\">Teamentwicklung<\/a>, <a href=\"\/index.php\/de\/leadership_de\">Leadership-Trainings<\/a> und individuellem <a href=\"\/index.php\/de\/coaching_de\">Coaching <\/a>beruht. Je nach Ihren Business-Zielen stellen wir aus unserem Fundus von mehr als 100 bew\u00e4hrten Methoden und Seminarkonzepten einen individuellen Ansatz f\u00fcr Sie zusammen.<\/p>\n<\/div><div class=\"fusion-text fusion-text-6 noway-regular\"><p>Bei Bedarf setzen wir das von <a href=\"http:\/\/algarrother.com\/index.php\/de\/algar_rother\/\">Algar Rother<\/a> entwickelte <a href=\"http:\/\/algarrother.com\/index.php\/de\/wert-modell\/\">W.E.R.T.\u00ae-Modell<\/a> ein, das sich als Katalysator f\u00fcr Ver\u00e4nderungen auf allen Ebenen (vom Topmanagement \u00fcber die Organisations- und Teamentwicklung bis hin zum individuellen Coaching) als h\u00f6chst effektiv erwiesen hat.<\/p>\n<p>Besonders wichtig in allem, was wir tun, ist uns das Thema Nachhaltigkeit. Wir verf\u00fcgen \u00fcber zahlreiche praxisbew\u00e4hrte Methoden und Konzepte, die das Gelernte systematisch nachverfolgen, festigen und evaluieren.<\/p>\n<\/div><div class=\"fusion-clearfix\"><\/div><\/div><\/div><\/div><\/div>\n","protected":false},"excerpt":{"rendered":"","protected":false},"author":1,"featured_media":0,"parent":0,"menu_order":0,"comment_status":"closed","ping_status":"closed","template":"","meta":{"footnotes":""},"class_list":["post-17","page","type-page","status-publish","hentry"],"_links":{"self":[{"href":"https:\/\/algarrother.com\/index.php\/wp-json\/wp\/v2\/pages\/17","targetHints":{"allow":["GET"]}}],"collection":[{"href":"https:\/\/algarrother.com\/index.php\/wp-json\/wp\/v2\/pages"}],"about":[{"href":"https:\/\/algarrother.com\/index.php\/wp-json\/wp\/v2\/types\/page"}],"author":[{"embeddable":true,"href":"https:\/\/algarrother.com\/index.php\/wp-json\/wp\/v2\/users\/1"}],"replies":[{"embeddable":true,"href":"https:\/\/algarrother.com\/index.php\/wp-json\/wp\/v2\/comments?post=17"}],"version-history":[{"count":11,"href":"https:\/\/algarrother.com\/index.php\/wp-json\/wp\/v2\/pages\/17\/revisions"}],"predecessor-version":[{"id":6619,"href":"https:\/\/algarrother.com\/index.php\/wp-json\/wp\/v2\/pages\/17\/revisions\/6619"}],"wp:attachment":[{"href":"https:\/\/algarrother.com\/index.php\/wp-json\/wp\/v2\/media?parent=17"}],"curies":[{"name":"wp","href":"https:\/\/api.w.org\/{rel}","templated":true}]}}