{"id":1580,"date":"2016-09-22T20:11:46","date_gmt":"2016-09-22T18:11:46","guid":{"rendered":"http:\/\/algarrother.com\/wp\/?page_id=1580"},"modified":"2024-04-23T16:02:49","modified_gmt":"2024-04-23T14:02:49","slug":"algar_rother","status":"publish","type":"page","link":"https:\/\/algarrother.com\/index.php\/de\/algar_rother\/","title":{"rendered":"Algar"},"content":{"rendered":"<p><div class=\"fusion-fullwidth fullwidth-box fusion-builder-row-1 nonhundred-percent-fullwidth non-hundred-percent-height-scrolling\" style=\"--awb-background-position:left top;--awb-border-sizes-top:0px;--awb-border-sizes-bottom:0px;--awb-border-sizes-left:0px;--awb-border-sizes-right:0px;--awb-border-radius-top-left:0px;--awb-border-radius-top-right:0px;--awb-border-radius-bottom-right:0px;--awb-border-radius-bottom-left:0px;--awb-padding-top:20px;--awb-padding-bottom:20px;--awb-flex-wrap:wrap;\" ><div class=\"fusion-builder-row fusion-row\"><div class=\"fusion-layout-column fusion_builder_column fusion-builder-column-0 fusion_builder_column_1_3 1_3 fusion-one-third fusion-column-first\" style=\"--awb-bg-size:cover;width:30.6666%; margin-right: 4%;\"><div class=\"fusion-column-wrapper fusion-flex-column-wrapper-legacy\"><div class=\"fusion-image-element in-legacy-container\" style=\"--awb-max-width:250px;--awb-caption-title-font-family:var(--h2_typography-font-family);--awb-caption-title-font-weight:var(--h2_typography-font-weight);--awb-caption-title-font-style:var(--h2_typography-font-style);--awb-caption-title-size:var(--h2_typography-font-size);--awb-caption-title-transform:var(--h2_typography-text-transform);--awb-caption-title-line-height:var(--h2_typography-line-height);--awb-caption-title-letter-spacing:var(--h2_typography-letter-spacing);\"><span class=\" fusion-imageframe imageframe-none imageframe-1 hover-type-none\"><img decoding=\"async\" width=\"860\" height=\"860\" title=\"algar rother rund\" src=\"https:\/\/algarrother.com\/wp-content\/uploads\/2023\/02\/algar-rother-rund-1.jpg\" alt class=\"img-responsive wp-image-6453\" srcset=\"https:\/\/algarrother.com\/wp-content\/uploads\/2023\/02\/algar-rother-rund-1-200x200.jpg 200w, https:\/\/algarrother.com\/wp-content\/uploads\/2023\/02\/algar-rother-rund-1-400x400.jpg 400w, https:\/\/algarrother.com\/wp-content\/uploads\/2023\/02\/algar-rother-rund-1-600x600.jpg 600w, https:\/\/algarrother.com\/wp-content\/uploads\/2023\/02\/algar-rother-rund-1-800x800.jpg 800w, https:\/\/algarrother.com\/wp-content\/uploads\/2023\/02\/algar-rother-rund-1.jpg 860w\" sizes=\"(max-width: 800px) 100vw, 400px\" \/><\/span><\/div><div class=\"fusion-clearfix\"><\/div><\/div><\/div><div class=\"fusion-layout-column fusion_builder_column fusion-builder-column-1 fusion_builder_column_1_3 1_3 fusion-one-third\" style=\"--awb-bg-size:cover;width:30.6666%; margin-right: 4%;\"><div class=\"fusion-column-wrapper fusion-flex-column-wrapper-legacy\"><div class=\"fusion-text fusion-text-1\"><h1><strong>Algar Rother<\/strong><\/h1>\n<h3><strong>Diplom-Kauffrau<\/strong><br \/>\nInhaberin \/ Gesch\u00e4ftsf\u00fchrerin<\/h3>\n<\/div><div class=\"fusion-clearfix\"><\/div><\/div><\/div><div class=\"fusion-layout-column fusion_builder_column fusion-builder-column-2 fusion_builder_column_1_3 1_3 fusion-one-third fusion-column-last\" style=\"--awb-bg-size:cover;--awb-margin-top:38px;width:30.6666%;\"><div class=\"fusion-column-wrapper fusion-flex-column-wrapper-legacy\"><div class=\"fusion-text fusion-text-2\"><h2>Kontakt<\/h2>\n<p>E-Mail:\u00a0<a href=\"mailto:algar.rother@algarrother.com\">algar.rother@algarrother.com<\/a><\/p>\n<p><a href=\"http:\/\/algarrother.com\/wp-content\/uploads\/2016\/08\/algar_rother_visitenkarte.pdf\" target=\"_blank\" rel=\"noopener noreferrer\"><img decoding=\"async\" class=\"alignnone size-full wp-image-269\" src=\"http:\/\/algarrother.com\/wp-content\/uploads\/2016\/08\/visitenkarte.jpg\" alt=\"visitenkarte\" width=\"100\" height=\"35\" \/><\/a><\/p>\n<p><a href=\"https:\/\/www.xing.com\/profile\/Algar_Rother\" target=\"_blank\" rel=\"noopener noreferrer\"><img decoding=\"async\" class=\"alignnone size-full wp-image-268\" src=\"http:\/\/algarrother.com\/wp-content\/uploads\/2016\/08\/xing.jpg\" alt=\"xing\" width=\"100\" height=\"40\" \/><\/a><\/p>\n<p><a href=\"https:\/\/de.linkedin.com\/in\/algar-rother-40847a64\" target=\"_blank\" rel=\"noopener noreferrer\"><img decoding=\"async\" class=\"alignnone size-full wp-image-4927\" src=\"https:\/\/algarrother.com\/wp-content\/uploads\/2020\/04\/linkedin-logo.png\" alt=\"linkedIn\" width=\"100\" height=\"27\" \/><\/a><\/p>\n<\/div><div class=\"fusion-clearfix\"><\/div><\/div><\/div><\/div><\/div><div class=\"fusion-fullwidth fullwidth-box fusion-builder-row-2 nonhundred-percent-fullwidth non-hundred-percent-height-scrolling\" style=\"--awb-background-position:left top;--awb-border-sizes-top:0px;--awb-border-sizes-bottom:0px;--awb-border-sizes-left:0px;--awb-border-sizes-right:0px;--awb-border-radius-top-left:0px;--awb-border-radius-top-right:0px;--awb-border-radius-bottom-right:0px;--awb-border-radius-bottom-left:0px;--awb-padding-top:20px;--awb-padding-bottom:20px;--awb-flex-wrap:wrap;\" ><div class=\"fusion-builder-row fusion-row\"><div class=\"fusion-layout-column fusion_builder_column fusion-builder-column-3 fusion_builder_column_1_1 1_1 fusion-one-full fusion-column-first fusion-column-last fusion-column-no-min-height\" style=\"--awb-bg-size:cover;--awb-margin-bottom:0px;\"><div class=\"fusion-column-wrapper fusion-flex-column-wrapper-legacy\"><div class=\"fusion-sep-clear\"><\/div><div class=\"fusion-separator fusion-full-width-sep\" style=\"margin-left: auto;margin-right: auto;width:100%;\"><div class=\"fusion-separator-border sep-single sep-solid\" style=\"--awb-height:20px;--awb-amount:20px;--awb-sep-color:#90d5f4;border-color:#90d5f4;border-top-width:1px;\"><\/div><\/div><div class=\"fusion-sep-clear\"><\/div><div class=\"fusion-clearfix\"><\/div><\/div><\/div><\/div><\/div><div class=\"fusion-fullwidth fullwidth-box fusion-builder-row-3 nonhundred-percent-fullwidth non-hundred-percent-height-scrolling\" style=\"--awb-background-position:left top;--awb-border-sizes-top:0px;--awb-border-sizes-bottom:0px;--awb-border-sizes-left:0px;--awb-border-sizes-right:0px;--awb-border-radius-top-left:0px;--awb-border-radius-top-right:0px;--awb-border-radius-bottom-right:0px;--awb-border-radius-bottom-left:0px;--awb-padding-top:20px;--awb-padding-bottom:20px;--awb-flex-wrap:wrap;\" ><div class=\"fusion-builder-row fusion-row\"><div class=\"fusion-layout-column fusion_builder_column fusion-builder-column-4 fusion_builder_column_1_2 1_2 fusion-one-half fusion-column-first\" style=\"--awb-bg-size:cover;width:48%; margin-right: 4%;\"><div class=\"fusion-column-wrapper fusion-flex-column-wrapper-legacy\"><div class=\"fusion-text fusion-text-3\"><p>Nach ihrem Studium der Betriebswirtschaftslehre an den Universit\u00e4ten Mannheim und Hohenheim arbeitete Algar Rother mehrere Jahre f\u00fcr die Beratungsfirma IFAO AG und verantwortete dort gro\u00dfe Projekte zu \u201eLean Management\u201c und \u201eLean Production\u201c. 1996 gr\u00fcndete sie die Partnergesellschaft Rother &amp; Partner, seit Oktober 2013 ist sie alleinige Gesch\u00e4ftsf\u00fchrerin von Algar Rother Coaches &amp; Consultants.<\/p>\n<p>Als selbst\u00e4ndige Beraterin hat sie mit ihren Teams zahlreiche Ver\u00e4nderungsprojekte an der Nahtstelle von Personal- und Organisationsentwicklung begleitet und verf\u00fcgt \u00fcber umfangreiche Erfahrung mit einer Vielzahl von Trainings- und Beratungsans\u00e4tzen. Sie hat viele innovative eigene Konzepte und Methoden entwickelt und ist Autorin des <a href=\"http:\/\/algarrother.com\/index.php\/de\/wert-modell\/\" target=\"_blank\" rel=\"noopener noreferrer\">W.E.R.T.\u00ae-Modells<\/a>, das 2010 die Silbermedaille beim Internationalen Trainingspreis des BDVT gewann und seither in vielen Unternehmen erfolgreich als Personal- und Organisationsentwicklungskonzept angewendet wird.<\/p>\n<p>Wandel erfordert Leadership. F\u00fchrungskr\u00e4fte profitieren von einem Sparringpartner, der als Diskussionspartner auf Augenh\u00f6he zur Verf\u00fcgung steht und ihnen im Ver\u00e4nderungsprozess pers\u00f6nlich zur Seite steht.<\/p>\n<\/div><div class=\"fusion-clearfix\"><\/div><\/div><\/div><div class=\"fusion-layout-column fusion_builder_column fusion-builder-column-5 fusion_builder_column_1_2 1_2 fusion-one-half fusion-column-last\" style=\"--awb-bg-size:cover;width:48%;\"><div class=\"fusion-column-wrapper fusion-flex-column-wrapper-legacy\"><div class=\"fusion-text fusion-text-4\"><p>Seit Jahren agiert Algar Rother daher gleichzeitig als Executive Coach im Topmanagement. Durch einen einzigartigen Mix aus jahrelanger Praxiserfahrung und gezielten Weiterbildungsma\u00dfnahmen im Bereich Systemische Beratung und Coaching ist sie heute eine gefragte Expertin f\u00fcr Executive Coaching.<\/p>\n<p>Ein besonderes Anliegen ist ihr das von ihr ins Leben gerufene Netzwerk f\u00fcr Topmanagerinnen <a href=\"http:\/\/www.fbi-circle.com\" target=\"_blank\" rel=\"noopener noreferrer\">Female Business Intelligence (FBI)<\/a>.<\/p>\n<p>Algar Rother ist geb\u00fcrtige Berlinerin, Unternehmerin aus Leidenschaft, hat zwei Kinder und lebt in Karlsruhe.<\/p>\n<\/div><div class=\"fusion-clearfix\"><\/div><\/div><\/div><\/div><\/div><\/p>\n","protected":false},"excerpt":{"rendered":"","protected":false},"author":1,"featured_media":0,"parent":0,"menu_order":0,"comment_status":"closed","ping_status":"closed","template":"","meta":{"footnotes":""},"class_list":["post-1580","page","type-page","status-publish","hentry"],"_links":{"self":[{"href":"https:\/\/algarrother.com\/index.php\/wp-json\/wp\/v2\/pages\/1580","targetHints":{"allow":["GET"]}}],"collection":[{"href":"https:\/\/algarrother.com\/index.php\/wp-json\/wp\/v2\/pages"}],"about":[{"href":"https:\/\/algarrother.com\/index.php\/wp-json\/wp\/v2\/types\/page"}],"author":[{"embeddable":true,"href":"https:\/\/algarrother.com\/index.php\/wp-json\/wp\/v2\/users\/1"}],"replies":[{"embeddable":true,"href":"https:\/\/algarrother.com\/index.php\/wp-json\/wp\/v2\/comments?post=1580"}],"version-history":[{"count":6,"href":"https:\/\/algarrother.com\/index.php\/wp-json\/wp\/v2\/pages\/1580\/revisions"}],"predecessor-version":[{"id":7066,"href":"https:\/\/algarrother.com\/index.php\/wp-json\/wp\/v2\/pages\/1580\/revisions\/7066"}],"wp:attachment":[{"href":"https:\/\/algarrother.com\/index.php\/wp-json\/wp\/v2\/media?parent=1580"}],"curies":[{"name":"wp","href":"https:\/\/api.w.org\/{rel}","templated":true}]}}