{"id":1548,"date":"2016-09-22T12:34:56","date_gmt":"2016-09-22T10:34:56","guid":{"rendered":"http:\/\/algarrother.com\/wp\/?page_id=1548"},"modified":"2023-02-09T14:59:57","modified_gmt":"2023-02-09T13:59:57","slug":"publications","status":"publish","type":"page","link":"https:\/\/algarrother.com\/index.php\/en\/publications\/","title":{"rendered":"Publications ENG"},"content":{"rendered":"<p><div class=\"fusion-fullwidth fullwidth-box fusion-builder-row-1 nonhundred-percent-fullwidth non-hundred-percent-height-scrolling\" style=\"--awb-background-position:left top;--awb-border-sizes-top:0px;--awb-border-sizes-bottom:0px;--awb-border-sizes-left:0px;--awb-border-sizes-right:0px;--awb-border-radius-top-left:0px;--awb-border-radius-top-right:0px;--awb-border-radius-bottom-right:0px;--awb-border-radius-bottom-left:0px;--awb-padding-top:20px;--awb-padding-bottom:20px;--awb-flex-wrap:wrap;\" ><div class=\"fusion-builder-row fusion-row\"><div class=\"fusion-layout-column fusion_builder_column fusion-builder-column-0 fusion_builder_column_1_1 1_1 fusion-one-full fusion-column-first fusion-column-last\" style=\"--awb-bg-size:cover;\"><div class=\"fusion-column-wrapper fusion-flex-column-wrapper-legacy\"><div class=\"fusion-text fusion-text-1\"><h1>Publications<\/h1>\n<\/div><div class=\"fusion-clearfix\"><\/div><\/div><\/div><div class=\"fusion-layout-column fusion_builder_column fusion-builder-column-1 fusion_builder_column_1_2 1_2 fusion-one-half fusion-column-first\" style=\"--awb-bg-size:cover;width:48%; margin-right: 4%;\"><div class=\"fusion-column-wrapper fusion-flex-column-wrapper-legacy\"><div class=\"fusion-text fusion-text-2\"><p><img decoding=\"async\" class=\"alignleft wp-image-50\" src=\"https:\/\/algarrother.com\/wp-content\/uploads\/2021\/03\/Cover-Navigieren-im-Dilemma.jpg\" alt=\"hbm_artikel_ar_2015_cover\" width=\"134\" height=\"175\" \/><\/p>\n<p><b>Julika Zwack, Ulrike Bossmann<\/b><\/p>\n<p>Navigieren im Dilemma: Wege aus beruflichen Zwickm\u00fchlen. G\u00f6ttingen: Vandenhoeck &amp; Ruprecht, 2017<\/p>\n<\/div><div class=\"fusion-text fusion-text-3\"><p>\u00a0<\/p>\n<\/div><div class=\"fusion-text fusion-text-4\"><p>\u00a0<\/p>\n<\/div><div class=\"fusion-text fusion-text-5\"><p>\u00a0<\/p>\n<\/div><div class=\"fusion-text fusion-text-6\"><p><a href=\"https:\/\/algarrother.com\/wp-content\/uploads\/2016\/10\/harvard_business-manager_change-fallstudie_2016.pdf\" target=\"_blank\" rel=\"noopener noreferrer\"><img decoding=\"async\" class=\"alignleft wp-image-50\" src=\"https:\/\/algarrother.com\/wp-content\/uploads\/2016\/12\/hbm_artikel_ar_2015_cover.jpg\" alt=\"hbm_artikel_ar_2015_cover\" width=\"134\" height=\"175\" \/><\/a>Expert comment from Algar Rother in the special issue on the topic &#8218;change management&#8216; of the Harvard Business Manager. Read the article <a href=\"https:\/\/algarrother.com\/wp-content\/uploads\/2016\/10\/harvard_business-manager_change-fallstudie_2016.pdf\" target=\"_blank\" rel=\"noopener noreferrer\">here\u00a0<\/a>(in German).<\/p>\n<\/div><div class=\"fusion-text fusion-text-7\"><p>\u00a0<\/p>\n<\/div><div class=\"fusion-text fusion-text-8\"><p>\u00a0<\/p>\n<\/div><div class=\"fusion-text fusion-text-9\"><p>\u00a0<\/p>\n<\/div><div class=\"fusion-text fusion-text-10\"><p><strong><img decoding=\"async\" class=\" wp-image-967 alignleft\" src=\"http:\/\/algarrother.com\/wp-content\/uploads\/2016\/09\/business_suess_sauer.jpg\" alt=\"business_suess_sauer\" width=\"134\" height=\"175\" \/><\/strong><\/p>\n<p><strong>Andrea Th\u00fcrmer Leung, Susanne Helbach-Grosser<\/strong><br \/>\nBusiness s\u00fc\u00df-sauer. Business Ettikette f\u00fcr Deutsche und Chinesen.<br \/>\nKonfuzius Institut M\u00fcnchen (Hrsg.), 2014<\/p>\n<\/div><div class=\"fusion-text fusion-text-11\"><p>\u00a0<\/p>\n<\/div><div class=\"fusion-text fusion-text-12\"><p>\u00a0<\/p>\n<\/div><div class=\"fusion-text fusion-text-13\"><p>\u00a0<\/p>\n<\/div><div class=\"fusion-text fusion-text-14\"><p><strong>Kathrin Schnaufer<\/strong><br \/>\nGeneration Y: So gelingt die Mitarbeiterbindung. Fachbeitrag 22.08.2014. Online verf\u00fcgbar unter: URL <a href=\"https:\/\/editionf.com\/generation-y-so-gelingt-mitarbeiterbindung\">https:\/\/editionf.com\/generation-y-so-gelingt-mitarbeiterbindung<\/a><b><\/b><\/p>\n<\/div><div class=\"fusion-clearfix\"><\/div><\/div><\/div><div class=\"fusion-layout-column fusion_builder_column fusion-builder-column-2 fusion_builder_column_1_2 1_2 fusion-one-half fusion-column-last\" style=\"--awb-bg-size:cover;width:48%;\"><div class=\"fusion-column-wrapper fusion-flex-column-wrapper-legacy\"><div class=\"fusion-text fusion-text-15\"><p><strong>Kathrin Schnaufer<\/strong><br \/>\nFachkr\u00e4fte: Eine Frage der Familienfreundlichkeit. Fachbeitrag 31.07.2014. Online verf\u00fcgbar unter: URL <a href=\"https:\/\/editionf.com\/fachkraefte-frage-familienfreundlichkeit\">https:\/\/editionf.com\/fachkraefte-frage-familienfreundlichkeit<\/a><b><\/b><\/p>\n<p><strong>Sonja Conrads, Martina Szautner, Algar Rother<\/strong><br \/>\nWerteorientierte F\u00fchrung weltweit \u2013 wie Giesecke &amp; Devrient den Kulturwandel gestaltete<br \/>\nIn: Bildungs- &amp; Talentmanagement, Jahrbuch 2013, S. 140-147<\/p>\n<p><b>Jochen Schweitzer, Ulrike Bossmann<\/b><br \/>\nSystemisches Demografiemanagement. Wie kommt Neues zum \u00c4lterwerden ins Unternehmen?<br \/>\nSpringer VS Verlag, 2013<\/p>\n<p><b>Fallstudie im Harvard Business Manager<br \/>\n&#8222;Werden die Mitarbeiter gerecht beurteilt?&#8220;<br \/>\n<\/b>Frau Algar Rother als Expertin mit ihrem L\u00f6sungsvorschlag zu lesen in<br \/>\nder Septemberausgabe 2010 des HBM<\/p>\n<p><b>Algar Rother, Michael Fuhrmann<\/b><br \/>\nTraining kommunikativer Kompetenz<br \/>\nIn: Handbuch Medien- und Bildungsmanagement. Mai 2009, S. 151-166<\/p>\n<p><b>Algar Rother<\/b><br \/>\nF\u00fchrung: Wie Beziehungen nicht auf der Strecke bleiben<br \/>\nGastbeitrag f\u00fcr das Wissensportal business-wissen.de, April 2007<\/p>\n<p><b>Algar Rother, Michael Fuhrmann<\/b><br \/>\nTeam Feedback Management using the Team Management Profile. 2005<\/p>\n<p><b>Matthias Klimmer, Martina Neef, Algar Rother<\/b><br \/>\nEinsatz von Pers\u00f6nlichkeitstypologien in der Deutschen Wirtschaft.<br \/>\nIn: Kommunikation und Entwicklung. Januar 2005, S. 22-28<\/p>\n<p><b>Algar Rother, Michael Fuhrmann <\/b><br \/>\nInteressanter Weg: F\u00fchren mit K\u00f6pfchen.<br \/>\nIn: Harvard Business Manager, Juli 2003 S. 121<\/p>\n<\/div><div class=\"fusion-clearfix\"><\/div><\/div><\/div><\/div><\/div><footer class=\"fusion-fullwidth fullwidth-box fusion-builder-row-2 nonhundred-percent-fullwidth non-hundred-percent-height-scrolling\" style=\"--awb-background-position:left top;--awb-border-sizes-top:0px;--awb-border-sizes-bottom:0px;--awb-border-sizes-left:0px;--awb-border-sizes-right:0px;--awb-border-radius-top-left:0px;--awb-border-radius-top-right:0px;--awb-border-radius-bottom-right:0px;--awb-border-radius-bottom-left:0px;--awb-padding-top:20px;--awb-padding-right:20px;--awb-padding-bottom:20px;--awb-padding-left:20px;--awb-background-color:#1d3b4a;--awb-flex-wrap:wrap;\" id=\"footer-eng\" ><div class=\"fusion-builder-row fusion-row\"><div class=\"fusion-layout-column fusion_builder_column fusion-builder-column-3 fusion_builder_column_1_4 1_4 fusion-one-fourth fusion-column-first\" style=\"--awb-bg-blend:overlay;--awb-bg-size:cover;--awb-margin-top:30px;width:22%; margin-right: 4%;\"><div class=\"fusion-column-wrapper fusion-flex-column-wrapper-legacy\"><div class=\"fusion-text fusion-text-16\" style=\"--awb-font-size:13px;--awb-text-font-family:&quot;Open Sans&quot;;--awb-text-font-style:normal;--awb-text-font-weight:400;\"><p><span style=\"color: #ffffff; font-family: 'Open Sans'; font-size: 13px;\">ADDRESS<\/span><\/p>\n<p><span style=\"color: #ffffff; font-family: 'Open Sans'; font-size: 13px;\">Algar Rother Coaches &amp; Consultants <\/span><br \/>\n<span style=\"color: #ffffff; font-family: 'Open Sans'; font-size: 13px;\">Kaethe-Kollwitz-Str. 42<\/span><br \/>\n<span style=\"color: #ffffff; font-family: 'Open Sans'; font-size: 13px;\">D-76227 Karlsruhe<\/span><\/p>\n<\/div><div class=\"fusion-clearfix\"><\/div><\/div><\/div><div class=\"fusion-layout-column fusion_builder_column fusion-builder-column-4 fusion_builder_column_1_4 1_4 fusion-one-fourth\" style=\"--awb-bg-blend:overlay;--awb-bg-size:cover;--awb-margin-top:30px;width:22%; margin-right: 4%;\"><div class=\"fusion-column-wrapper fusion-flex-column-wrapper-legacy\"><div class=\"fusion-text fusion-text-17\" style=\"--awb-font-size:13px;--awb-text-font-family:&quot;Open Sans&quot;;--awb-text-font-style:normal;--awb-text-font-weight:400;\"><p><span style=\"color: #ffffff; font-family: 'Open Sans'; font-size: 13px;\">CONTACT<\/span><\/p>\n<table>\n<tbody>\n<tr>\n<td width=\"50px;\"><span style=\"color: #ffffff; font-family: 'Open Sans'; font-size: 13px;\">phone<\/span><\/td>\n<td><span style=\"color: #ffffff; font-family: 'Open Sans'; font-size: 13px;\">0049 721 \/ 7540 22-0<\/span><\/td>\n<\/tr>\n<tr>\n<td><span style=\"color: #ffffff; font-family: 'Open Sans'; font-size: 13px;\">fax<\/span><\/td>\n<td><span style=\"color: #ffffff; font-family: 'Open Sans'; font-size: 13px;\">0049 721 \/ 7540 22-10<\/span><\/td>\n<\/tr>\n<tr>\n<td><span style=\"color: #ffffff; font-family: 'Open Sans'; font-size: 13px;\">mail<\/span><\/td>\n<td><a style=\"color: #ffffff; font-family: 'Open Sans'; font-size: 13px;\" href=\"mailto:info@algarrother.com\">info@algarrother.com<\/a><\/td>\n<\/tr>\n<\/tbody>\n<\/table>\n<\/div><div class=\"fusion-clearfix\"><\/div><\/div><\/div><div class=\"fusion-layout-column fusion_builder_column fusion-builder-column-5 fusion_builder_column_1_4 1_4 fusion-one-fourth\" style=\"--awb-bg-blend:overlay;--awb-bg-size:cover;--awb-margin-top:30px;width:22%; margin-right: 4%;\"><div class=\"fusion-column-wrapper fusion-flex-column-wrapper-legacy\"><div class=\"fusion-text fusion-text-18\"><p><span style=\"color: #ffffff; font-family: 'Open Sans'; font-size: 13px;\">FURTHER WEBSITES<\/span><\/p>\n<p><span style=\"color: #ffffff; font-family: 'Open Sans'; font-size: 13px;\"><a style=\"color: #ffffff;\" href=\"http:\/\/www.wert-profil.de\/\" target=\"_blank\" rel=\"noopener noreferrer\">www.wert-profil.de<\/a><\/span><br \/>\n<span style=\"color: #ffffff; font-family: 'Open Sans'; font-size: 13px;\"><a style=\"color: #ffffff;\" href=\"http:\/\/fbi-circle.com\/\" target=\"_blank\" rel=\"noopener noreferrer\">www.fbi-circle.com<\/a><\/span><br \/>\n<span style=\"color: #ffffff; font-family: 'Open Sans'; font-size: 13px;\"><a style=\"color: #ffffff;\" href=\"https:\/\/www.linkedin.com\/in\/algar-rother-40847a64\/\" target=\"_blank\" rel=\"noopener noreferrer\">www.linkedin.com<\/a><\/span><\/p>\n<\/div><div class=\"fusion-clearfix\"><\/div><\/div><\/div><div class=\"fusion-layout-column fusion_builder_column fusion-builder-column-6 fusion_builder_column_1_4 1_4 fusion-one-fourth fusion-column-last\" style=\"--awb-bg-blend:overlay;--awb-bg-size:cover;--awb-margin-top:30px;width:22%;\"><div class=\"fusion-column-wrapper fusion-flex-column-wrapper-legacy\"><div class=\"fusion-text fusion-text-19\" style=\"--awb-text-transform:none;\"><p><span style=\"color: #ffffff; font-family: 'Open Sans'; font-size: 13px;\">LEGAL INFORMATION<\/span><\/p>\n<p><a href=\"http:\/\/algarrother.com\/index.php\/en\/legal-disclosure\/\"><span style=\"color: #ffffff; font-family: 'Open Sans'; font-size: 13px;\">Legal Disclosure &amp; Privacy Policy<\/span><\/a><br \/>\n<a href=\"https:\/\/algarrother.com\/index.php\/de\/cookie-richtlinie-eu\/\"><span style=\"color: #ffffff; font-family: 'Open Sans'; font-size: 13px;\">Cookies<\/span><\/a><br \/>\n<span style=\"color: #ffffff; font-family: 'Open Sans'; font-size: 13px;\">\u00a9 2024 Algar Rother Coaches &amp; Consultants<\/span><\/p>\n<\/div><div class=\"fusion-clearfix\"><\/div><\/div><\/div><\/div><\/footer>\n<\/p>\n","protected":false},"excerpt":{"rendered":"","protected":false},"author":1,"featured_media":0,"parent":0,"menu_order":0,"comment_status":"closed","ping_status":"closed","template":"100-width.php","meta":{"footnotes":""},"class_list":["post-1548","page","type-page","status-publish","hentry"],"_links":{"self":[{"href":"https:\/\/algarrother.com\/index.php\/wp-json\/wp\/v2\/pages\/1548","targetHints":{"allow":["GET"]}}],"collection":[{"href":"https:\/\/algarrother.com\/index.php\/wp-json\/wp\/v2\/pages"}],"about":[{"href":"https:\/\/algarrother.com\/index.php\/wp-json\/wp\/v2\/types\/page"}],"author":[{"embeddable":true,"href":"https:\/\/algarrother.com\/index.php\/wp-json\/wp\/v2\/users\/1"}],"replies":[{"embeddable":true,"href":"https:\/\/algarrother.com\/index.php\/wp-json\/wp\/v2\/comments?post=1548"}],"version-history":[{"count":4,"href":"https:\/\/algarrother.com\/index.php\/wp-json\/wp\/v2\/pages\/1548\/revisions"}],"predecessor-version":[{"id":6483,"href":"https:\/\/algarrother.com\/index.php\/wp-json\/wp\/v2\/pages\/1548\/revisions\/6483"}],"wp:attachment":[{"href":"https:\/\/algarrother.com\/index.php\/wp-json\/wp\/v2\/media?parent=1548"}],"curies":[{"name":"wp","href":"https:\/\/api.w.org\/{rel}","templated":true}]}}