{"id":15,"date":"2016-08-01T15:21:58","date_gmt":"2016-08-01T13:21:58","guid":{"rendered":"http:\/\/algarrother.com\/wp\/?page_id=15"},"modified":"2024-08-16T14:52:35","modified_gmt":"2024-08-16T12:52:35","slug":"das-team","status":"publish","type":"page","link":"https:\/\/algarrother.com\/index.php\/de\/das-team\/","title":{"rendered":"Rother&#8217;s Team"},"content":{"rendered":"<div class=\"fusion-fullwidth fullwidth-box fusion-builder-row-1 nonhundred-percent-fullwidth non-hundred-percent-height-scrolling noway-regular\" style=\"--awb-background-position:left top;--awb-border-sizes-top:0px;--awb-border-sizes-bottom:0px;--awb-border-sizes-left:0px;--awb-border-sizes-right:0px;--awb-border-radius-top-left:0px;--awb-border-radius-top-right:0px;--awb-border-radius-bottom-right:0px;--awb-border-radius-bottom-left:0px;--awb-padding-top:20px;--awb-padding-bottom:20px;--awb-flex-wrap:wrap;\" ><div class=\"fusion-builder-row fusion-row\"><div class=\"fusion-layout-column fusion_builder_column fusion-builder-column-0 fusion_builder_column_1_1 1_1 fusion-one-full fusion-column-first fusion-column-last\" style=\"--awb-bg-size:cover;\"><div class=\"fusion-column-wrapper fusion-flex-column-wrapper-legacy\"><div class=\"fusion-text fusion-text-1\"><h1 style=\"font-family: Noway-Regular;\">Rother&#8217;s\u00a0Team<\/h1>\n<\/div><div class=\"fusion-clearfix\"><\/div><\/div><\/div><div class=\"fusion-layout-column fusion_builder_column fusion-builder-column-1 fusion_builder_column_2_3 2_3 fusion-two-third fusion-column-first\" style=\"--awb-bg-size:cover;width:65.3333%; margin-right: 4%;\"><div class=\"fusion-column-wrapper fusion-flex-column-wrapper-legacy\"><div class=\"fusion-text fusion-text-2\"><h2 style=\"font-family: Noway-Regular;\">Wir brennen f\u00fcr unsere Kunden und Projekte<\/h2>\n<p>Unsere Kunden arbeiten immer wieder mit uns zusammen. Das schafft Vertrauen. Effiziente und erfolgreiche Zusammenarbeit passiert nicht per Zufall.<\/p>\n<p>Unser Team ist:<\/p>\n<p><strong>Businessorientiert<\/strong><br \/>\nWir h\u00f6ren gut zu und verstehen rasch Ihr Gesch\u00e4ft. Wir helfen Ihnen, Ihre Businessziele zu erreichen!<\/p>\n<p><strong>Teamorientiert<\/strong><br \/>\nGemeinsame Werte verbinden uns. Wir handeln nicht als Einzelk\u00e4mpfer, sondern Hand in Hand zusammen f\u00fcr Ihren Erfolg!<\/p>\n<p><strong>Innovativ und routiniert<\/strong><br \/>\nWir erarbeiten auch f\u00fcr komplexe Problemstellungen zukunftsf\u00e4hige und praktikable L\u00f6sungen. Dabei helfen uns neueste wissenschaftliche Erkenntnisse, die wir in unsere Arbeit integrieren.<\/p>\n<p><strong>Sympathisch und unkompliziert<\/strong><br \/>\nUnsere Kunden arbeiten gerne mit uns zusammen und erleben uns als offen und zugewandt.<\/p>\n<p><strong>Vielf\u00e4ltig<\/strong><br \/>\nUnser Team versammelt Experten aus verschiedenen Disziplinen (Psychologie, Betriebswirtschaft, P\u00e4dagogik, Ingenieurwissenschaften\u2026). Langj\u00e4hrige Erfahrung verbindet sich zu einer ganzheitlichen Perspektive.<\/p>\n<p><strong>Nah am Menschen<\/strong><br \/>\nWir sind \u00dcberzeugungst\u00e4ter in Bezug auf Menschen.<br \/>\nMit Kopf und Herz verbinden wir hard- und soft facts.<\/p>\n<\/div><div class=\"fusion-clearfix\"><\/div><\/div><\/div><div class=\"fusion-layout-column fusion_builder_column fusion-builder-column-2 fusion_builder_column_1_3 1_3 fusion-one-third fusion-column-last\" style=\"--awb-bg-size:cover;width:30.6666%;\"><div class=\"fusion-column-wrapper fusion-flex-column-wrapper-legacy\"><div class=\"fusion-image-element in-legacy-container\" style=\"--awb-caption-title-font-family:var(--h2_typography-font-family);--awb-caption-title-font-weight:var(--h2_typography-font-weight);--awb-caption-title-font-style:var(--h2_typography-font-style);--awb-caption-title-size:var(--h2_typography-font-size);--awb-caption-title-transform:var(--h2_typography-text-transform);--awb-caption-title-line-height:var(--h2_typography-line-height);--awb-caption-title-letter-spacing:var(--h2_typography-letter-spacing);\"><span class=\" fusion-imageframe imageframe-none imageframe-1 hover-type-none\"><a href=\"http:\/\/algarrother.com\/wp-content\/uploads\/2016\/09\/team_2_slider.jpg\" class=\"fusion-lightbox\" data-rel=\"iLightbox[fd3b5f97cb35b5b2c9e]\" title=\"homepage rothers teambild\"><img decoding=\"async\" width=\"1455\" height=\"970\" src=\"https:\/\/algarrother.com\/wp-content\/uploads\/2024\/08\/homepage-rothers-teambild.jpg\" alt class=\"img-responsive wp-image-7213\" srcset=\"https:\/\/algarrother.com\/wp-content\/uploads\/2024\/08\/homepage-rothers-teambild-200x133.jpg 200w, https:\/\/algarrother.com\/wp-content\/uploads\/2024\/08\/homepage-rothers-teambild-400x267.jpg 400w, https:\/\/algarrother.com\/wp-content\/uploads\/2024\/08\/homepage-rothers-teambild-600x400.jpg 600w, https:\/\/algarrother.com\/wp-content\/uploads\/2024\/08\/homepage-rothers-teambild-800x533.jpg 800w, https:\/\/algarrother.com\/wp-content\/uploads\/2024\/08\/homepage-rothers-teambild-1200x800.jpg 1200w, https:\/\/algarrother.com\/wp-content\/uploads\/2024\/08\/homepage-rothers-teambild.jpg 1455w\" sizes=\"(max-width: 800px) 100vw, 600px\" \/><\/a><\/span><\/div><div class=\"fusion-clearfix\"><\/div><\/div><\/div><\/div><\/div>\n","protected":false},"excerpt":{"rendered":"","protected":false},"author":1,"featured_media":0,"parent":0,"menu_order":0,"comment_status":"closed","ping_status":"closed","template":"","meta":{"footnotes":""},"class_list":["post-15","page","type-page","status-publish","hentry"],"_links":{"self":[{"href":"https:\/\/algarrother.com\/index.php\/wp-json\/wp\/v2\/pages\/15","targetHints":{"allow":["GET"]}}],"collection":[{"href":"https:\/\/algarrother.com\/index.php\/wp-json\/wp\/v2\/pages"}],"about":[{"href":"https:\/\/algarrother.com\/index.php\/wp-json\/wp\/v2\/types\/page"}],"author":[{"embeddable":true,"href":"https:\/\/algarrother.com\/index.php\/wp-json\/wp\/v2\/users\/1"}],"replies":[{"embeddable":true,"href":"https:\/\/algarrother.com\/index.php\/wp-json\/wp\/v2\/comments?post=15"}],"version-history":[{"count":5,"href":"https:\/\/algarrother.com\/index.php\/wp-json\/wp\/v2\/pages\/15\/revisions"}],"predecessor-version":[{"id":7214,"href":"https:\/\/algarrother.com\/index.php\/wp-json\/wp\/v2\/pages\/15\/revisions\/7214"}],"wp:attachment":[{"href":"https:\/\/algarrother.com\/index.php\/wp-json\/wp\/v2\/media?parent=15"}],"curies":[{"name":"wp","href":"https:\/\/api.w.org\/{rel}","templated":true}]}}