{"id":13,"date":"2016-08-01T15:21:35","date_gmt":"2016-08-01T13:21:35","guid":{"rendered":"http:\/\/algarrother.com\/wp\/?page_id=13"},"modified":"2024-08-16T14:56:56","modified_gmt":"2024-08-16T12:56:56","slug":"unternehmen","status":"publish","type":"page","link":"https:\/\/algarrother.com\/index.php\/de\/unternehmen\/","title":{"rendered":"Unternehmen"},"content":{"rendered":"<div class=\"fusion-fullwidth fullwidth-box fusion-builder-row-1 nonhundred-percent-fullwidth non-hundred-percent-height-scrolling\" style=\"--awb-background-position:left top;--awb-border-sizes-top:0px;--awb-border-sizes-bottom:0px;--awb-border-sizes-left:0px;--awb-border-sizes-right:0px;--awb-border-radius-top-left:0px;--awb-border-radius-top-right:0px;--awb-border-radius-bottom-right:0px;--awb-border-radius-bottom-left:0px;--awb-padding-top:20px;--awb-padding-bottom:20px;--awb-flex-wrap:wrap;\" ><div class=\"fusion-builder-row fusion-row\"><div class=\"fusion-layout-column fusion_builder_column fusion-builder-column-0 fusion_builder_column_1_1 1_1 fusion-one-full fusion-column-first fusion-column-last\" style=\"--awb-bg-size:cover;\"><div class=\"fusion-column-wrapper fusion-flex-column-wrapper-legacy\"><div class=\"fusion-text fusion-text-1\"><h1>Das Unternehmen<\/h1>\n<\/div><div class=\"fusion-clearfix\"><\/div><\/div><\/div><div class=\"fusion-layout-column fusion_builder_column fusion-builder-column-1 fusion_builder_column_1_2 1_2 fusion-one-half fusion-column-first\" style=\"--awb-bg-size:cover;width:48%; margin-right: 4%;\"><div class=\"fusion-column-wrapper fusion-flex-column-wrapper-legacy\"><div class=\"fusion-text fusion-text-2\"><p>Algar Rother Coaches &amp; Consultants ist ein kreatives und interdisziplin\u00e4res Team von mehr als 30 Beratern, Trainern und Coaches mit unterschiedlichen Qualifikationsprofilen und T\u00e4tigkeitsschwerpunkten.<\/p>\n<p>Unser Team besteht aus Betriebswirten, Psychologen, P\u00e4dagogen und Ingenieuren &#8211; jeder bringt eigene Sichtweisen und Erfahrungen ein und bereichert dadurch die Arbeit mit unseren Kunden. Werfen Sie einfach einen Blick auf die <a href=\"http:\/\/algarrother.com\/index.php\/de\/coaches-consultants\/\">Beraterprofile<\/a>.<\/p>\n<p>Unser Schwerpunkt ist die Beratung an der Schnittstelle Organisations- und Personalentwicklung. Erfahren Sie mehr \u00fcber unsere <a href=\"http:\/\/algarrother.com\/index.php\/de\/angebote\/\">Angebote <\/a>und unsere Arbeitsweise.<\/p>\n<p>Algar Rother Coaches &amp; Consultants wurden im FOCUS-Ranking 2016 als\u00a0Top-Coaches\u00a0in den Bereichen F\u00fchrungskr\u00e4fte-Coaching, Teamentwicklungs-Coaching und Change-Management-Coaching gef\u00fchrt und werden laut FOCUS h\u00e4ufig von Personalern empfohlen.<\/p>\n<\/div><div class=\"fusion-clearfix\"><\/div><\/div><\/div><div class=\"fusion-layout-column fusion_builder_column fusion-builder-column-2 fusion_builder_column_1_2 1_2 fusion-one-half fusion-column-last\" style=\"--awb-bg-size:cover;width:48%;\"><div class=\"fusion-column-wrapper fusion-flex-column-wrapper-legacy\"><div class=\"fusion-slider-sc fusion-flexslider-loading flexslider flexslider-hover-type-none\" data-slideshow_autoplay=\"1\" data-slideshow_smooth_height=\"0\" data-slideshow_speed=\"7000\" style=\"max-width:100%;height:100%;\"><ul class=\"slides\"><li class=\"video\"><div class=\"full-video\"><div class=\"fusion-video fusion-youtube\" style=\"--awb-max-width:620px;--awb-max-height:349px;\"><div class=\"video-shortcode\"><div class=\"fluid-width-video-wrapper\" style=\"padding-top:56.29%;\" ><iframe title=\"YouTube video player 1\" src=\"https:\/\/www.youtube.com\/embed\/chaMpys3mHg?wmode=transparent&autoplay=0&amp;rel=0\" width=\"620\" height=\"349\" allowfullscreen allow=\"autoplay; clipboard-write; encrypted-media; gyroscope; picture-in-picture;\"><\/iframe><\/div><\/div><\/div><\/div><\/li><li class=\"image\"><span class=\"fusion-image-hover-element hover-type-none\"><img decoding=\"async\" src=\"https:\/\/algarrother.com\/wp-content\/uploads\/2024\/08\/homepage-rothers-teambild.jpg\" width=\"1455\" height=\"970\" class=\"wp-image-7213\" srcset=\"https:\/\/algarrother.com\/wp-content\/uploads\/2024\/08\/homepage-rothers-teambild-200x133.jpg 200w, https:\/\/algarrother.com\/wp-content\/uploads\/2024\/08\/homepage-rothers-teambild-400x267.jpg 400w, https:\/\/algarrother.com\/wp-content\/uploads\/2024\/08\/homepage-rothers-teambild-600x400.jpg 600w, https:\/\/algarrother.com\/wp-content\/uploads\/2024\/08\/homepage-rothers-teambild-800x533.jpg 800w, https:\/\/algarrother.com\/wp-content\/uploads\/2024\/08\/homepage-rothers-teambild-1200x800.jpg 1200w, https:\/\/algarrother.com\/wp-content\/uploads\/2024\/08\/homepage-rothers-teambild.jpg 1455w\" sizes=\"(max-width: 800px) 100vw, 800px\" \/><\/span><\/li><li class=\"image\"><span class=\"fusion-image-hover-element hover-type-none\"><img decoding=\"async\" src=\"https:\/\/algarrother.com\/wp-content\/uploads\/2024\/07\/rothers-team.jpg\" width=\"600\" height=\"427\" class=\"wp-image-7179\" srcset=\"https:\/\/algarrother.com\/wp-content\/uploads\/2024\/07\/rothers-team-200x142.jpg 200w, https:\/\/algarrother.com\/wp-content\/uploads\/2024\/07\/rothers-team-400x285.jpg 400w, https:\/\/algarrother.com\/wp-content\/uploads\/2024\/07\/rothers-team.jpg 600w\" sizes=\"(max-width: 800px) 100vw, 600px\" \/><\/span><\/li><\/ul><\/div><div class=\"fusion-clearfix\"><\/div><\/div><\/div><\/div><\/div>\n","protected":false},"excerpt":{"rendered":"","protected":false},"author":1,"featured_media":0,"parent":0,"menu_order":0,"comment_status":"closed","ping_status":"closed","template":"","meta":{"footnotes":""},"class_list":["post-13","page","type-page","status-publish","hentry"],"_links":{"self":[{"href":"https:\/\/algarrother.com\/index.php\/wp-json\/wp\/v2\/pages\/13","targetHints":{"allow":["GET"]}}],"collection":[{"href":"https:\/\/algarrother.com\/index.php\/wp-json\/wp\/v2\/pages"}],"about":[{"href":"https:\/\/algarrother.com\/index.php\/wp-json\/wp\/v2\/types\/page"}],"author":[{"embeddable":true,"href":"https:\/\/algarrother.com\/index.php\/wp-json\/wp\/v2\/users\/1"}],"replies":[{"embeddable":true,"href":"https:\/\/algarrother.com\/index.php\/wp-json\/wp\/v2\/comments?post=13"}],"version-history":[{"count":6,"href":"https:\/\/algarrother.com\/index.php\/wp-json\/wp\/v2\/pages\/13\/revisions"}],"predecessor-version":[{"id":7218,"href":"https:\/\/algarrother.com\/index.php\/wp-json\/wp\/v2\/pages\/13\/revisions\/7218"}],"wp:attachment":[{"href":"https:\/\/algarrother.com\/index.php\/wp-json\/wp\/v2\/media?parent=13"}],"curies":[{"name":"wp","href":"https:\/\/api.w.org\/{rel}","templated":true}]}}