{"id":122,"date":"2016-08-02T15:05:21","date_gmt":"2016-08-02T13:05:21","guid":{"rendered":"http:\/\/algarrother.com\/wp\/?page_id=122"},"modified":"2020-04-03T18:15:32","modified_gmt":"2020-04-03T16:15:32","slug":"unsere-werte-3","status":"publish","type":"page","link":"https:\/\/algarrother.com\/index.php\/de\/unsere-werte-3\/","title":{"rendered":"Unsere-Werte"},"content":{"rendered":"<div class=\"fusion-fullwidth fullwidth-box fusion-builder-row-1 nonhundred-percent-fullwidth non-hundred-percent-height-scrolling\" style=\"--awb-background-position:left top;--awb-border-radius-top-left:0px;--awb-border-radius-top-right:0px;--awb-border-radius-bottom-right:0px;--awb-border-radius-bottom-left:0px;--awb-padding-top:20px;--awb-padding-bottom:20px;--awb-border-sizes-top:0px;--awb-border-sizes-bottom:0px;--awb-flex-wrap:wrap;\" ><div class=\"fusion-builder-row fusion-row\"><div class=\"fusion-layout-column fusion_builder_column fusion-builder-column-0 fusion_builder_column_1_1 1_1 fusion-one-full fusion-column-first fusion-column-last\" style=\"--awb-bg-size:cover;\"><div class=\"fusion-column-wrapper fusion-flex-column-wrapper-legacy\"><div class=\"fusion-text fusion-text-1\"><h1>Unsere Werte<\/h1>\n<\/div><div class=\"fusion-clearfix\"><\/div><\/div><\/div><div class=\"fusion-layout-column fusion_builder_column fusion-builder-column-1 fusion_builder_column_1_2 1_2 fusion-one-half fusion-column-first\" style=\"--awb-bg-size:cover;width:48%; margin-right: 4%;\"><div class=\"fusion-column-wrapper fusion-flex-column-wrapper-legacy\"><div class=\"fusion-text fusion-text-2\"><p><strong>Herzensw\u00e4rme <\/strong>bedeutet f\u00fcr uns nicht Kuschelkurs. Doch der Erfolg jeder Ma\u00dfnahmen beruht letztlich darauf, dass wir den Menschen, mit denen wir arbeiten, Respekt und Wertsch\u00e4tzung entgegen bringen, die wirklich von Herzen kommt. Unser Beraterteam setzt sich zusammen aus empathischen und zugewandten Pers\u00f6nlichkeiten die daf\u00fcr sorgen, dass Sie sich bei uns gut aufgehoben f\u00fchlen.<\/p>\n<p><strong>Klarheit<\/strong>: Erfolgreiche Beratung basiert auf professioneller Auftragskl\u00e4rung, Kompetenz, \u00fcberzeugenden Konzepten, effektivem Projektmanagement und pr\u00e4zisem Handwerk. Wir sind transparent, professionell, unbestechlich und verl\u00e4sslich in allem was wir tun und das mit der n\u00f6tigen Bescheidenheit.<\/p>\n<p><strong>Erfahrung<\/strong>: Wir sind Experten darin, mit und f\u00fcr Menschen in Organisationen das Beste zu erreichen. Unsere Erfahrung erm\u00f6glicht es uns, Orientierung zu geben und Ihnen zu helfen, sicher durch komplexe Ver\u00e4nderungsprozesse zu steuern, getragen von Vertrauen, einer gewissen Leichtigkeit und \u2013 wenn es unbedingt sein muss &#8211; auch Humor.<\/p>\n<\/div><div class=\"fusion-clearfix\"><\/div><\/div><\/div><div class=\"fusion-layout-column fusion_builder_column fusion-builder-column-2 fusion_builder_column_1_2 1_2 fusion-one-half fusion-column-last\" style=\"--awb-bg-size:cover;--awb-margin-bottom:80px;width:48%;\"><div class=\"fusion-column-wrapper fusion-flex-column-wrapper-legacy\"><div class=\"fusion-image-element in-legacy-container\" style=\"--awb-caption-title-font-family:var(--h2_typography-font-family);--awb-caption-title-font-weight:var(--h2_typography-font-weight);--awb-caption-title-font-style:var(--h2_typography-font-style);--awb-caption-title-size:var(--h2_typography-font-size);--awb-caption-title-transform:var(--h2_typography-text-transform);--awb-caption-title-line-height:var(--h2_typography-line-height);--awb-caption-title-letter-spacing:var(--h2_typography-letter-spacing);\"><span class=\" fusion-imageframe imageframe-none imageframe-1 hover-type-none\"><img decoding=\"async\" src=\"http:\/\/algarrother.com\/wp-content\/uploads\/2016\/08\/algar_rother_postkarte1.jpg\" alt class=\"img-responsive\"\/><\/span><\/div><div class=\"fusion-clearfix\"><\/div><\/div><\/div><\/div><\/div>\n","protected":false},"excerpt":{"rendered":"","protected":false},"author":1,"featured_media":0,"parent":0,"menu_order":0,"comment_status":"closed","ping_status":"closed","template":"","meta":{"footnotes":""},"class_list":["post-122","page","type-page","status-publish","hentry"],"_links":{"self":[{"href":"https:\/\/algarrother.com\/index.php\/wp-json\/wp\/v2\/pages\/122","targetHints":{"allow":["GET"]}}],"collection":[{"href":"https:\/\/algarrother.com\/index.php\/wp-json\/wp\/v2\/pages"}],"about":[{"href":"https:\/\/algarrother.com\/index.php\/wp-json\/wp\/v2\/types\/page"}],"author":[{"embeddable":true,"href":"https:\/\/algarrother.com\/index.php\/wp-json\/wp\/v2\/users\/1"}],"replies":[{"embeddable":true,"href":"https:\/\/algarrother.com\/index.php\/wp-json\/wp\/v2\/comments?post=122"}],"version-history":[{"count":2,"href":"https:\/\/algarrother.com\/index.php\/wp-json\/wp\/v2\/pages\/122\/revisions"}],"predecessor-version":[{"id":4676,"href":"https:\/\/algarrother.com\/index.php\/wp-json\/wp\/v2\/pages\/122\/revisions\/4676"}],"wp:attachment":[{"href":"https:\/\/algarrother.com\/index.php\/wp-json\/wp\/v2\/media?parent=122"}],"curies":[{"name":"wp","href":"https:\/\/api.w.org\/{rel}","templated":true}]}}