{"id":1040,"date":"2016-09-12T17:31:55","date_gmt":"2016-09-12T15:31:55","guid":{"rendered":"http:\/\/algarrother.com\/wp\/?page_id=1040"},"modified":"2023-11-28T11:41:17","modified_gmt":"2023-11-28T10:41:17","slug":"jose-angel-mambrino-raton","status":"publish","type":"page","link":"https:\/\/algarrother.com\/index.php\/de\/jose-angel-mambrino-raton\/","title":{"rendered":"Jose-Angel Mambrino Rat\u00f3n"},"content":{"rendered":"<p><div class=\"fusion-fullwidth fullwidth-box fusion-builder-row-1 nonhundred-percent-fullwidth non-hundred-percent-height-scrolling\" style=\"--awb-background-position:left top;--awb-border-sizes-top:0px;--awb-border-sizes-bottom:0px;--awb-border-sizes-left:0px;--awb-border-sizes-right:0px;--awb-border-radius-top-left:0px;--awb-border-radius-top-right:0px;--awb-border-radius-bottom-right:0px;--awb-border-radius-bottom-left:0px;--awb-padding-top:20px;--awb-padding-bottom:20px;--awb-flex-wrap:wrap;\" ><div class=\"fusion-builder-row fusion-row\"><div class=\"fusion-layout-column fusion_builder_column fusion-builder-column-0 fusion_builder_column_1_3 1_3 fusion-one-third fusion-column-first\" style=\"--awb-bg-blend:overlay;--awb-bg-size:cover;width:30.6666%; margin-right: 4%;\"><div class=\"fusion-column-wrapper fusion-flex-column-wrapper-legacy\"><div class=\"fusion-image-element in-legacy-container\" style=\"--awb-caption-title-font-family:var(--h2_typography-font-family);--awb-caption-title-font-weight:var(--h2_typography-font-weight);--awb-caption-title-font-style:var(--h2_typography-font-style);--awb-caption-title-size:var(--h2_typography-font-size);--awb-caption-title-transform:var(--h2_typography-text-transform);--awb-caption-title-line-height:var(--h2_typography-line-height);--awb-caption-title-letter-spacing:var(--h2_typography-letter-spacing);\"><span class=\" fusion-imageframe imageframe-none imageframe-1 hover-type-none\"><img decoding=\"async\" width=\"250\" height=\"250\" title=\"JoseMambrinoRatonRund\" src=\"https:\/\/algarrother.com\/wp-content\/uploads\/2021\/11\/JoseMambrinoRatonRund.png\" alt class=\"img-responsive wp-image-6037\" srcset=\"https:\/\/algarrother.com\/wp-content\/uploads\/2021\/11\/JoseMambrinoRatonRund-200x200.png 200w, https:\/\/algarrother.com\/wp-content\/uploads\/2021\/11\/JoseMambrinoRatonRund.png 250w\" sizes=\"(max-width: 800px) 100vw, 250px\" \/><\/span><\/div><div class=\"fusion-clearfix\"><\/div><\/div><\/div><div class=\"fusion-layout-column fusion_builder_column fusion-builder-column-1 fusion_builder_column_1_3 1_3 fusion-one-third\" style=\"--awb-bg-blend:overlay;--awb-bg-size:cover;width:30.6666%; margin-right: 4%;\"><div class=\"fusion-column-wrapper fusion-flex-column-wrapper-legacy\"><div class=\"fusion-text fusion-text-1\"><h1><strong>Jose-Angel Mambrino Rat\u00f3n<\/strong><\/h1>\n<h3><strong>Dipl.-Handelslehrer \/\u00a0Master of Business Administration<\/strong><br \/>\nCoach &amp; Consultant<\/h3>\n<h3><strong>ALS COACH &amp; CONSULTANT STEHE ICH F\u00dcR:<\/strong><br \/>\nH\u00f6chstleistung. Strategie. Tatkraft.<\/h3>\n<\/div><div class=\"fusion-clearfix\"><\/div><\/div><\/div><div class=\"fusion-layout-column fusion_builder_column fusion-builder-column-2 fusion_builder_column_1_3 1_3 fusion-one-third fusion-column-last\" style=\"--awb-bg-blend:overlay;--awb-bg-size:cover;--awb-margin-top:38px;width:30.6666%;\"><div class=\"fusion-column-wrapper fusion-flex-column-wrapper-legacy\"><div class=\"fusion-text fusion-text-2\"><h2>Kontakt<\/h2>\n<p>E-Mail: <a href=\"mailto:jose.mambrino-raton@algarrother.com\">jose.mambrino-raton@algarrother.com<\/a><\/p>\n<p><a href=\"http:\/\/algarrother.com\/wp-content\/uploads\/2016\/08\/jose_mambrino_raton_visitenkarte.pdf\" target=\"_blank\" rel=\"noopener\"><img decoding=\"async\" class=\"alignnone size-full wp-image-269\" src=\"http:\/\/algarrother.com\/wp-content\/uploads\/2016\/08\/visitenkarte.jpg\" alt=\"visitenkarte\" width=\"100\" height=\"35\" \/><\/a><\/p>\n<\/div><div class=\"fusion-clearfix\"><\/div><\/div><\/div><\/div><\/div><div class=\"fusion-fullwidth fullwidth-box fusion-builder-row-2 nonhundred-percent-fullwidth non-hundred-percent-height-scrolling\" style=\"--awb-background-position:left top;--awb-border-sizes-top:0px;--awb-border-sizes-bottom:0px;--awb-border-sizes-left:0px;--awb-border-sizes-right:0px;--awb-border-radius-top-left:0px;--awb-border-radius-top-right:0px;--awb-border-radius-bottom-right:0px;--awb-border-radius-bottom-left:0px;--awb-padding-top:20px;--awb-padding-bottom:20px;--awb-flex-wrap:wrap;\" ><div class=\"fusion-builder-row fusion-row\"><div class=\"fusion-layout-column fusion_builder_column fusion-builder-column-3 fusion_builder_column_1_1 1_1 fusion-one-full fusion-column-first fusion-column-last fusion-column-no-min-height\" style=\"--awb-bg-blend:overlay;--awb-bg-size:cover;--awb-margin-bottom:0px;\"><div class=\"fusion-column-wrapper fusion-flex-column-wrapper-legacy\"><div class=\"fusion-sep-clear\"><\/div><div class=\"fusion-separator fusion-full-width-sep\" style=\"margin-left: auto;margin-right: auto;width:100%;\"><div class=\"fusion-separator-border sep-single sep-solid\" style=\"--awb-height:20px;--awb-amount:20px;--awb-sep-color:#90d5f4;border-color:#90d5f4;border-top-width:1px;\"><\/div><\/div><div class=\"fusion-sep-clear\"><\/div><div class=\"fusion-clearfix\"><\/div><\/div><\/div><\/div><\/div><div class=\"fusion-fullwidth fullwidth-box fusion-builder-row-3 nonhundred-percent-fullwidth non-hundred-percent-height-scrolling\" style=\"--awb-background-position:left top;--awb-border-sizes-top:0px;--awb-border-sizes-bottom:0px;--awb-border-sizes-left:0px;--awb-border-sizes-right:0px;--awb-border-radius-top-left:0px;--awb-border-radius-top-right:0px;--awb-border-radius-bottom-right:0px;--awb-border-radius-bottom-left:0px;--awb-padding-top:20px;--awb-padding-bottom:20px;--awb-flex-wrap:wrap;\" ><div class=\"fusion-builder-row fusion-row\"><div class=\"fusion-layout-column fusion_builder_column fusion-builder-column-4 fusion_builder_column_1_3 1_3 fusion-one-third fusion-column-first\" style=\"--awb-bg-blend:overlay;--awb-bg-size:cover;width:30.6666%; margin-right: 4%;\"><div class=\"fusion-column-wrapper fusion-flex-column-wrapper-legacy\"><div class=\"fusion-text fusion-text-3\"><h2>Berufserfahrung<\/h2>\n<table>\n<tbody>\n<tr>\n<td style=\"vertical-align: top;\" width=\"85px;\"><strong>Seit 2016:<\/strong><\/td>\n<td>Berater, Coach\u00a0und\u00a0Trainer bei Algar Rother Coaches &amp; Consultants<\/td>\n<\/tr>\n<tr>\n<td style=\"vertical-align: top;\" width=\"85px;\"><strong>Seit 2014:<\/strong><\/td>\n<td>Dozent an der St. Galler Business School f\u00fcr Leadership, Hochleistungsteams u. Change Management<\/td>\n<\/tr>\n<tr>\n<td style=\"vertical-align: top;\" width=\"85px;\"><strong>Seit 2012:<\/strong><\/td>\n<td>Selbstst\u00e4ndiger Berater, Coach\u00a0und\u00a0Trainer<\/td>\n<\/tr>\n<\/tbody>\n<\/table>\n<ul>\n<li>15 Jahre im Management internationaler Industrie- Unternehmen der Papier- und Lebensmittelbranche.\n<ul>\n<li>Schwerpunkte: Strategie, Vertrieb, Supply Chain, M&amp;A<\/li>\n<li>Funktionen: Projekt-, Abteilungs- und Bereichsleiter, Mitglied der Gesch\u00e4ftsleitung<\/li>\n<\/ul>\n<\/li>\n<\/ul>\n<\/div><div class=\"fusion-clearfix\"><\/div><\/div><\/div><div class=\"fusion-layout-column fusion_builder_column fusion-builder-column-5 fusion_builder_column_1_3 1_3 fusion-one-third\" style=\"--awb-bg-blend:overlay;--awb-bg-size:cover;width:30.6666%; margin-right: 4%;\"><div class=\"fusion-column-wrapper fusion-flex-column-wrapper-legacy\"><div class=\"fusion-text fusion-text-4\"><h2>Aus- und Weiterbildung<\/h2>\n<ul>\n<li>Masterstudium Business Administration (Universit\u00e4t Klagenfurt und St. Gallen Business School)<\/li>\n<li>Diplom-Handelslehrer (Universit\u00e4t G\u00f6ttingen)<\/li>\n<\/ul>\n<p><strong>Akkreditierung &amp; Lizenzierung:<\/strong><\/p>\n<ul>\n<li>Team Management System (TMS) + Team Performance<\/li>\n<li>Scrum Master, Scrum Alliance\u00ae<\/li>\n<li>OKR Master<\/li>\n<li>Systemischer Coach, nach ICI<\/li>\n<li>St\u00e4rkenCoach, PAS 1029<\/li>\n<li>W.E.R.T.\u00ae-Pers\u00f6nlichkeitsprofil<\/li>\n<li>Change Management und Organisationsberatung, QRC<\/li>\n<li>Agile Project Mgt., Lego Serious Play, Design Thinking<\/li>\n<\/ul>\n<\/div><div class=\"fusion-clearfix\"><\/div><\/div><\/div><div class=\"fusion-layout-column fusion_builder_column fusion-builder-column-6 fusion_builder_column_1_3 1_3 fusion-one-third fusion-column-last\" style=\"--awb-bg-blend:overlay;--awb-bg-size:cover;width:30.6666%;\"><div class=\"fusion-column-wrapper fusion-flex-column-wrapper-legacy\"><div class=\"fusion-text fusion-text-5\"><h2>Beratungs- \/ Trainingsschwerpunkte<\/h2>\n<ul>\n<li>Change Management<\/li>\n<li>F\u00fchrungskr\u00e4fteentwicklung<\/li>\n<li>Teamentwicklung<\/li>\n<li>Storytelling<\/li>\n<li>Business &amp; Team Coaching<\/li>\n<li>Business Workshops: OKR, KPI, Prozesse<\/li>\n<\/ul>\n<\/div><div class=\"fusion-clearfix\"><\/div><\/div><\/div><\/div><\/div><div class=\"fusion-fullwidth fullwidth-box fusion-builder-row-4 nonhundred-percent-fullwidth non-hundred-percent-height-scrolling\" style=\"--awb-background-position:left top;--awb-border-sizes-top:0px;--awb-border-sizes-bottom:0px;--awb-border-sizes-left:0px;--awb-border-sizes-right:0px;--awb-border-radius-top-left:0px;--awb-border-radius-top-right:0px;--awb-border-radius-bottom-right:0px;--awb-border-radius-bottom-left:0px;--awb-padding-top:20px;--awb-padding-bottom:20px;--awb-flex-wrap:wrap;\" ><div class=\"fusion-builder-row fusion-row\"><div class=\"fusion-layout-column fusion_builder_column fusion-builder-column-7 fusion_builder_column_1_1 1_1 fusion-one-full fusion-column-first fusion-column-last fusion-column-no-min-height\" style=\"--awb-bg-blend:overlay;--awb-bg-size:cover;--awb-margin-bottom:0px;\"><div class=\"fusion-column-wrapper fusion-flex-column-wrapper-legacy\"><div class=\"fusion-sep-clear\"><\/div><div class=\"fusion-separator fusion-full-width-sep\" style=\"margin-left: auto;margin-right: auto;width:100%;\"><div class=\"fusion-separator-border sep-single sep-solid\" style=\"--awb-height:20px;--awb-amount:20px;--awb-sep-color:#90d5f4;border-color:#90d5f4;border-top-width:1px;\"><\/div><\/div><div class=\"fusion-sep-clear\"><\/div><div class=\"fusion-clearfix\"><\/div><\/div><\/div><\/div><\/div><div class=\"fusion-fullwidth fullwidth-box fusion-builder-row-5 nonhundred-percent-fullwidth non-hundred-percent-height-scrolling\" style=\"--awb-background-position:left top;--awb-border-sizes-top:0px;--awb-border-sizes-bottom:0px;--awb-border-sizes-left:0px;--awb-border-sizes-right:0px;--awb-border-radius-top-left:0px;--awb-border-radius-top-right:0px;--awb-border-radius-bottom-right:0px;--awb-border-radius-bottom-left:0px;--awb-padding-top:20px;--awb-padding-bottom:20px;--awb-flex-wrap:wrap;\" ><div class=\"fusion-builder-row fusion-row\"><div class=\"fusion-layout-column fusion_builder_column fusion-builder-column-8 fusion_builder_column_1_1 1_1 fusion-one-full fusion-column-first fusion-column-last\" style=\"--awb-bg-blend:overlay;--awb-bg-size:cover;\"><div class=\"fusion-column-wrapper fusion-flex-column-wrapper-legacy\"><div class=\"fusion-text fusion-text-6\"><h2>\u00dcber Jose-Angel Mambrino Rat\u00f3n:<\/h2>\n<p>Die italienischen und spanischen Wurzeln, kombiniert mit der norddeutschen Mentalit\u00e4t, machten Jose schon als kleinen Jungen zum staunenden Beobachter von expressiven s\u00fcdeurop\u00e4ischen (Gro\u00df)-Familienfeiern bis hin zu wortkargen Skat-Runden im Biotop eines norddeutschen Kleingartenvereins.<\/p>\n<p>Die Anpassungsf\u00e4higkeit, sich in unterschiedlichen Kulturen mit ungeschriebenen Regeln zu bewegen und menschliche Verhaltensweisen nicht zu beurteilen sondern zu verstehen, sollten sich in seiner sp\u00e4teren Aufgabe als Berater f\u00fcr Leadership und Change als \u00e4u\u00dferst n\u00fctzlich erweisen.\u00a0\u00a0Nach dem Wirtschaftsstudium arbeitete Jose 15 Jahre in verschiedenen F\u00fchrungsfunktionen im internationalen Umfeld der Lebensmittel- und Papierindustrie. Die Affinit\u00e4t Neues zu starten und Menschen und Organisationen zu bewegen, begleiteten ihn in seiner Zeit als Manager und anschlie\u00dfend als freier Berater.<\/p>\n<p>Als F\u00fchrungskraft lernte Jose das Managen von Zeit, Ressourcen und Zielen. Als Berater versteht er, dass Change und Transformation nur erfolgreich stattfinden k\u00f6nnen, wenn Verantwortliche auch f\u00e4hig sind, \u00c4ngste, Konflikte und Interessen zu moderieren.\u00a0Die systemische und interkulturelle Perspektive, die er als Berater in Organisationen einbringt, gepaart mit seiner klaren Arbeitsweise, wenn er gemeinsam mit\u00a0 Kunden Change Projekte entwickelt und umsetzt, zeichnen Jose aus. Seine Haltung ist immer dieselbe geblieben: Die Neugier, Menschen zu verstehen und nicht zu\u00a0 bewerten, Unabh\u00e4ngig davon, ob im norddeutschen Kleingartenverein oder in internationalen Konzernen.<\/p>\n<\/div><div class=\"fusion-clearfix\"><\/div><\/div><\/div><\/div><\/div><div class=\"fusion-fullwidth fullwidth-box fusion-builder-row-6 nonhundred-percent-fullwidth non-hundred-percent-height-scrolling\" style=\"--awb-background-position:left top;--awb-border-sizes-top:0px;--awb-border-sizes-bottom:0px;--awb-border-sizes-left:0px;--awb-border-sizes-right:0px;--awb-border-radius-top-left:0px;--awb-border-radius-top-right:0px;--awb-border-radius-bottom-right:0px;--awb-border-radius-bottom-left:0px;--awb-padding-top:20px;--awb-padding-bottom:20px;--awb-flex-wrap:wrap;\" ><div class=\"fusion-builder-row fusion-row\"><div class=\"fusion-layout-column fusion_builder_column fusion-builder-column-9 fusion_builder_column_1_1 1_1 fusion-one-full fusion-column-first fusion-column-last fusion-column-no-min-height\" style=\"--awb-bg-blend:overlay;--awb-bg-size:cover;--awb-margin-bottom:0px;\"><div class=\"fusion-column-wrapper fusion-flex-column-wrapper-legacy\"><div class=\"fusion-sep-clear\"><\/div><div class=\"fusion-separator fusion-full-width-sep\" style=\"margin-left: auto;margin-right: auto;width:100%;\"><div class=\"fusion-separator-border sep-single sep-solid\" style=\"--awb-height:20px;--awb-amount:20px;--awb-sep-color:#90d5f4;border-color:#90d5f4;border-top-width:1px;\"><\/div><\/div><div class=\"fusion-sep-clear\"><\/div><div class=\"fusion-clearfix\"><\/div><\/div><\/div><\/div><\/div><div class=\"fusion-fullwidth fullwidth-box fusion-builder-row-7 nonhundred-percent-fullwidth non-hundred-percent-height-scrolling\" style=\"--awb-background-position:left top;--awb-border-sizes-top:0px;--awb-border-sizes-bottom:0px;--awb-border-sizes-left:0px;--awb-border-sizes-right:0px;--awb-border-radius-top-left:0px;--awb-border-radius-top-right:0px;--awb-border-radius-bottom-right:0px;--awb-border-radius-bottom-left:0px;--awb-padding-top:20px;--awb-padding-bottom:20px;--awb-flex-wrap:wrap;\" ><div class=\"fusion-builder-row fusion-row\"><div class=\"fusion-layout-column fusion_builder_column fusion-builder-column-10 fusion_builder_column_1_1 1_1 fusion-one-full fusion-column-first fusion-column-last fusion-column-no-min-height\" style=\"--awb-bg-blend:overlay;--awb-bg-size:cover;--awb-margin-bottom:0px;\"><div class=\"fusion-column-wrapper fusion-flex-column-wrapper-legacy\"><div class=\"fusion-text fusion-text-7\"><h2 style=\"text-align: left;\">Auszug der Referenzkunden<\/h2>\n<\/div><div class=\"fusion-clearfix\"><\/div><\/div><\/div><div class=\"fusion-layout-column fusion_builder_column fusion-builder-column-11 fusion_builder_column_2_3 2_3 fusion-two-third fusion-column-first\" style=\"--awb-bg-blend:overlay;--awb-bg-size:cover;width:65.3333%; margin-right: 4%;\"><div class=\"fusion-column-wrapper fusion-flex-column-wrapper-legacy\"><div class=\"fusion-image-carousel fusion-image-carousel-fixed fusion-image-carousel-1 lightbox-enabled\"><div class=\"awb-carousel awb-swiper awb-swiper-carousel awb-carousel--carousel awb-swiper-dots-position-bottom\" data-layout=\"carousel\" data-autoplay=\"no\" data-autoplayspeed=\"2500\" data-autoplaypause=\"no\" data-columns=\"4\" data-columnsmedium=\"1\" data-columnssmall=\"1\" data-itemmargin=\"13\" data-itemwidth=\"180\" data-touchscroll=\"no\" data-freemode=\"no\" data-imagesize=\"fixed\" data-scrollitems=\"0\" data-centeredslides=\"no\" data-rotationangle=\"50\" data-depth=\"100\" data-speed=\"500\" data-shadow=\"no\" data-pagination=\"bullets\" style=\"--awb-columns:4;\"><div class=\"swiper-wrapper awb-image-carousel-wrapper fusion-flex-align-items-center\"><div class=\"swiper-slide\"><div class=\"fusion-carousel-item-wrapper\"><div class=\"fusion-image-wrapper hover-type-zoomin\"><a data-rel=\"iLightbox[image_carousel_1]\" data-title=\"boehringer_ingelheim\" aria-label=\"boehringer_ingelheim\" href=\"https:\/\/algarrother.com\/wp-content\/uploads\/2019\/10\/boehringer_ingelheim.png\" target=\"_self\"><img decoding=\"async\" width=\"250\" height=\"202\" src=\"https:\/\/algarrother.com\/wp-content\/uploads\/2019\/10\/boehringer_ingelheim-250x202.png\" class=\"attachment-blog-medium size-blog-medium\" alt=\"\" \/><\/a><\/div><\/div><\/div><div class=\"swiper-slide\"><div class=\"fusion-carousel-item-wrapper\"><div class=\"fusion-image-wrapper hover-type-zoomin\"><a data-rel=\"iLightbox[image_carousel_1]\" href=\"http:\/\/algarrother.com\/wp-content\/uploads\/2016\/08\/mannheim_business_school_logo.png\" target=\"_self\"><img decoding=\"async\" src=\"http:\/\/algarrother.com\/wp-content\/uploads\/2016\/08\/mannheim_business_school_logo.png\" alt=\"\"\/><\/a><\/div><\/div><\/div><div class=\"swiper-slide\"><div class=\"fusion-carousel-item-wrapper\"><div class=\"fusion-image-wrapper hover-type-zoomin\"><a data-rel=\"iLightbox[image_carousel_1]\" href=\"http:\/\/algarrother.com\/wp-content\/uploads\/2016\/08\/roche_logo.png\" target=\"_self\"><img decoding=\"async\" src=\"http:\/\/algarrother.com\/wp-content\/uploads\/2016\/08\/roche_logo.png\" alt=\"\"\/><\/a><\/div><\/div><\/div><div class=\"swiper-slide\"><div class=\"fusion-carousel-item-wrapper\"><div class=\"fusion-image-wrapper hover-type-zoomin\"><a data-rel=\"iLightbox[image_carousel_1]\" href=\"http:\/\/algarrother.com\/wp-content\/uploads\/2016\/09\/autoliv_logo.png\" target=\"_self\"><img decoding=\"async\" src=\"http:\/\/algarrother.com\/wp-content\/uploads\/2016\/09\/autoliv_logo.png\" alt=\"\"\/><\/a><\/div><\/div><\/div><div class=\"swiper-slide\"><div class=\"fusion-carousel-item-wrapper\"><div class=\"fusion-image-wrapper hover-type-zoomin\"><a data-rel=\"iLightbox[image_carousel_1]\" href=\"http:\/\/algarrother.com\/wp-content\/uploads\/2016\/09\/kuka_logo.png\" target=\"_self\"><img decoding=\"async\" src=\"http:\/\/algarrother.com\/wp-content\/uploads\/2016\/09\/kuka_logo.png\" alt=\"\"\/><\/a><\/div><\/div><\/div><div class=\"swiper-slide\"><div class=\"fusion-carousel-item-wrapper\"><div class=\"fusion-image-wrapper hover-type-zoomin\"><a data-rel=\"iLightbox[image_carousel_1]\" href=\"http:\/\/algarrother.com\/wp-content\/uploads\/2016\/09\/st_galler_business_school_logo.png\" target=\"_self\"><img decoding=\"async\" src=\"http:\/\/algarrother.com\/wp-content\/uploads\/2016\/09\/st_galler_business_school_logo.png\" alt=\"\"\/><\/a><\/div><\/div><\/div><div class=\"swiper-slide\"><div class=\"fusion-carousel-item-wrapper\"><div class=\"fusion-image-wrapper hover-type-zoomin\"><a data-rel=\"iLightbox[image_carousel_1]\" href=\"http:\/\/algarrother.com\/wp-content\/uploads\/2016\/09\/voith_logo.png\" target=\"_self\"><img decoding=\"async\" src=\"http:\/\/algarrother.com\/wp-content\/uploads\/2016\/09\/voith_logo.png\" alt=\"\"\/><\/a><\/div><\/div><\/div><div class=\"swiper-slide\"><div class=\"fusion-carousel-item-wrapper\"><div class=\"fusion-image-wrapper hover-type-zoomin\"><a data-rel=\"iLightbox[image_carousel_1]\" href=\"http:\/\/algarrother.com\/wp-content\/uploads\/2016\/09\/valmet_logo.png\" target=\"_self\"><img decoding=\"async\" src=\"http:\/\/algarrother.com\/wp-content\/uploads\/2016\/09\/valmet_logo.png\" alt=\"\"\/><\/a><\/div><\/div><\/div><\/div><div class=\"awb-swiper-button awb-swiper-button-prev\"><i class=\"awb-icon-angle-left\" aria-hidden=\"true\"><\/i><\/div><div class=\"awb-swiper-button awb-swiper-button-next\"><i class=\"awb-icon-angle-right\" aria-hidden=\"true\"><\/i><\/div><\/div><\/div><div class=\"fusion-clearfix\"><\/div><\/div><\/div><div class=\"fusion-layout-column fusion_builder_column fusion-builder-column-12 fusion_builder_column_1_3 1_3 fusion-one-third fusion-column-last\" style=\"--awb-bg-blend:overlay;--awb-bg-size:cover;width:30.6666%;\"><div class=\"fusion-column-wrapper fusion-flex-column-wrapper-legacy\"><div class=\"fusion-text fusion-text-8\"><ul>\n<li>BMW AG<\/li>\n<li>HIDISA S.A.<\/li>\n<li>HOSOKAWA ALPINE\u00a0AG<\/li>\n<li>Perlen Papier AG<\/li>\n<\/ul>\n<\/div><div class=\"fusion-clearfix\"><\/div><\/div><\/div><\/div><\/div><\/p>\n","protected":false},"excerpt":{"rendered":"","protected":false},"author":1,"featured_media":0,"parent":0,"menu_order":0,"comment_status":"closed","ping_status":"closed","template":"","meta":{"footnotes":""},"class_list":["post-1040","page","type-page","status-publish","hentry"],"_links":{"self":[{"href":"https:\/\/algarrother.com\/index.php\/wp-json\/wp\/v2\/pages\/1040","targetHints":{"allow":["GET"]}}],"collection":[{"href":"https:\/\/algarrother.com\/index.php\/wp-json\/wp\/v2\/pages"}],"about":[{"href":"https:\/\/algarrother.com\/index.php\/wp-json\/wp\/v2\/types\/page"}],"author":[{"embeddable":true,"href":"https:\/\/algarrother.com\/index.php\/wp-json\/wp\/v2\/users\/1"}],"replies":[{"embeddable":true,"href":"https:\/\/algarrother.com\/index.php\/wp-json\/wp\/v2\/comments?post=1040"}],"version-history":[{"count":5,"href":"https:\/\/algarrother.com\/index.php\/wp-json\/wp\/v2\/pages\/1040\/revisions"}],"predecessor-version":[{"id":6856,"href":"https:\/\/algarrother.com\/index.php\/wp-json\/wp\/v2\/pages\/1040\/revisions\/6856"}],"wp:attachment":[{"href":"https:\/\/algarrother.com\/index.php\/wp-json\/wp\/v2\/media?parent=1040"}],"curies":[{"name":"wp","href":"https:\/\/api.w.org\/{rel}","templated":true}]}}