{"id":1020,"date":"2016-09-08T18:00:11","date_gmt":"2016-09-08T16:00:11","guid":{"rendered":"http:\/\/algarrother.com\/wp\/?page_id=1020"},"modified":"2020-04-11T00:05:31","modified_gmt":"2020-04-10T22:05:31","slug":"kooperationen","status":"publish","type":"page","link":"https:\/\/algarrother.com\/index.php\/de\/kooperationen\/","title":{"rendered":"Kooperationen"},"content":{"rendered":"<div class=\"fusion-fullwidth fullwidth-box fusion-builder-row-1 nonhundred-percent-fullwidth non-hundred-percent-height-scrolling\" style=\"--awb-background-position:left top;--awb-border-radius-top-left:0px;--awb-border-radius-top-right:0px;--awb-border-radius-bottom-right:0px;--awb-border-radius-bottom-left:0px;--awb-padding-top:20px;--awb-padding-bottom:20px;--awb-border-sizes-top:0px;--awb-border-sizes-bottom:0px;--awb-flex-wrap:wrap;\" ><div class=\"fusion-builder-row fusion-row\"><div class=\"fusion-layout-column fusion_builder_column fusion-builder-column-0 fusion_builder_column_1_1 1_1 fusion-one-full fusion-column-first fusion-column-last fusion-column-no-min-height\" style=\"--awb-bg-size:cover;--awb-margin-bottom:0px;\"><div class=\"fusion-column-wrapper fusion-flex-column-wrapper-legacy\"><div class=\"fusion-text fusion-text-1\"><h1>Kooperationen<\/h1>\n<\/div><div class=\"fusion-clearfix\"><\/div><\/div><\/div><div class=\"fusion-layout-column fusion_builder_column fusion-builder-column-1 fusion_builder_column_1_3 1_3 fusion-one-third fusion-column-first\" style=\"--awb-bg-size:cover;width:30.6666%; margin-right: 4%;\"><div class=\"fusion-column-wrapper fusion-flex-column-wrapper-legacy\"><div class=\"fusion-image-element in-legacy-container\" style=\"--awb-caption-title-font-family:var(--h2_typography-font-family);--awb-caption-title-font-weight:var(--h2_typography-font-weight);--awb-caption-title-font-style:var(--h2_typography-font-style);--awb-caption-title-size:var(--h2_typography-font-size);--awb-caption-title-transform:var(--h2_typography-text-transform);--awb-caption-title-line-height:var(--h2_typography-line-height);--awb-caption-title-letter-spacing:var(--h2_typography-letter-spacing);\"><span class=\" fusion-imageframe imageframe-none imageframe-1 hover-type-none\"><a class=\"fusion-no-lightbox\" href=\"http:\/\/www.white-table-solution.de\" target=\"_blank\" aria-label=\"wts-logo\" rel=\"noopener noreferrer\"><img decoding=\"async\" width=\"250\" height=\"250\" src=\"https:\/\/algarrother.com\/wp-content\/uploads\/2020\/04\/wts-logo-1.png\" alt class=\"img-responsive wp-image-4934\" srcset=\"https:\/\/algarrother.com\/wp-content\/uploads\/2020\/04\/wts-logo-1-200x200.png 200w, https:\/\/algarrother.com\/wp-content\/uploads\/2020\/04\/wts-logo-1.png 250w\" sizes=\"(max-width: 800px) 100vw, 250px\" \/><\/a><\/span><\/div><div class=\"fusion-text fusion-text-2\"><p><strong>Neu denken &#8211; Neu arbeiten &#8211; Neu leben &#8211; \u00a0<\/strong>genau hier setzten wir mit der\u00a0<strong>White Table Solution<\/strong>\u00a0Methode\u00a0an. Zusammen mit <a href=\"http:\/\/www.white-table-solution.de\/\" target=\"_blank\" rel=\"noopener noreferrer\">Andreas Schneider<\/a>\u00a0k\u00f6nnen Sie ihre disruptiven Zukunftsideen gemeinsam erbauen, von der Visions- und Strategieentwicklung bis zu Design Thinking im agilen Raum.<\/p>\n<\/div><div class=\"fusion-clearfix\"><\/div><\/div><\/div><div class=\"fusion-layout-column fusion_builder_column fusion-builder-column-2 fusion_builder_column_1_3 1_3 fusion-one-third\" style=\"--awb-bg-size:cover;width:30.6666%; margin-right: 4%;\"><div class=\"fusion-column-wrapper fusion-flex-column-wrapper-legacy\"><div class=\"fusion-image-element in-legacy-container\" style=\"--awb-caption-title-font-family:var(--h2_typography-font-family);--awb-caption-title-font-weight:var(--h2_typography-font-weight);--awb-caption-title-font-style:var(--h2_typography-font-style);--awb-caption-title-size:var(--h2_typography-font-size);--awb-caption-title-transform:var(--h2_typography-text-transform);--awb-caption-title-line-height:var(--h2_typography-line-height);--awb-caption-title-letter-spacing:var(--h2_typography-letter-spacing);\"><span class=\" fusion-imageframe imageframe-none imageframe-2 hover-type-none\"><a class=\"fusion-no-lightbox\" href=\"http:\/\/www.md-phw.de\/\" target=\"_blank\" rel=\"noopener noreferrer\"><img decoding=\"async\" src=\"http:\/\/algarrother.com\/wp-content\/uploads\/2016\/08\/ph_weingarten_logo.png\" alt class=\"img-responsive\"\/><\/a><\/span><\/div><div class=\"fusion-text fusion-text-3\"><p>Lehrauftrag <a href=\"http:\/\/algarrother.com\/index.php\/de\/algar-rother\/\">Algar Rother<\/a> und <a href=\"https:\/\/algarrother.com\/index.php\/de\/sigrun-oertel\/\">Sigrun Oertel<\/a>\u00a0am Lehrstuhl f\u00fcr <a href=\"http:\/\/www.md-phw.de\/2013\/startseite\/\" target=\"_blank\" rel=\"noopener noreferrer\">Medien- und Bildungsmanagement<\/a> an der P\u00e4dagogischen Hochschule Weingarten,\u00a0Prof. Dr. Henninger.<\/p>\n<\/div><div class=\"fusion-clearfix\"><\/div><\/div><\/div><div class=\"fusion-layout-column fusion_builder_column fusion-builder-column-3 fusion_builder_column_1_3 1_3 fusion-one-third fusion-column-last\" style=\"--awb-bg-size:cover;width:30.6666%;\"><div class=\"fusion-column-wrapper fusion-flex-column-wrapper-legacy\"><div class=\"fusion-image-element in-legacy-container\" style=\"--awb-caption-title-font-family:var(--h2_typography-font-family);--awb-caption-title-font-weight:var(--h2_typography-font-weight);--awb-caption-title-font-style:var(--h2_typography-font-style);--awb-caption-title-size:var(--h2_typography-font-size);--awb-caption-title-transform:var(--h2_typography-text-transform);--awb-caption-title-line-height:var(--h2_typography-line-height);--awb-caption-title-letter-spacing:var(--h2_typography-letter-spacing);\"><span class=\" fusion-imageframe imageframe-none imageframe-3 hover-type-none\"><a class=\"fusion-no-lightbox\" href=\"http:\/\/www.musik-im-dialog.de\/\" target=\"_blank\" rel=\"noopener noreferrer\"><img decoding=\"async\" src=\"http:\/\/algarrother.com\/wp-content\/uploads\/2016\/09\/musik_im_dialog_logo.png\" alt class=\"img-responsive\"\/><\/a><\/span><\/div><div class=\"fusion-text fusion-text-4\"><p>Matthias Graf und <a href=\"http:\/\/algarrother.com\/index.php\/de\/algar-rother\/\">Algar Rother<\/a> erleben Sie zusammen mit dem Vortrag \u201eErotik der Ver\u00e4nderung.\u201c Der Multiinstrumentalist versteht es wunderbar Worte und Emotionen in Musik auszudr\u00fccken.<\/p>\n<\/div><div class=\"fusion-clearfix\"><\/div><\/div><\/div><div class=\"fusion-layout-column fusion_builder_column fusion-builder-column-4 fusion_builder_column_1_3 1_3 fusion-one-third fusion-column-first\" style=\"--awb-bg-size:cover;width:30.6666%; margin-right: 4%;\"><div class=\"fusion-column-wrapper fusion-flex-column-wrapper-legacy\"><div class=\"fusion-image-element in-legacy-container\" style=\"--awb-caption-title-font-family:var(--h2_typography-font-family);--awb-caption-title-font-weight:var(--h2_typography-font-weight);--awb-caption-title-font-style:var(--h2_typography-font-style);--awb-caption-title-size:var(--h2_typography-font-size);--awb-caption-title-transform:var(--h2_typography-text-transform);--awb-caption-title-line-height:var(--h2_typography-line-height);--awb-caption-title-letter-spacing:var(--h2_typography-letter-spacing);\"><span class=\" fusion-imageframe imageframe-none imageframe-4 hover-type-none\"><img decoding=\"async\" src=\"http:\/\/algarrother.com\/wp-content\/uploads\/2016\/09\/visual_facilitating.png\" alt class=\"img-responsive\"\/><\/span><\/div><div class=\"fusion-text fusion-text-5\"><p><a href=\"http:\/\/algarrother.com\/index.php\/de\/sabine-soeder\/\">Sabine Soeder<\/a> ist Organisationsentwicklerin, die mit Bildern arbeitet. Worte und Ideen in Symbolen und Bildern zu visualisieren ist Ihre Expertise. Unsere Kollegin und gesch\u00e4tzte Kooperations-<br \/>\npartnerin f\u00fcr die Co-Moderation von Gro\u00dfveranstaltungen, Team-Workshops oder Ihre ganz individuellen Pr\u00e4sentations-Charts.<\/p>\n<\/div><div class=\"fusion-clearfix\"><\/div><\/div><\/div><div class=\"fusion-layout-column fusion_builder_column fusion-builder-column-5 fusion_builder_column_1_3 1_3 fusion-one-third\" style=\"--awb-bg-size:cover;width:30.6666%; margin-right: 4%;\"><div class=\"fusion-column-wrapper fusion-flex-column-wrapper-legacy\"><div class=\"fusion-image-element in-legacy-container\" style=\"--awb-caption-title-font-family:var(--h2_typography-font-family);--awb-caption-title-font-weight:var(--h2_typography-font-weight);--awb-caption-title-font-style:var(--h2_typography-font-style);--awb-caption-title-size:var(--h2_typography-font-size);--awb-caption-title-transform:var(--h2_typography-text-transform);--awb-caption-title-line-height:var(--h2_typography-line-height);--awb-caption-title-letter-spacing:var(--h2_typography-letter-spacing);\"><span class=\" fusion-imageframe imageframe-none imageframe-5 hover-type-none\"><a class=\"fusion-no-lightbox\" href=\"http:\/\/www.bow-life.de\/\" target=\"_blank\" rel=\"noopener noreferrer\"><img decoding=\"async\" src=\"http:\/\/algarrother.com\/wp-content\/uploads\/2016\/09\/bowlife_logo.png\" alt class=\"img-responsive\"\/><\/a><\/span><\/div><div class=\"fusion-text fusion-text-6\"><p>Teambuilding und Einzelcoaching mal anders:<br \/>\nIn Zusammenarbeit mit unserem Kooperationspartner Andreas Schneider und seinem Team <a href=\"http:\/\/www.bow-life.de\/trainer.html\" target=\"_blank\" rel=\"noopener noreferrer\">BOW-life<\/a> &#8211; intuitives Bogenschie\u00dfen, auf einem wundersch\u00f6nen Schlossareal im Hohenlohischen.<\/p>\n<\/div><div class=\"fusion-clearfix\"><\/div><\/div><\/div><div class=\"fusion-layout-column fusion_builder_column fusion-builder-column-6 fusion_builder_column_1_3 1_3 fusion-one-third fusion-column-last\" style=\"--awb-bg-size:cover;width:30.6666%;\"><div class=\"fusion-column-wrapper fusion-flex-column-wrapper-legacy\"><div class=\"fusion-image-element in-legacy-container\" style=\"--awb-caption-title-font-family:var(--h2_typography-font-family);--awb-caption-title-font-weight:var(--h2_typography-font-weight);--awb-caption-title-font-style:var(--h2_typography-font-style);--awb-caption-title-size:var(--h2_typography-font-size);--awb-caption-title-transform:var(--h2_typography-text-transform);--awb-caption-title-line-height:var(--h2_typography-line-height);--awb-caption-title-letter-spacing:var(--h2_typography-letter-spacing);\"><span class=\" fusion-imageframe imageframe-none imageframe-6 hover-type-none\"><a class=\"fusion-no-lightbox\" href=\"http:\/\/www.connectworlds.org\/de\/welten-verbinden\" target=\"_blank\" rel=\"noopener noreferrer\"><img decoding=\"async\" src=\"http:\/\/algarrother.com\/wp-content\/uploads\/2016\/09\/connect_worlds_logo.png\" alt class=\"img-responsive\"\/><\/a><\/span><\/div><div class=\"fusion-text fusion-text-7\"><p><a href=\"http:\/\/www.connectworlds.org\/de\/welten-verbinden\" target=\"_blank\" rel=\"noopener noreferrer\">Dr. Christina Zech<\/a>, Weltsalon-Gr\u00fcnderin und Initiatorin weltumspannender Salon-Veranstaltungen. Wir unterst\u00fctzen ihr gro\u00dfes Anliegen, vorbehaltlos Welten zu verbinden.<\/p>\n<\/div><div class=\"fusion-clearfix\"><\/div><\/div><\/div><\/div><\/div>\n","protected":false},"excerpt":{"rendered":"","protected":false},"author":1,"featured_media":0,"parent":0,"menu_order":0,"comment_status":"closed","ping_status":"closed","template":"","meta":{"footnotes":""},"class_list":["post-1020","page","type-page","status-publish","hentry"],"_links":{"self":[{"href":"https:\/\/algarrother.com\/index.php\/wp-json\/wp\/v2\/pages\/1020","targetHints":{"allow":["GET"]}}],"collection":[{"href":"https:\/\/algarrother.com\/index.php\/wp-json\/wp\/v2\/pages"}],"about":[{"href":"https:\/\/algarrother.com\/index.php\/wp-json\/wp\/v2\/types\/page"}],"author":[{"embeddable":true,"href":"https:\/\/algarrother.com\/index.php\/wp-json\/wp\/v2\/users\/1"}],"replies":[{"embeddable":true,"href":"https:\/\/algarrother.com\/index.php\/wp-json\/wp\/v2\/comments?post=1020"}],"version-history":[{"count":4,"href":"https:\/\/algarrother.com\/index.php\/wp-json\/wp\/v2\/pages\/1020\/revisions"}],"predecessor-version":[{"id":4935,"href":"https:\/\/algarrother.com\/index.php\/wp-json\/wp\/v2\/pages\/1020\/revisions\/4935"}],"wp:attachment":[{"href":"https:\/\/algarrother.com\/index.php\/wp-json\/wp\/v2\/media?parent=1020"}],"curies":[{"name":"wp","href":"https:\/\/api.w.org\/{rel}","templated":true}]}}